{"id":312106,"date":"2022-01-20T15:29:45","date_gmt":"2022-01-20T21:30:03","guid":{"rendered":"https:\/\/beesecure.ca\/product\/hawx-obd-ii-traqueur-gps-cellulaire-lte\/"},"modified":"2022-10-11T16:39:03","modified_gmt":"2022-10-11T22:39:03","slug":"hawx-obd-ii-lte-cellulaire-traceur-gps","status":"publish","type":"product","link":"https:\/\/beesecure.ca\/fr\/produit\/hawx-obd-ii-lte-cellulaire-traceur-gps\/","title":{"rendered":"Hawx-OBD II &#8211; Traqueur GPS cellulaire LTE"},"content":{"rendered":"<p>Le Hawx-OBD II mesure l&#8217;emplacement, la vitesse, la direction et la temp\u00e9rature pour prot\u00e9ger vos biens. Les points de donn\u00e9es GPS sont enregistr\u00e9s lors du mouvement \u00e0 des intervalles de 60 secondes et t\u00e9l\u00e9charg\u00e9s sur l&#8217;application BeeSecure pour un suivi et une r\u00e9cup\u00e9ration des actifs en temps r\u00e9el.<b><span class=\"Apple-converted-space\"> <\/span><\/b><\/p>\n<p>Avec une connexion filaire, le Hawx-OBD II ne repose pas sur des piles pour fonctionner. Connectez-vous simplement au port OBD II de votre v\u00e9hicule sous le volant et commencez le suivi ! Le Hawx-OBD II passe en mode veille jusqu&#8217;\u00e0 ce qu&#8217;un mouvement se produise pour conserver la dur\u00e9e de vie de la batterie de votre v\u00e9hicule et optimiser l&#8217;utilisation des donn\u00e9es.<\/p>\n<p>Des frais mensuels de 12,99 $ CAD vous donnent un acc\u00e8s complet \u00e0 l&#8217;application BeeSecure, o\u00f9 les donn\u00e9es sont t\u00e9l\u00e9charg\u00e9es en temps r\u00e9el pour vous fournir une cartographie GPS, un historique des \u00e9v\u00e9nements, une g\u00e9olocalisation et plus encore&nbsp;!<span class=\"Apple-converted-space\"> <\/span><\/p>\n<p>Mettez votre abonnement en pause \u00e0 tout moment, ce qui r\u00e9duit vos frais mensuels \u00e0 3,99 $ CA.<\/p>\n","protected":false},"excerpt":{"rendered":"<p>Le Hawx-OBD II est un appareil de suivi GPS l\u00e9ger et facile \u00e0 installer<b> <\/b>qui utilise une connexion directe au port OBD II. Cet appareil est con\u00e7u pour suivre les actifs motoris\u00e9s tels que les voitures, les VUS et les camions de livraison afin de r\u00e9duire le vol gr\u00e2ce au suivi des actifs.<\/p>\n<p>Le Hawx-OBD II est enti\u00e8rement int\u00e9gr\u00e9 \u00e0 l&#8217;application BeeSecure pour fournir des donn\u00e9es pr\u00e9cises sur l&#8217;emplacement, la direction, la vitesse et la temp\u00e9rature sans sacrifier la fr\u00e9quence des mises \u00e0 jour.<\/p>\n","protected":false},"featured_media":311775,"template":"","meta":{"_seopress_robots_primary_cat":"none","_seopress_titles_title":"","_seopress_titles_desc":"","_seopress_robots_index":"","_et_pb_use_builder":"on","_et_pb_old_content":"","_et_gb_content_width":""},"product_brand":[],"product_cat":[117,118],"product_tag":[],"class_list":{"0":"post-312106","1":"product","2":"type-product","3":"status-publish","4":"has-post-thumbnail","6":"product_cat-jai-besoin-dune-solution-cellulaire","7":"product_cat-surveiller-a-distance-les-actifs-suivi-gps","8":"product_shipping_class-des-produits","10":"first","11":"instock","12":"taxable","13":"shipping-taxable","14":"purchasable","15":"product-type-simple"},"jetpack_sharing_enabled":true,"_links":{"self":[{"href":"https:\/\/beesecure.ca\/fr\/wp-json\/wp\/v2\/product\/312106","targetHints":{"allow":["GET"]}}],"collection":[{"href":"https:\/\/beesecure.ca\/fr\/wp-json\/wp\/v2\/product"}],"about":[{"href":"https:\/\/beesecure.ca\/fr\/wp-json\/wp\/v2\/types\/product"}],"wp:featuredmedia":[{"embeddable":true,"href":"https:\/\/beesecure.ca\/fr\/wp-json\/wp\/v2\/media\/311775"}],"wp:attachment":[{"href":"https:\/\/beesecure.ca\/fr\/wp-json\/wp\/v2\/media?parent=312106"}],"wp:term":[{"taxonomy":"product_brand","embeddable":true,"href":"https:\/\/beesecure.ca\/fr\/wp-json\/wp\/v2\/product_brand?post=312106"},{"taxonomy":"product_cat","embeddable":true,"href":"https:\/\/beesecure.ca\/fr\/wp-json\/wp\/v2\/product_cat?post=312106"},{"taxonomy":"product_tag","embeddable":true,"href":"https:\/\/beesecure.ca\/fr\/wp-json\/wp\/v2\/product_tag?post=312106"}],"curies":[{"name":"wp","href":"https:\/\/api.w.org\/{rel}","templated":true}]}}