{"id":306156,"date":"2020-05-12T22:39:59","date_gmt":"2021-10-20T20:31:17","guid":{"rendered":"https:\/\/beesecure.ca\/product\/moniteur-de-niveau-a-ultrasons-capteur-lora\/"},"modified":"2023-11-25T10:36:47","modified_gmt":"2023-11-25T16:36:47","slug":"moniteur-de-niveau-a-ultrasons-capteur-lora","status":"publish","type":"product","link":"https:\/\/beesecure.ca\/fr\/produit\/moniteur-de-niveau-a-ultrasons-capteur-lora\/","title":{"rendered":"Moniteur de niveau \u00e0 ultrasons &#8211; Capteur LoRa"},"content":{"rendered":"<p>[et_pb_section fb_built=&#8221;1&#8243; _builder_version=&#8221;3.22&#8243; custom_padding=&#8221;0px||||false|false&#8221; global_colors_info=&#8221;{}&#8221;][et_pb_row _builder_version=&#8221;3.25&#8243; background_size=&#8221;initial&#8221; background_position=&#8221;top_left&#8221; background_repeat=&#8221;repeat&#8221; width=&#8221;100%&#8221; custom_padding=&#8221;0px||0px||false|false&#8221; global_colors_info=&#8221;{}&#8221;][et_pb_column type=&#8221;4_4&#8243; _builder_version=&#8221;3.25&#8243; custom_padding=&#8221;|||&#8221; global_colors_info=&#8221;{}&#8221; custom_padding__hover=&#8221;|||&#8221;][et_pb_wc_breadcrumb _builder_version=%223.0.47%22 global_colors_info=%22{}%22][\/et_pb_wc_breadcrumb]<br \/>\n          [et_pb_wc_cart_notice global_colors_info=%22{}%22][\/et_pb_wc_cart_notice][\/et_pb_column][\/et_pb_row][et_pb_row column_structure=&#8221;1_2,1_2&#8243; _builder_version=&#8221;3.25&#8243; background_size=&#8221;initial&#8221; background_position=&#8221;top_left&#8221; background_repeat=&#8221;repeat&#8221; width=&#8221;100%&#8221; custom_padding=&#8221;0px||||false|false&#8221; global_colors_info=&#8221;{}&#8221;][et_pb_column type=&#8221;1_2&#8243; _builder_version=&#8221;3.25&#8243; custom_padding=&#8221;|||&#8221; global_colors_info=&#8221;{}&#8221; custom_padding__hover=&#8221;|||&#8221;][et_pb_wc_images _builder_version=%223.0.47%22 global_colors_info=%22{}%22][\/et_pb_wc_images][\/et_pb_column][et_pb_column type=&#8221;1_2&#8243; _builder_version=&#8221;3.25&#8243; custom_padding=&#8221;|||&#8221; global_colors_info=&#8221;{}&#8221; custom_padding__hover=&#8221;|||&#8221;][et_pb_wc_title _builder_version=&#8221;3.0.47&#8243; global_colors_info=&#8221;{}&#8221;][\/et_pb_wc_title][et_pb_wc_rating _builder_version=&#8221;3.0.47&#8243; global_colors_info=&#8221;{}&#8221;][\/et_pb_wc_rating][et_pb_wc_price _builder_version=&#8221;3.0.47&#8243; global_colors_info=&#8221;{}&#8221;][\/et_pb_wc_price][et_pb_wc_description _builder_version=&#8221;3.0.47&#8243; global_colors_info=&#8221;{}&#8221;][\/et_pb_wc_description][et_pb_wc_add_to_cart global_colors_info=&#8221;{}&#8221;][\/et_pb_wc_add_to_cart][et_pb_wc_meta _builder_version=&#8221;3.0.47&#8243; global_colors_info=&#8221;{}&#8221;][\/et_pb_wc_meta][\/et_pb_column][\/et_pb_row][et_pb_row _builder_version=&#8221;3.25&#8243; background_size=&#8221;initial&#8221; background_position=&#8221;top_left&#8221; background_repeat=&#8221;repeat&#8221; width=&#8221;100%&#8221; global_colors_info=&#8221;{}&#8221;][et_pb_column type=&#8221;4_4&#8243; _builder_version=&#8221;3.25&#8243; custom_padding=&#8221;|||&#8221; global_colors_info=&#8221;{}&#8221; custom_padding__hover=&#8221;|||&#8221;][et_pb_wc_tabs _builder_version=%223.0.47%22 global_colors_info=%22{}%22] [\/et_pb_wc_tabs]<br \/>\n          [et_pb_wc_upsells _builder_version=%223.0.47%22 global_colors_info=%22{}%22][\/et_pb_wc_upsells]<br \/>\n          [et_pb_wc_related_products _builder_version=%223.0.47%22 global_colors_info=%22{}%22][\/et_pb_wc_related_products][\/et_pb_column][\/et_pb_row][\/et_pb_section]<\/p>\n","protected":false},"excerpt":{"rendered":"<p>Le capteur de profondeur \u00e0 ultrasons fournit des mesures de profondeur tr\u00e8s pr\u00e9cises pour une vari\u00e9t\u00e9 d&#8217;applications. Utilisez cet appareil pour mesurer les niveaux de remplissage dans les r\u00e9servoirs de miel, d&#8217;huile, d&#8217;eaux us\u00e9es et plus encore&nbsp;! Avec une autonomie de batterie allant jusqu&#8217;\u00e0 10 ans et une durabilit\u00e9 extr\u00eame, cet appareil est parfait pour une utilisation ext\u00e9rieure et industrielle.<\/p>\n<p>Cet appareil se connecte via le r\u00e9seau LoRa (configuration suppl\u00e9mentaire requise).<\/p>\n","protected":false},"featured_media":305812,"template":"","meta":{"_seopress_robots_primary_cat":"none","_seopress_titles_title":"","_seopress_titles_desc":"","_seopress_robots_index":"","_et_pb_use_builder":"on","_et_pb_old_content":"The Ultrasonic Depth Sensor delivers extremely accurate depth measurements, within 1% of the detected range. Adaptable to several harsh environments, this non-contact depth level sensor is suitable for detecting the depth of corrosive and non-corrosive materials in ranges of up to 10 meters. \r\n\r\nSeamless integration with our dashboard allows you to gain real-time data to manage your inventory and prevent leaks, floods, spills, and more! Set up custom alerts by SMS, call, and email to prevent errors and safely monitor chemical, water, and\/or agricultural resources like grains and honey.","_et_gb_content_width":""},"product_brand":[],"product_cat":[116,115],"product_tag":[124,125],"class_list":{"0":"post-306156","1":"product","2":"type-product","3":"status-publish","4":"has-post-thumbnail","6":"product_cat-jai-besoin-dune-solution-longue-portee-reseau-lora","7":"product_cat-surveiller-a-distance-la-propriete-temperature-niveaux-deau-qualite-de-lair-securite","8":"product_tag-lora-fr","9":"product_tag-niveau-de-liquide","11":"first","12":"outofstock","13":"taxable","14":"shipping-taxable","15":"purchasable","16":"product-type-simple"},"jetpack_sharing_enabled":true,"_links":{"self":[{"href":"https:\/\/beesecure.ca\/fr\/wp-json\/wp\/v2\/product\/306156","targetHints":{"allow":["GET"]}}],"collection":[{"href":"https:\/\/beesecure.ca\/fr\/wp-json\/wp\/v2\/product"}],"about":[{"href":"https:\/\/beesecure.ca\/fr\/wp-json\/wp\/v2\/types\/product"}],"wp:featuredmedia":[{"embeddable":true,"href":"https:\/\/beesecure.ca\/fr\/wp-json\/wp\/v2\/media\/305812"}],"wp:attachment":[{"href":"https:\/\/beesecure.ca\/fr\/wp-json\/wp\/v2\/media?parent=306156"}],"wp:term":[{"taxonomy":"product_brand","embeddable":true,"href":"https:\/\/beesecure.ca\/fr\/wp-json\/wp\/v2\/product_brand?post=306156"},{"taxonomy":"product_cat","embeddable":true,"href":"https:\/\/beesecure.ca\/fr\/wp-json\/wp\/v2\/product_cat?post=306156"},{"taxonomy":"product_tag","embeddable":true,"href":"https:\/\/beesecure.ca\/fr\/wp-json\/wp\/v2\/product_tag?post=306156"}],"curies":[{"name":"wp","href":"https:\/\/api.w.org\/{rel}","templated":true}]}}