{"id":306148,"date":"2021-05-11T09:19:06","date_gmt":"2021-10-20T20:31:13","guid":{"rendered":"https:\/\/beesecure.ca\/product\/lynx-traqueur-gps-lora-traqueur-pour-animaux-de-compagnie\/"},"modified":"2023-05-07T05:09:35","modified_gmt":"2023-05-07T11:09:35","slug":"lynx-traqueur-gps-lora-traqueur-pour-animaux-de-compagnie","status":"publish","type":"product","link":"https:\/\/beesecure.ca\/fr\/produit\/lynx-traqueur-gps-lora-traqueur-pour-animaux-de-compagnie\/","title":{"rendered":"Lynx Pet Tracker &#8211; Traqueur GPS LoRa"},"content":{"rendered":"<p>[et_pb_section fb_built=&#8221;1&#8243; _builder_version=&#8221;4.16&#8243; _dynamic_attributes=&#8221;background_image&#8221; background_color=&#8221;rgba(0,0,0,0.8)&#8221; background_image=&#8221;@ET-DC@eyJkeW5hbWljIjp0cnVlLCJjb250ZW50IjoicG9zdF9mZWF0dXJlZF9pbWFnZSIsInNldHRpbmdzIjp7fX0=@&#8221; background_blend=&#8221;multiply&#8221; custom_padding=&#8221;132px||132px|||&#8221; global_colors_info=&#8221;{}&#8221; theme_builder_area=&#8221;post_content&#8221;][et_pb_row _builder_version=&#8221;4.16&#8243; global_colors_info=&#8221;{}&#8221; theme_builder_area=&#8221;post_content&#8221;][et_pb_column type=&#8221;4_4&#8243; _builder_version=&#8221;4.16&#8243; global_colors_info=&#8221;{}&#8221; theme_builder_area=&#8221;post_content&#8221;][et_pb_wc_title _builder_version=&#8221;4.16&#8243; header_font=&#8221;Poppins|||on|||||&#8221; header_text_align=&#8221;left&#8221; header_text_color=&#8221;#f8eace&#8221; header_font_size=&#8221;35px&#8221; global_colors_info=&#8221;{}&#8221; theme_builder_area=&#8221;post_content&#8221;][\/et_pb_wc_title][\/et_pb_column][\/et_pb_row][et_pb_row _builder_version=&#8221;4.16&#8243; global_colors_info=&#8221;{}&#8221; theme_builder_area=&#8221;post_content&#8221;][et_pb_column type=&#8221;4_4&#8243; _builder_version=&#8221;4.16&#8243; global_colors_info=&#8221;{}&#8221; theme_builder_area=&#8221;post_content&#8221;][et_pb_wc_breadcrumb _builder_version=&#8221;4.16&#8243; body_font=&#8221;Poppins||||||||&#8221; body_text_color=&#8221;#b3b3b3&#8243; body_font_size=&#8221;12px&#8221; global_colors_info=&#8221;{}&#8221; theme_builder_area=&#8221;post_content&#8221;][\/et_pb_wc_breadcrumb][\/et_pb_column][\/et_pb_row][\/et_pb_section][et_pb_section fb_built=&#8221;1&#8243; _builder_version=&#8221;4.16&#8243; global_colors_info=&#8221;{}&#8221; theme_builder_area=&#8221;post_content&#8221;][et_pb_row column_structure=&#8221;1_2,1_2&#8243; _builder_version=&#8221;4.16&#8243; global_colors_info=&#8221;{}&#8221; theme_builder_area=&#8221;post_content&#8221;][et_pb_column type=&#8221;1_2&#8243; _builder_version=&#8221;4.16&#8243; global_colors_info=&#8221;{}&#8221; theme_builder_area=&#8221;post_content&#8221;][et_pb_wc_images force_fullwidth=&#8221;on&#8221; _builder_version=&#8221;4.16&#8243; background_color=&#8221;rgba(214,214,214,0.87)&#8221; border_radii=&#8221;on|4px|4px|4px|4px&#8221; box_shadow_style=&#8221;preset2&#8243; global_colors_info=&#8221;{}&#8221; theme_builder_area=&#8221;post_content&#8221;][\/et_pb_wc_images][\/et_pb_column][et_pb_column type=&#8221;1_2&#8243; _builder_version=&#8221;4.16&#8243; global_colors_info=&#8221;{}&#8221; theme_builder_area=&#8221;post_content&#8221;][et_pb_wc_title _builder_version=&#8221;4.16&#8243; header_font=&#8221;Poppins||||||||&#8221; header_text_color=&#8221;#00457a&#8221; global_colors_info=&#8221;{}&#8221; theme_builder_area=&#8221;post_content&#8221;][\/et_pb_wc_title][et_pb_wc_description _builder_version=&#8221;4.16&#8243; body_font=&#8221;Poppins||||||||&#8221; body_text_color=&#8221;#3f3f3f&#8221; body_font_size=&#8221;16px&#8221; global_colors_info=&#8221;{}&#8221; theme_builder_area=&#8221;post_content&#8221;][\/et_pb_wc_description][et_pb_wc_price _builder_version=&#8221;4.16&#8243; body_font=&#8221;Poppins|700|||||||&#8221; body_text_color=&#8221;#e09900&#8243; body_font_size=&#8221;32px&#8221; global_colors_info=&#8221;{}&#8221; theme_builder_area=&#8221;post_content&#8221;][\/et_pb_wc_price][et_pb_wc_add_to_cart _builder_version=&#8221;4.16&#8243; fields_background_color=&#8221;#e58948&#8243; dropdown_menus_background_color=&#8221;#b3b3b3&#8243; field_label_font=&#8221;Poppins|700||on|||||&#8221; fields_font=&#8221;|700|||||||&#8221; dropdown_menus_font=&#8221;Poppins||||||||&#8221; dropdown_menus_font_size=&#8221;14px&#8221; custom_button=&#8221;on&#8221; button_text_size=&#8221;17px&#8221; button_text_color=&#8221;#ffffff&#8221; button_bg_color=&#8221;#E09900&#8243; button_border_width=&#8221;2px&#8221; button_border_color=&#8221;#f8eace&#8221; button_border_radius=&#8221;9px&#8221; button_font=&#8221;Poppins||||||||&#8221; body_font=&#8221;Poppins|700||on|||||&#8221; global_colors_info=&#8221;{}&#8221; theme_builder_area=&#8221;post_content&#8221;][\/et_pb_wc_add_to_cart][et_pb_wc_rating disabled_on=&#8221;off|off|off&#8221; _builder_version=&#8221;4.16&#8243; rating_text_color=&#8221;#00457a&#8221; rating_font_size=&#8221;20px&#8221; rating_letter_spacing=&#8221;4px&#8221; body_font=&#8221;Poppins||||||||&#8221; body_text_color=&#8221;#8a675c&#8221; body_font_size=&#8221;18px&#8221; global_colors_info=&#8221;{}&#8221; theme_builder_area=&#8221;post_content&#8221;][\/et_pb_wc_rating][et_pb_wc_meta _builder_version=&#8221;4.16&#8243; body_font=&#8221;Poppins||||||||&#8221; body_text_color=&#8221;#8f8f8f&#8221; global_colors_info=&#8221;{}&#8221; theme_builder_area=&#8221;post_content&#8221;][\/et_pb_wc_meta][\/et_pb_column][\/et_pb_row][\/et_pb_section][et_pb_section fb_built=&#8221;1&#8243; _builder_version=&#8221;4.16&#8243; global_colors_info=&#8221;{}&#8221; theme_builder_area=&#8221;post_content&#8221;][et_pb_row _builder_version=&#8221;4.16&#8243; global_colors_info=&#8221;{}&#8221; theme_builder_area=&#8221;post_content&#8221;][et_pb_column type=&#8221;4_4&#8243; _builder_version=&#8221;4.16&#8243; global_colors_info=&#8221;{}&#8221; theme_builder_area=&#8221;post_content&#8221;][et_pb_toggle title=&#8221;La description&#8221; open_toggle_text_color=&#8221;#474747&#8243; icon_color=&#8221;#000000&#8243; use_icon_font_size=&#8221;on&#8221; icon_font_size=&#8221;31px&#8221; open_icon_color=&#8221;#000000&#8243; open_use_icon_font_size=&#8221;on&#8221; open_icon_font_size=&#8221;31px&#8221; _builder_version=&#8221;4.16&#8243; _dynamic_attributes=&#8221;content&#8221; title_text_color=&#8221;#474747&#8243; title_level=&#8221;h1&#8243; title_font=&#8221;Poppins||||||||&#8221; body_font=&#8221;Poppins||||||||&#8221; body_text_color=&#8221;#474747&#8243; background_color=&#8221;rgba(214,214,214,0.63)&#8221; text_orientation=&#8221;left&#8221; global_colors_info=&#8221;{}&#8221; theme_builder_area=&#8221;post_content&#8221;]@ET-DC@eyJkeW5hbWljIjp0cnVlLCJjb250ZW50IjoicHJvZHVjdF9kZXNjcmlwdGlvbiIsInNldHRpbmdzIjp7ImJlZm9yZSI6IiIsImFmdGVyIjoiIn19@[\/et_pb_toggle][\/et_pb_column][\/et_pb_row][\/et_pb_section][et_pb_section fb_built=&#8221;1&#8243; _builder_version=&#8221;4.16&#8243; background_color=&#8221;rgba(0,0,0,0.77)&#8221; global_colors_info=&#8221;{}&#8221; theme_builder_area=&#8221;post_content&#8221;][et_pb_row _builder_version=&#8221;4.16&#8243; global_colors_info=&#8221;{}&#8221; theme_builder_area=&#8221;post_content&#8221;][et_pb_column type=&#8221;4_4&#8243; _builder_version=&#8221;4.16&#8243; global_colors_info=&#8221;{}&#8221; theme_builder_area=&#8221;post_content&#8221;][et_pb_wc_related_products icon_hover_color=&#8221;#474747&#8243; hover_overlay_color=&#8221;#6b6b6b&#8221; _builder_version=&#8221;4.16&#8243; title_font=&#8221;Poppins|700|||||||&#8221; title_text_color=&#8221;#ffffff&#8221; rating_text_align=&#8221;left&#8221; rating_font_size=&#8221;22px&#8221; rating_letter_spacing=&#8221;9px&#8221; product_title_font=&#8221;Poppins||||||||&#8221; product_title_text_align=&#8221;center&#8221; product_title_text_color=&#8221;#ffffff&#8221; product_title_font_size=&#8221;16px&#8221; product_title_line_height=&#8221;1.1em&#8221; price_font=&#8221;Poppins||||||||&#8221; price_text_align=&#8221;left&#8221; border_radii_image=&#8221;on|4px|4px|4px|4px&#8221; global_colors_info=&#8221;{}&#8221; theme_builder_area=&#8221;post_content&#8221;][\/et_pb_wc_related_products][\/et_pb_column][\/et_pb_row][\/et_pb_section]<\/p>\n","protected":false},"excerpt":{"rendered":"<p>Un dispositif de suivi discret et l\u00e9ger pour vous \u00e9viter de vous soucier de l\u2019endroit o\u00f9 se trouve votre animal. Le Lynx Pet Tracker se fixe au collier de votre animal pour surveiller sa position, se synchronise avec l\u2019application BeeSecure pour fournir des cartes, un historique de localisation et des alertes SMS et courriel en temps r\u00e9el. Cet appareil se connecte via le r\u00e9seau LoRa (configuration suppl\u00e9mentaire requise).<\/p>\n","protected":false},"featured_media":312298,"template":"","meta":{"_seopress_robots_primary_cat":"none","_seopress_titles_title":"","_seopress_titles_desc":"","_seopress_robots_index":"","_et_pb_use_builder":"on","_et_pb_old_content":"Fi\u00e8rement de la Saskatchewan, le Lynx est fabriqu\u00e9 et fabriqu\u00e9 localement \u00e0 partir de notre si\u00e8ge social \u00e0 Saskatoon, SK, Canada. Avec une batterie rechargeable et un design compact, cet appareil est parfait pour suivre et localiser les animaux de toutes tailles.<span class=\"Apple-converted-space\"> <\/span>\n\nLes points GPS sont suivis lors du mouvement pour r\u00e9duire l'utilisation de la batterie et sont enregistr\u00e9s \u00e0 des intervalles de 120 secondes. En mouvement, les donn\u00e9es sont t\u00e9l\u00e9charg\u00e9es sur l'application BeeSecure toutes les 10 minutes (configurations personnalis\u00e9es disponibles) pour fournir des actualisations fr\u00e9quentes sur les temp\u00e9ratures ext\u00e9rieures et l'\u00e9tat de l'emplacement et la direction de votre animal. Restez sans souci en sachant que l'emplacement de votre animal est surveill\u00e9, avec des actualisations par SMS et par courriel vous alertant de toute activit\u00e9 de mouvement se produisant en dehors d'une plage pr\u00e9-sp\u00e9cifi\u00e9e.","_et_gb_content_width":""},"product_brand":[],"product_cat":[116,123],"product_tag":[],"class_list":{"0":"post-306148","1":"product","2":"type-product","3":"status-publish","4":"has-post-thumbnail","6":"product_cat-jai-besoin-dune-solution-longue-portee-reseau-lora","7":"product_cat-protegez-mon-animal-de-compagnie-ou-mon-velo-suivi-gps","8":"product_shipping_class-des-produits","10":"first","11":"outofstock","12":"taxable","13":"shipping-taxable","14":"purchasable","15":"product-type-simple"},"jetpack_sharing_enabled":true,"_links":{"self":[{"href":"https:\/\/beesecure.ca\/fr\/wp-json\/wp\/v2\/product\/306148","targetHints":{"allow":["GET"]}}],"collection":[{"href":"https:\/\/beesecure.ca\/fr\/wp-json\/wp\/v2\/product"}],"about":[{"href":"https:\/\/beesecure.ca\/fr\/wp-json\/wp\/v2\/types\/product"}],"wp:featuredmedia":[{"embeddable":true,"href":"https:\/\/beesecure.ca\/fr\/wp-json\/wp\/v2\/media\/312298"}],"wp:attachment":[{"href":"https:\/\/beesecure.ca\/fr\/wp-json\/wp\/v2\/media?parent=306148"}],"wp:term":[{"taxonomy":"product_brand","embeddable":true,"href":"https:\/\/beesecure.ca\/fr\/wp-json\/wp\/v2\/product_brand?post=306148"},{"taxonomy":"product_cat","embeddable":true,"href":"https:\/\/beesecure.ca\/fr\/wp-json\/wp\/v2\/product_cat?post=306148"},{"taxonomy":"product_tag","embeddable":true,"href":"https:\/\/beesecure.ca\/fr\/wp-json\/wp\/v2\/product_tag?post=306148"}],"curies":[{"name":"wp","href":"https:\/\/api.w.org\/{rel}","templated":true}]}}