{"id":306143,"date":"2019-01-03T15:56:17","date_gmt":"2021-10-20T20:31:10","guid":{"rendered":"https:\/\/beesecure.ca\/product\/traqueur-gps-panther-lora\/"},"modified":"2022-10-11T16:39:02","modified_gmt":"2022-10-11T22:39:02","slug":"traqueur-gps-panther-lora","status":"publish","type":"product","link":"https:\/\/beesecure.ca\/fr\/produit\/traqueur-gps-panther-lora\/","title":{"rendered":"Panther- Tracker GPS LoRa"},"content":{"rendered":"<p>[et_pb_section fb_built=&#8221;1&#8243; _builder_version=&#8221;3.22&#8243; custom_padding=&#8221;0px||||false|false&#8221; global_colors_info=&#8221;{}&#8221; theme_builder_area=&#8221;post_content&#8221;][et_pb_row _builder_version=&#8221;3.25&#8243; background_size=&#8221;initial&#8221; background_position=&#8221;top_left&#8221; background_repeat=&#8221;repeat&#8221; width=&#8221;100%&#8221; custom_padding=&#8221;0px||0px||false|false&#8221; global_colors_info=&#8221;{}&#8221; theme_builder_area=&#8221;post_content&#8221;][et_pb_column type=&#8221;4_4&#8243; _builder_version=&#8221;3.25&#8243; custom_padding=&#8221;|||&#8221; global_colors_info=&#8221;{}&#8221; custom_padding__hover=&#8221;|||&#8221; theme_builder_area=&#8221;post_content&#8221;][et_pb_wc_breadcrumb _builder_version=&#8221;%223.0.47%22&#8243; global_colors_info=&#8221;%22{}%22&#8243; theme_builder_area=&#8221;post_content&#8221;][\/et_pb_wc_breadcrumb][et_pb_wc_cart_notice global_colors_info=&#8221;%22{}%22&#8243; theme_builder_area=&#8221;post_content&#8221;][\/et_pb_wc_cart_notice][\/et_pb_column][\/et_pb_row][et_pb_row column_structure=&#8221;1_2,1_2&#8243; _builder_version=&#8221;3.25&#8243; background_size=&#8221;initial&#8221; background_position=&#8221;top_left&#8221; background_repeat=&#8221;repeat&#8221; width=&#8221;100%&#8221; custom_padding=&#8221;0px||||false|false&#8221; global_colors_info=&#8221;{}&#8221; theme_builder_area=&#8221;post_content&#8221;][et_pb_column type=&#8221;1_2&#8243; _builder_version=&#8221;3.25&#8243; custom_padding=&#8221;|||&#8221; global_colors_info=&#8221;{}&#8221; custom_padding__hover=&#8221;|||&#8221; theme_builder_area=&#8221;post_content&#8221;][et_pb_wc_images _builder_version=&#8221;%223.0.47%22&#8243; global_colors_info=&#8221;%22{}%22&#8243; theme_builder_area=&#8221;post_content&#8221;][\/et_pb_wc_images][\/et_pb_column][et_pb_column type=&#8221;1_2&#8243; _builder_version=&#8221;3.25&#8243; custom_padding=&#8221;|||&#8221; global_colors_info=&#8221;{}&#8221; custom_padding__hover=&#8221;|||&#8221; theme_builder_area=&#8221;post_content&#8221;][et_pb_wc_title _builder_version=&#8221;3.0.47&#8243; global_colors_info=&#8221;{}&#8221; theme_builder_area=&#8221;post_content&#8221;][\/et_pb_wc_title][et_pb_wc_rating _builder_version=&#8221;3.0.47&#8243; global_colors_info=&#8221;{}&#8221; theme_builder_area=&#8221;post_content&#8221;][\/et_pb_wc_rating][et_pb_wc_price _builder_version=&#8221;3.0.47&#8243; global_colors_info=&#8221;{}&#8221; theme_builder_area=&#8221;post_content&#8221;][\/et_pb_wc_price][et_pb_wc_description _builder_version=&#8221;3.0.47&#8243; global_colors_info=&#8221;{}&#8221; theme_builder_area=&#8221;post_content&#8221;][\/et_pb_wc_description][et_pb_wc_add_to_cart global_colors_info=&#8221;{}&#8221; theme_builder_area=&#8221;post_content&#8221;][\/et_pb_wc_add_to_cart][et_pb_wc_meta _builder_version=&#8221;3.0.47&#8243; global_colors_info=&#8221;{}&#8221; theme_builder_area=&#8221;post_content&#8221;][\/et_pb_wc_meta][\/et_pb_column][\/et_pb_row][et_pb_row _builder_version=&#8221;3.25&#8243; background_size=&#8221;initial&#8221; background_position=&#8221;top_left&#8221; background_repeat=&#8221;repeat&#8221; width=&#8221;100%&#8221; global_colors_info=&#8221;{}&#8221; theme_builder_area=&#8221;post_content&#8221;][et_pb_column type=&#8221;4_4&#8243; _builder_version=&#8221;3.25&#8243; custom_padding=&#8221;|||&#8221; global_colors_info=&#8221;{}&#8221; custom_padding__hover=&#8221;|||&#8221; theme_builder_area=&#8221;post_content&#8221;][et_pb_wc_tabs _builder_version=&#8221;%223.0.47%22&#8243; global_colors_info=&#8221;%22{}%22&#8243; theme_builder_area=&#8221;post_content&#8221;] [\/et_pb_wc_tabs][et_pb_wc_upsells _builder_version=&#8221;%223.0.47%22&#8243; global_colors_info=&#8221;%22{}%22&#8243; theme_builder_area=&#8221;post_content&#8221;][\/et_pb_wc_upsells][et_pb_wc_related_products _builder_version=&#8221;%223.0.47%22&#8243; global_colors_info=&#8221;%22{}%22&#8243; theme_builder_area=&#8221;post_content&#8221;][\/et_pb_wc_related_products][\/et_pb_column][\/et_pb_row][\/et_pb_section]<\/p>\n","protected":false},"excerpt":{"rendered":"<p>Le Panther est un appareil de localisation GPS compact et robuste avec jusqu&#8217;\u00e0 4 ans d&#8217;autonomie. Le Panther est mieux utilis\u00e9 pour suivre les actifs de taille moyenne tels que les VTT, les v\u00e9hicules c\u00f4te \u00e0 c\u00f4te et les petits v\u00e9hicules de sports nautiques. Restez \u00e0 jour sur l&#8217;emplacement, la vitesse, la direction et la temp\u00e9rature de vos actifs via notre application BeeSecure, o\u00f9 les donn\u00e9es sont t\u00e9l\u00e9charg\u00e9es toutes les 10 minutes (configurations personnalis\u00e9es disponibles). <\/p>\n<p>Cet appareil se connecte via le r\u00e9seau LoRa (configuration suppl\u00e9mentaire requise).<\/p>\n","protected":false},"featured_media":305798,"template":"","meta":{"_seopress_robots_primary_cat":"none","_seopress_titles_title":"","_seopress_titles_desc":"","_seopress_robots_index":"","_et_pb_use_builder":"on","_et_pb_old_content":"Activ\u00e9 lors du mouvement, le Panther optimise la dur\u00e9e de vie de la batterie tout en enregistrant les points GPS pour la localisation, la vitesse, la direction et la surveillance de la temp\u00e9rature \u00e0 120 secondes d'intervalle. En mouvement, les donn\u00e9es sont t\u00e9l\u00e9charg\u00e9es sur l'application BeeSecure toutes les 10 minutes (configurations personnalis\u00e9es disponibles) o\u00f9 vous pouvez afficher les alertes de mouvement, les horaires, l'historique des \u00e9v\u00e9nements, la zone g\u00e9ographique (geofence) et plus !\r\nM\u00eame \u00e0 l'arr\u00eat, le Panther fournit des rapports quotidiens \u00e0 l'application BeeSecure pour rassurer sa protection.","_et_gb_content_width":""},"product_brand":[],"product_cat":[116,118],"product_tag":[],"class_list":{"0":"post-306143","1":"product","2":"type-product","3":"status-publish","4":"has-post-thumbnail","6":"product_cat-jai-besoin-dune-solution-longue-portee-reseau-lora","7":"product_cat-surveiller-a-distance-les-actifs-suivi-gps","9":"first","10":"outofstock","11":"taxable","12":"shipping-taxable","13":"purchasable","14":"product-type-simple"},"jetpack_sharing_enabled":true,"_links":{"self":[{"href":"https:\/\/beesecure.ca\/fr\/wp-json\/wp\/v2\/product\/306143","targetHints":{"allow":["GET"]}}],"collection":[{"href":"https:\/\/beesecure.ca\/fr\/wp-json\/wp\/v2\/product"}],"about":[{"href":"https:\/\/beesecure.ca\/fr\/wp-json\/wp\/v2\/types\/product"}],"wp:featuredmedia":[{"embeddable":true,"href":"https:\/\/beesecure.ca\/fr\/wp-json\/wp\/v2\/media\/305798"}],"wp:attachment":[{"href":"https:\/\/beesecure.ca\/fr\/wp-json\/wp\/v2\/media?parent=306143"}],"wp:term":[{"taxonomy":"product_brand","embeddable":true,"href":"https:\/\/beesecure.ca\/fr\/wp-json\/wp\/v2\/product_brand?post=306143"},{"taxonomy":"product_cat","embeddable":true,"href":"https:\/\/beesecure.ca\/fr\/wp-json\/wp\/v2\/product_cat?post=306143"},{"taxonomy":"product_tag","embeddable":true,"href":"https:\/\/beesecure.ca\/fr\/wp-json\/wp\/v2\/product_tag?post=306143"}],"curies":[{"name":"wp","href":"https:\/\/api.w.org\/{rel}","templated":true}]}}