{"id":306142,"date":"2021-05-11T09:18:31","date_gmt":"2021-10-20T20:31:10","guid":{"rendered":"https:\/\/beesecure.ca\/product\/lynx-traqueur-gps-lora-traqueur-de-velo\/"},"modified":"2023-05-20T16:37:50","modified_gmt":"2023-05-20T22:37:50","slug":"lynx-traqueur-gps-lora-traqueur-de-velo","status":"publish","type":"product","link":"https:\/\/beesecure.ca\/fr\/produit\/lynx-traqueur-gps-lora-traqueur-de-velo\/","title":{"rendered":"Traqueur de v\u00e9lo Lynx &#8211; Traqueur GPS LoRa"},"content":{"rendered":"<p>[et_pb_section fb_built=&#8221;1&#8243; _builder_version=&#8221;4.16&#8243; custom_padding=&#8221;0px||||false|false&#8221; global_colors_info=&#8221;{}&#8221; theme_builder_area=&#8221;post_content&#8221;][et_pb_row _builder_version=&#8221;4.16&#8243; background_size=&#8221;initial&#8221; background_position=&#8221;top_left&#8221; background_repeat=&#8221;repeat&#8221; width=&#8221;100%&#8221; custom_padding=&#8221;0px||0px||false|false&#8221; global_colors_info=&#8221;{}&#8221; theme_builder_area=&#8221;post_content&#8221;][et_pb_column type=&#8221;4_4&#8243; _builder_version=&#8221;4.16&#8243; custom_padding=&#8221;|||&#8221; global_colors_info=&#8221;{}&#8221; custom_padding__hover=&#8221;|||&#8221; theme_builder_area=&#8221;post_content&#8221;][et_pb_wc_breadcrumb _builder_version=&#8221;4.16&#8243; global_colors_info=&#8221;{}&#8221; theme_builder_area=&#8221;post_content&#8221;][\/et_pb_wc_breadcrumb][et_pb_wc_cart_notice _builder_version=&#8221;4.16&#8243; global_colors_info=&#8221;{}&#8221; theme_builder_area=&#8221;post_content&#8221;][\/et_pb_wc_cart_notice][\/et_pb_column][\/et_pb_row][et_pb_row column_structure=&#8221;1_2,1_2&#8243; _builder_version=&#8221;4.16&#8243; background_size=&#8221;initial&#8221; background_position=&#8221;top_left&#8221; background_repeat=&#8221;repeat&#8221; width=&#8221;100%&#8221; custom_padding=&#8221;0px||||false|false&#8221; global_colors_info=&#8221;{}&#8221; theme_builder_area=&#8221;post_content&#8221;][et_pb_column type=&#8221;1_2&#8243; _builder_version=&#8221;4.16&#8243; custom_padding=&#8221;|||&#8221; global_colors_info=&#8221;{}&#8221; custom_padding__hover=&#8221;|||&#8221; theme_builder_area=&#8221;post_content&#8221;][et_pb_wc_images _builder_version=&#8221;4.16&#8243; global_colors_info=&#8221;{}&#8221; theme_builder_area=&#8221;post_content&#8221;][\/et_pb_wc_images][\/et_pb_column][et_pb_column type=&#8221;1_2&#8243; _builder_version=&#8221;4.16&#8243; custom_padding=&#8221;|||&#8221; global_colors_info=&#8221;{}&#8221; custom_padding__hover=&#8221;|||&#8221; theme_builder_area=&#8221;post_content&#8221;][et_pb_wc_title _builder_version=&#8221;4.16&#8243; global_colors_info=&#8221;{}&#8221; theme_builder_area=&#8221;post_content&#8221;][\/et_pb_wc_title][et_pb_wc_rating _builder_version=&#8221;4.16&#8243; global_colors_info=&#8221;{}&#8221; theme_builder_area=&#8221;post_content&#8221;][\/et_pb_wc_rating][et_pb_wc_price _builder_version=&#8221;4.16&#8243; global_colors_info=&#8221;{}&#8221; theme_builder_area=&#8221;post_content&#8221;][\/et_pb_wc_price][et_pb_wc_description _builder_version=&#8221;4.16&#8243; global_colors_info=&#8221;{}&#8221; theme_builder_area=&#8221;post_content&#8221;][\/et_pb_wc_description][et_pb_wc_add_to_cart _builder_version=&#8221;4.16&#8243; global_colors_info=&#8221;{}&#8221; theme_builder_area=&#8221;post_content&#8221;][\/et_pb_wc_add_to_cart][et_pb_wc_meta _builder_version=&#8221;4.16&#8243; global_colors_info=&#8221;{}&#8221; theme_builder_area=&#8221;post_content&#8221;][\/et_pb_wc_meta][\/et_pb_column][\/et_pb_row][et_pb_row _builder_version=&#8221;4.16&#8243; background_size=&#8221;initial&#8221; background_position=&#8221;top_left&#8221; background_repeat=&#8221;repeat&#8221; width=&#8221;100%&#8221; global_colors_info=&#8221;{}&#8221; theme_builder_area=&#8221;post_content&#8221;][et_pb_column type=&#8221;4_4&#8243; _builder_version=&#8221;4.16&#8243; custom_padding=&#8221;|||&#8221; global_colors_info=&#8221;{}&#8221; custom_padding__hover=&#8221;|||&#8221; theme_builder_area=&#8221;post_content&#8221;][et_pb_wc_tabs _builder_version=&#8221;4.16&#8243; global_colors_info=&#8221;{}&#8221; theme_builder_area=&#8221;post_content&#8221;] [\/et_pb_wc_tabs][et_pb_wc_upsells _builder_version=&#8221;4.16&#8243; global_colors_info=&#8221;{}&#8221; theme_builder_area=&#8221;post_content&#8221;][\/et_pb_wc_upsells][et_pb_wc_related_products _builder_version=&#8221;4.16&#8243; global_colors_info=&#8221;{}&#8221; theme_builder_area=&#8221;post_content&#8221;][\/et_pb_wc_related_products][\/et_pb_column][\/et_pb_row][\/et_pb_section]<\/p>\n","protected":false},"excerpt":{"rendered":"<p>Un dispositif de suivi compact et discret pour surveiller l&#8217;emplacement de votre v\u00e9lo, qu&#8217;il soit gar\u00e9 ou en mouvement. Le Lynx est enti\u00e8rement int\u00e9gr\u00e9 \u00e0 l&#8217;application BeeSecure o\u00f9 vous pouvez afficher les donn\u00e9es de parcours, les cartes et recevoir des alertes personnalis\u00e9es envoy\u00e9es sur votre t\u00e9l\u00e9phone&nbsp;! Cet appareil se connecte via le r\u00e9seau LoRa (configuration suppl\u00e9mentaire requise).<\/p>\n<p><strong>Nous sommes tr\u00e8s fiers d&#8217;annoncer qu&#8217;en tant que membre de la Soci\u00e9t\u00e9 canadienne de la scl\u00e9rose en plaques, 1 $ de chaque Tracker Lynx de v\u00e9lo vendu sera vers\u00e9 directement pour aider les Canadiens atteints de scl\u00e9rose en plaques.<\/strong><\/p>\n","protected":false},"featured_media":312298,"template":"","meta":{"_seopress_robots_primary_cat":"none","_seopress_titles_title":"Tracker de v\u00e9lo","_seopress_titles_desc":"","_seopress_robots_index":"","_et_pb_use_builder":"on","_et_pb_old_content":"Fi\u00e8rement de la Saskatchewan, le Lynx est fabriqu\u00e9 et fabriqu\u00e9 localement \u00e0 partir de notre si\u00e8ge social \u00e0 Saskatoon, SK, Canada. Avec une batterie rechargeable et un design compact, cet appareil est parfait pour une utilisation quotidienne et dure 2 \u00e0 12 mois entre les charges (selon la fr\u00e9quence d'utilisation).<span class=\"Apple-converted-space\"> <\/span>\n\nLes points GPS sont suivis lors du mouvement pour r\u00e9duire l'utilisation de la batterie et sont enregistr\u00e9s \u00e0 des intervalles de 120 secondes. En mouvement, les donn\u00e9es sont t\u00e9l\u00e9charg\u00e9es sur l'application BeeSecure toutes les 10 minutes (configurations personnalis\u00e9es disponibles) pour fournir des actualisations fr\u00e9quentes sur l'\u00e9tat de localisation et la direction de votre v\u00e9lo. Ayez l'esprit tranquille en sachant que votre v\u00e9lo est gar\u00e9 en toute s\u00e9curit\u00e9, avec des actualisations par SMS et par courriel vous alertant de toute utilisation non autoris\u00e9e.","_et_gb_content_width":""},"product_brand":[],"product_cat":[128],"product_tag":[],"class_list":{"0":"post-306142","1":"product","2":"type-product","3":"status-publish","4":"has-post-thumbnail","6":"product_cat-uncategorized-fr","7":"product_shipping_class-des-produits","9":"first","10":"outofstock","11":"taxable","12":"shipping-taxable","13":"purchasable","14":"product-type-simple"},"jetpack_sharing_enabled":true,"_links":{"self":[{"href":"https:\/\/beesecure.ca\/fr\/wp-json\/wp\/v2\/product\/306142","targetHints":{"allow":["GET"]}}],"collection":[{"href":"https:\/\/beesecure.ca\/fr\/wp-json\/wp\/v2\/product"}],"about":[{"href":"https:\/\/beesecure.ca\/fr\/wp-json\/wp\/v2\/types\/product"}],"wp:featuredmedia":[{"embeddable":true,"href":"https:\/\/beesecure.ca\/fr\/wp-json\/wp\/v2\/media\/312298"}],"wp:attachment":[{"href":"https:\/\/beesecure.ca\/fr\/wp-json\/wp\/v2\/media?parent=306142"}],"wp:term":[{"taxonomy":"product_brand","embeddable":true,"href":"https:\/\/beesecure.ca\/fr\/wp-json\/wp\/v2\/product_brand?post=306142"},{"taxonomy":"product_cat","embeddable":true,"href":"https:\/\/beesecure.ca\/fr\/wp-json\/wp\/v2\/product_cat?post=306142"},{"taxonomy":"product_tag","embeddable":true,"href":"https:\/\/beesecure.ca\/fr\/wp-json\/wp\/v2\/product_tag?post=306142"}],"curies":[{"name":"wp","href":"https:\/\/api.w.org\/{rel}","templated":true}]}}