{"id":306127,"date":"2020-05-03T12:40:05","date_gmt":"2020-05-03T18:40:05","guid":{"rendered":"https:\/\/beesecure.ca\/product\/traqueur-gps-cellulaire-yabby-4g-lte-m\/"},"modified":"2026-04-23T10:35:07","modified_gmt":"2026-04-23T16:35:07","slug":"tracker-gps-cellulaire-yabby-4g-lte-m","status":"publish","type":"product","link":"https:\/\/beesecure.ca\/fr\/produit\/tracker-gps-cellulaire-yabby-4g-lte-m\/","title":{"rendered":"Yabby- Tracker GPS cellulaire 4G LTE-M"},"content":{"rendered":"<p>[et_pb_section fb_built=&#8221;1&#8243; _builder_version=&#8221;3.22&#8243; custom_padding=&#8221;0px||||false|false&#8221; global_colors_info=&#8221;{}&#8221; theme_builder_area=&#8221;post_content&#8221;][et_pb_row _builder_version=&#8221;3.25&#8243; background_size=&#8221;initial&#8221; background_position=&#8221;top_left&#8221; background_repeat=&#8221;repeat&#8221; width=&#8221;100%&#8221; custom_padding=&#8221;0px||0px||false|false&#8221; global_colors_info=&#8221;{}&#8221; theme_builder_area=&#8221;post_content&#8221;][et_pb_column type=&#8221;4_4&#8243; _builder_version=&#8221;3.25&#8243; custom_padding=&#8221;|||&#8221; global_colors_info=&#8221;{}&#8221; custom_padding__hover=&#8221;|||&#8221; theme_builder_area=&#8221;post_content&#8221;][et_pb_wc_breadcrumb _builder_version=&#8221;3.0.47&#8243; global_colors_info=&#8221;{}&#8221; theme_builder_area=&#8221;post_content&#8221;][\/et_pb_wc_breadcrumb][et_pb_wc_cart_notice global_colors_info=&#8221;{}&#8221; theme_builder_area=&#8221;post_content&#8221;][\/et_pb_wc_cart_notice][\/et_pb_column][\/et_pb_row][et_pb_row column_structure=&#8221;1_2,1_2&#8243; _builder_version=&#8221;3.25&#8243; background_size=&#8221;initial&#8221; background_position=&#8221;top_left&#8221; background_repeat=&#8221;repeat&#8221; width=&#8221;100%&#8221; custom_padding=&#8221;0px||||false|false&#8221; global_colors_info=&#8221;{}&#8221; theme_builder_area=&#8221;post_content&#8221;][et_pb_column type=&#8221;1_2&#8243; _builder_version=&#8221;3.25&#8243; custom_padding=&#8221;|||&#8221; global_colors_info=&#8221;{}&#8221; custom_padding__hover=&#8221;|||&#8221; theme_builder_area=&#8221;post_content&#8221;][et_pb_wc_images force_fullwidth=&#8221;%22on%22&#8243; _builder_version=&#8221;%224.0.11%22&#8243; global_colors_info=&#8221;%22{}%22&#8243; theme_builder_area=&#8221;post_content&#8221;][\/et_pb_wc_images][\/et_pb_column][et_pb_column type=&#8221;1_2&#8243; _builder_version=&#8221;3.25&#8243; custom_padding=&#8221;|||&#8221; global_colors_info=&#8221;{}&#8221; custom_padding__hover=&#8221;|||&#8221; theme_builder_area=&#8221;post_content&#8221;][et_pb_wc_title _builder_version=&#8221;3.0.47&#8243; global_colors_info=&#8221;{}&#8221; theme_builder_area=&#8221;post_content&#8221;][\/et_pb_wc_title][et_pb_wc_rating _builder_version=&#8221;3.0.47&#8243; global_colors_info=&#8221;{}&#8221; theme_builder_area=&#8221;post_content&#8221;][\/et_pb_wc_rating][et_pb_wc_price _builder_version=&#8221;4.9.4&#8243; global_colors_info=&#8221;{}&#8221; theme_builder_area=&#8221;post_content&#8221;][\/et_pb_wc_price][et_pb_wc_description _builder_version=&#8221;3.0.47&#8243; global_colors_info=&#8221;{}&#8221; theme_builder_area=&#8221;post_content&#8221;][\/et_pb_wc_description][et_pb_wc_add_to_cart global_colors_info=&#8221;{}&#8221; theme_builder_area=&#8221;post_content&#8221;][\/et_pb_wc_add_to_cart][et_pb_wc_meta _builder_version=&#8221;3.0.47&#8243; global_colors_info=&#8221;{}&#8221; theme_builder_area=&#8221;post_content&#8221;][\/et_pb_wc_meta][\/et_pb_column][\/et_pb_row][et_pb_row admin_label=&#8221;ligne&#8221; _builder_version=&#8221;3.25&#8243; background_size=&#8221;initial&#8221; background_position=&#8221;top_left&#8221; background_repeat=&#8221;repeat&#8221; global_colors_info=&#8221;{}&#8221; theme_builder_area=&#8221;post_content&#8221;][et_pb_column type=&#8221;4_4&#8243; _builder_version=&#8221;3.25&#8243; custom_padding=&#8221;|||&#8221; global_colors_info=&#8221;{}&#8221; custom_padding__hover=&#8221;|||&#8221; theme_builder_area=&#8221;post_content&#8221;][et_pb_text admin_label=&#8221;Text&#8221; _builder_version=&#8221;4.0.11&#8243; background_size=&#8221;initial&#8221; background_position=&#8221;top_left&#8221; background_repeat=&#8221;repeat&#8221; global_colors_info=&#8221;{}&#8221; theme_builder_area=&#8221;post_content&#8221;]Si vous avez un petit nombre d&#8217;actifs se d\u00e9pla\u00e7ant dans des endroits changeant fr\u00e9quemment, o\u00f9 qu&#8217;il y ait une couverture cellulaire, les trackers cellulaires peuvent \u00eatre le choix pour vous. Parfait pour les bateaux, quads ou autres actifs mobiles. Ces traqueurs ont<span style=%22color: #e09900;%22> piles longue dur\u00e9e<\/span> vous n&#8217;avez donc pas \u00e0 vous soucier de les connecter \u00e0 une batterie externe, et ils s&#8217;int\u00e8grent parfaitement \u00e0 notre application BeeSecure. Pour plus de tranquillit\u00e9 d&#8217;esprit, le tracker signale sa position<span style=%22color: #e09900;%22> une fois par jour<\/span> , m\u00eame lorsqu&#8217;il ne bouge pas, vous savez donc qu&#8217;il est toujours l\u00e0.<\/p>\n<p>Les trackers cellulaires sont livr\u00e9s avec une carte SIM pr\u00e9activ\u00e9e (frais inclus dans le prix mensuel), et ils sont 100% pr\u00eats \u00e0 \u00eatre utilis\u00e9s partout en Am\u00e9rique du Nord. Notre traqueur cellulaire est<span style=%22color: #e09900;%22> compl\u00e8tement r\u00e9sistant aux intemp\u00e9ries<\/span> (IP66) et fonctionne en<span style=%22color: #e09900;%22> -40 \u00e0 +60 Celsius<\/span> temp\u00e9ratures. Veuillez pr\u00e9voir 2-3 semaines pour la livraison.[\/et_pb_text][\/et_pb_column][\/et_pb_row][et_pb_row _builder_version=&#8221;3.25&#8243; background_size=&#8221;initial&#8221; background_position=&#8221;top_left&#8221; background_repeat=&#8221;repeat&#8221; width=&#8221;100%&#8221; global_colors_info=&#8221;{}&#8221; theme_builder_area=&#8221;post_content&#8221;][et_pb_column type=&#8221;4_4&#8243; _builder_version=&#8221;3.25&#8243; custom_padding=&#8221;|||&#8221; global_colors_info=&#8221;{}&#8221; custom_padding__hover=&#8221;|||&#8221; theme_builder_area=&#8221;post_content&#8221;][et_pb_wc_upsells _builder_version=&#8221;3.0.47&#8243; global_colors_info=&#8221;{}&#8221; theme_builder_area=&#8221;post_content&#8221;][\/et_pb_wc_upsells][et_pb_wc_related_products _builder_version=&#8221;3.0.47&#8243; global_colors_info=&#8221;{}&#8221; theme_builder_area=&#8221;post_content&#8221;][\/et_pb_wc_related_products][\/et_pb_column][\/et_pb_row][\/et_pb_section][et_pb_section fb_built=&#8221;1&#8243; admin_label=&#8221;section&#8221; _builder_version=&#8221;3.22&#8243; global_colors_info=&#8221;{}&#8221; theme_builder_area=&#8221;post_content&#8221;][\/et_pb_section]<\/p>\n","protected":false},"excerpt":{"rendered":"<p>Le Yabby est un appareil de suivi GPS minuscule, l\u00e9ger et ultra-robuste avec jusqu&#8217;\u00e0 3 ans d&#8217;autonomie. Ce mod\u00e8le de taille pratique est con\u00e7u pour r\u00e9duire le vol avec le suivi des actifs et est id\u00e9al pour surveiller l&#8217;emplacement d&#8217;\u00e9quipements plus petits, o\u00f9 la taille discr\u00e8te du tracker peut offrir la plus grande dissimulation. Tous les appareils cellulaires n\u00e9cessitent un abonnement mensuel, aucune passerelle n&#8217;est requise.<\/p>\n","protected":false},"featured_media":305857,"template":"","meta":{"_seopress_robots_primary_cat":"none","_seopress_titles_title":"","_seopress_titles_desc":"","_seopress_robots_index":"","_et_pb_use_builder":"on","_et_pb_old_content":"Le Yabby mesure l'emplacement, la vitesse, la direction et la temp\u00e9rature pour prot\u00e9ger vos biens. Les appareils stationnaires passent en mode veille jusqu'\u00e0 ce qu'un mouvement se produise pour \u00e9conomiser la batterie et optimiser l'utilisation des donn\u00e9es. Les points GPS sont enregistr\u00e9s lors du mouvement \u00e0 des intervalles de 120 secondes et t\u00e9l\u00e9charg\u00e9s sur l'application BeeSecure pour un suivi et une r\u00e9cup\u00e9ration des actifs en temps r\u00e9el.\r\n\r\nDes frais mensuels de $12.99 CAD vous donnent un acc\u00e8s complet \u00e0 l'application BeeSecure, o\u00f9 les donn\u00e9es sont t\u00e9l\u00e9charg\u00e9es toutes les 10 minutes (configurations personnalis\u00e9es disponibles) pour vous fournir une cartographie GPS, un historique des \u00e9v\u00e9nements, une zone g\u00e9ographique (geofence) et plus\u00a0! Mettez votre abonnement en pause \u00e0 tout moment, ce qui r\u00e9duit vos frais mensuels \u00e0 $3.99 \u00a0CAD.","_et_gb_content_width":""},"product_brand":[],"product_cat":[139,117,118],"product_tag":[],"class_list":{"0":"post-306127","1":"product","2":"type-product","3":"status-publish","4":"has-post-thumbnail","6":"product_cat-jai-besoin-dun-tracker-de-ruche","7":"product_cat-jai-besoin-dune-solution-cellulaire","8":"product_cat-surveiller-a-distance-les-actifs-suivi-gps","10":"first","11":"instock","12":"taxable","13":"shipping-taxable","14":"purchasable","15":"product-type-variable"},"jetpack_sharing_enabled":true,"_links":{"self":[{"href":"https:\/\/beesecure.ca\/fr\/wp-json\/wp\/v2\/product\/306127","targetHints":{"allow":["GET"]}}],"collection":[{"href":"https:\/\/beesecure.ca\/fr\/wp-json\/wp\/v2\/product"}],"about":[{"href":"https:\/\/beesecure.ca\/fr\/wp-json\/wp\/v2\/types\/product"}],"wp:featuredmedia":[{"embeddable":true,"href":"https:\/\/beesecure.ca\/fr\/wp-json\/wp\/v2\/media\/305857"}],"wp:attachment":[{"href":"https:\/\/beesecure.ca\/fr\/wp-json\/wp\/v2\/media?parent=306127"}],"wp:term":[{"taxonomy":"product_brand","embeddable":true,"href":"https:\/\/beesecure.ca\/fr\/wp-json\/wp\/v2\/product_brand?post=306127"},{"taxonomy":"product_cat","embeddable":true,"href":"https:\/\/beesecure.ca\/fr\/wp-json\/wp\/v2\/product_cat?post=306127"},{"taxonomy":"product_tag","embeddable":true,"href":"https:\/\/beesecure.ca\/fr\/wp-json\/wp\/v2\/product_tag?post=306127"}],"curies":[{"name":"wp","href":"https:\/\/api.w.org\/{rel}","templated":true}]}}