{"id":305880,"date":"2021-10-13T15:56:56","date_gmt":"2021-10-20T19:55:42","guid":{"rendered":"https:\/\/beesecure.ca\/product\/air-ambiant-capteur-lora\/"},"modified":"2022-10-11T16:39:01","modified_gmt":"2022-10-11T22:39:01","slug":"capteur-lora-air-ambiant","status":"publish","type":"product","link":"https:\/\/beesecure.ca\/fr\/produit\/capteur-lora-air-ambiant\/","title":{"rendered":"Air ambiant \u2013 Capteur LoRa"},"content":{"rendered":"<p>[et_pb_section fb_built=&#8221;1&#8243; _builder_version=&#8221;4.16&#8243; global_colors_info=&#8221;{}&#8221;][et_pb_row _builder_version=&#8221;4.16&#8243; global_colors_info=&#8221;{}&#8221;][et_pb_column type=&#8221;4_4&#8243; _builder_version=&#8221;4.16&#8243; global_colors_info=&#8221;{}&#8221;][\/et_pb_column][\/et_pb_row][\/et_pb_section][et_pb_section fb_built=&#8221;1&#8243; _builder_version=&#8221;4.16&#8243; _module_preset=&#8221;default&#8221; global_colors_info=&#8221;{}&#8221;][et_pb_row column_structure=&#8221;1_2,1_2&#8243; _builder_version=&#8221;4.16&#8243; _module_preset=&#8221;default&#8221; global_colors_info=&#8221;{}&#8221;][et_pb_column type=&#8221;1_2&#8243; _builder_version=&#8221;4.16&#8243; _module_preset=&#8221;default&#8221; global_colors_info=&#8221;{}&#8221;][et_pb_wc_title _builder_version=&#8221;4.16&#8243; _module_preset=&#8221;default&#8221; header_font=&#8221;Open Sans||||||||&#8221; header_text_align=&#8221;left&#8221; header_text_color=&#8221;#000000&#8243; header_font_size=&#8221;60px&#8221; global_colors_info=&#8221;{}&#8221;][\/et_pb_wc_title]<br \/>\n          [et_pb_wc_price _builder_version=&#8221;4.16&#8243; body_font=&#8221;Poppins|700|||||||&#8221; body_text_color=&#8221;#e09900&#8243; body_font_size=&#8221;32px&#8221; locked=&#8221;off&#8221; global_colors_info=&#8221;{}&#8221;][\/et_pb_wc_price][\/et_pb_column][et_pb_column type=&#8221;1_2&#8243; _builder_version=&#8221;4.16&#8243; _module_preset=&#8221;default&#8221; global_colors_info=&#8221;{}&#8221;][et_pb_image src=&#8221;https:\/\/beesecure.ca\/wp-content\/uploads\/2021\/10\/MicrosoftTeams-image-1.png&#8221; alt=&#8221;AQM&#8221; title_text=&#8221;Air&#8221; _builder_version=&#8221;4.16&#8243; _module_preset=&#8221;default&#8221; animation_style=&#8221;slide&#8221; global_colors_info=&#8221;{}&#8221;][\/et_pb_image][\/et_pb_column][\/et_pb_row][et_pb_row column_structure=&#8221;1_3,1_3,1_3&#8243; _builder_version=&#8221;4.16&#8243; _module_preset=&#8221;default&#8221; global_colors_info=&#8221;{}&#8221;][et_pb_column type=&#8221;1_3&#8243; _builder_version=&#8221;4.16&#8243; _module_preset=&#8221;default&#8221; global_colors_info=&#8221;{}&#8221;][et_pb_blurb title=&#8221;Humidit\u00e9&#8221; use_icon=&#8221;on&#8221; font_icon=&#8221;&#xe01d;||divi||400&#8243; icon_color=&#8221;#E09900&#8243; image_icon_width=&#8221;50px&#8221; _builder_version=&#8221;4.16&#8243; _module_preset=&#8221;default&#8221; header_font=&#8221;Open Sans|600|||||||&#8221; header_text_align=&#8221;center&#8221; header_text_color=&#8221;#000000&#8243; header_font_size=&#8221;24px&#8221; icon_font_size=&#8221;50px&#8221; global_colors_info=&#8221;{}&#8221;][\/et_pb_blurb][\/et_pb_column][et_pb_column type=&#8221;1_3&#8243; _builder_version=&#8221;4.16&#8243; _module_preset=&#8221;default&#8221; global_colors_info=&#8221;{}&#8221;][et_pb_blurb title=&#8221;Inclinaison&#8221; use_icon=&#8221;on&#8221; font_icon=&#8221;&#xe01c;||divi||400&#8243; icon_color=&#8221;#E09900&#8243; image_icon_width=&#8221;50px&#8221; _builder_version=&#8221;4.16&#8243; _module_preset=&#8221;default&#8221; header_font=&#8221;Open Sans|600|||||||&#8221; header_text_align=&#8221;center&#8221; header_text_color=&#8221;#000000&#8243; header_font_size=&#8221;24px&#8221; icon_font_size=&#8221;50px&#8221; locked=&#8221;off&#8221; global_colors_info=&#8221;{}&#8221;][\/et_pb_blurb][\/et_pb_column][et_pb_column type=&#8221;1_3&#8243; _builder_version=&#8221;4.16&#8243; _module_preset=&#8221;default&#8221; global_colors_info=&#8221;{}&#8221;][et_pb_blurb title=&#8221;Temp\u00e9rature&#8221; image=&#8221;https:\/\/beesecure.ca\/wp-content\/uploads\/2021\/08\/MicrosoftTeams-image-174.png&#8221; _builder_version=&#8221;4.16&#8243; _module_preset=&#8221;default&#8221; header_font=&#8221;Open Sans|600|||||||&#8221; header_text_align=&#8221;center&#8221; header_text_color=&#8221;#000000&#8243; header_font_size=&#8221;24px&#8221; locked=&#8221;off&#8221; global_colors_info=&#8221;{}&#8221;][\/et_pb_blurb][\/et_pb_column][\/et_pb_row][et_pb_row _builder_version=&#8221;4.16&#8243; locked=&#8221;off&#8221; global_colors_info=&#8221;{}&#8221;][et_pb_column type=&#8221;4_4&#8243; _builder_version=&#8221;4.16&#8243; global_colors_info=&#8221;{}&#8221;][et_pb_wc_description _builder_version=&#8221;4.16&#8243; body_font=&#8221;Poppins||||||||&#8221; body_text_color=&#8221;#3f3f3f&#8221; body_font_size=&#8221;16px&#8221; global_colors_info=&#8221;{}&#8221;][\/et_pb_wc_description][et_pb_wc_add_to_cart _builder_version=&#8221;4.16&#8243; fields_background_color=&#8221;#e58948&#8243; dropdown_menus_background_color=&#8221;#b3b3b3&#8243; field_label_font=&#8221;Poppins|700||on|||||&#8221; fields_font=&#8221;|700|||||||&#8221; dropdown_menus_font=&#8221;Poppins||||||||&#8221; dropdown_menus_font_size=&#8221;14px&#8221; custom_button=&#8221;on&#8221; button_text_size=&#8221;17px&#8221; button_text_color=&#8221;#ffffff&#8221; button_border_width=&#8221;2px&#8221; button_border_color=&#8221;#f8eace&#8221; button_border_radius=&#8221;9px&#8221; button_font=&#8221;Poppins||||||||&#8221; body_font=&#8221;Poppins|700||on|||||&#8221; global_colors_info=&#8221;{}&#8221;][\/et_pb_wc_add_to_cart][et_pb_wc_cart_notice _builder_version=&#8221;4.16&#8243; _module_preset=&#8221;default&#8221; title_font=&#8221;Poppins||||||||&#8221; use_background_color_gradient=&#8221;on&#8221; background_color_gradient_stops=&#8221;#e09900 0%|#e58948 100%&#8221; background_color_gradient_start=&#8221;#e09900&#8243; background_color_gradient_end=&#8221;#e58948&#8243; custom_button=&#8221;on&#8221; button_text_color=&#8221;#E06100&#8243; button_bg_use_color_gradient=&#8221;on&#8221; button_bg_color_gradient_stops=&#8221;#ffffff 0%|#f8eace 100%&#8221; button_bg_color_gradient_start=&#8221;#ffffff&#8221; button_bg_color_gradient_end=&#8221;#f8eace&#8221; text_orientation=&#8221;center&#8221; border_radii=&#8221;on|6px|6px|6px|6px&#8221; border_width_all=&#8221;2px&#8221; border_color_all=&#8221;#E06100&#8243; box_shadow_style=&#8221;preset1&#8243; body_font=&#8221;Poppins||||||||&#8221; global_colors_info=&#8221;{}&#8221;][\/et_pb_wc_cart_notice][et_pb_wc_rating disabled_on=&#8221;off|off|off&#8221; _builder_version=&#8221;4.16&#8243; rating_text_color=&#8221;#00457a&#8221; rating_font_size=&#8221;20px&#8221; rating_letter_spacing=&#8221;4px&#8221; body_font=&#8221;Poppins||||||||&#8221; body_text_color=&#8221;#8a675c&#8221; body_font_size=&#8221;18px&#8221; global_colors_info=&#8221;{}&#8221;][\/et_pb_wc_rating][et_pb_wc_meta _builder_version=&#8221;4.16&#8243; body_font=&#8221;Poppins||||||||&#8221; body_text_color=&#8221;#8f8f8f&#8221; global_colors_info=&#8221;{}&#8221;][\/et_pb_wc_meta][et_pb_wc_tabs active_tab_text_color=&#8221;#E09900&#8243; _builder_version=&#8221;4.16&#8243; _module_preset=&#8221;default&#8221; tab_text_color=&#8221;#000000&#8243; tab_font_size=&#8221;18px&#8221; locked=&#8221;off&#8221; global_colors_info=&#8221;{}&#8221;][\/et_pb_wc_tabs][\/et_pb_column][\/et_pb_row][\/et_pb_section]<\/p>\n","protected":false},"excerpt":{"rendered":"<p>Le capteur d&#8217;air ambiant se compose de plusieurs capteurs intelligents qui d\u00e9tectent la temp\u00e9rature, l&#8217;humidit\u00e9, le mouvement, la lumi\u00e8re, le CO2, les COVT (compos\u00e9s organiques volatils totaux) et la pression barom\u00e9trique. Il est parfait pour surveiller les lieux de travail, les foyers de groupe, les h\u00f4pitaux, les pharmacies et les \u00e9coles afin de r\u00e9duire la propagation des agents pathog\u00e8nes en suspension dans l&#8217;air.<br \/>\nCet appareil se connecte via le r\u00e9seau LoRa (configuration suppl\u00e9mentaire requise).<\/p>\n","protected":false},"featured_media":305875,"template":"","meta":{"_seopress_robots_primary_cat":"none","_seopress_titles_title":"","_seopress_titles_desc":"","_seopress_robots_index":"","_et_pb_use_builder":"on","_et_pb_old_content":"Prenez le contr\u00f4le de votre espace en restant inform\u00e9 sur votre environnement domestique ou professionnel. Avec le capteur d\u2019Ambient Air, vous pouvez acc\u00e9der \u00e0 des donn\u00e9es en temps r\u00e9el sur notre tableau de bord et recevoir des alertes personnalis\u00e9es par SMS, appel et courriel en cas de changements de temp\u00e9rature, d'humidit\u00e9, de niveaux de CO2, de pression barom\u00e9trique, et plus !\r\n\r\nLe capteur d\u2019Ambient Air vous fournit les outils dont vous avez besoin pour maintenir une qualit\u00e9 d'air s\u00fbre et une bonne ventilation. La surveillance du CO2 peut contribuer \u00e0 r\u00e9duire la propagation du COVID-19 et des agents pathog\u00e8nes a\u00e9roport\u00e9s, car vous \u00e9valuez et suivez les changements de la qualit\u00e9 de l'air.\r\nCe dispositif est petit, discret, et facile \u00e0 installer et \u00e0 personnaliser.","_et_gb_content_width":""},"product_brand":[],"product_cat":[116,115],"product_tag":[],"class_list":{"0":"post-305880","1":"product","2":"type-product","3":"status-publish","4":"has-post-thumbnail","6":"product_cat-jai-besoin-dune-solution-longue-portee-reseau-lora","7":"product_cat-surveiller-a-distance-la-propriete-temperature-niveaux-deau-qualite-de-lair-securite","9":"first","10":"outofstock","11":"taxable","12":"shipping-taxable","13":"purchasable","14":"product-type-simple"},"jetpack_sharing_enabled":true,"_links":{"self":[{"href":"https:\/\/beesecure.ca\/fr\/wp-json\/wp\/v2\/product\/305880","targetHints":{"allow":["GET"]}}],"collection":[{"href":"https:\/\/beesecure.ca\/fr\/wp-json\/wp\/v2\/product"}],"about":[{"href":"https:\/\/beesecure.ca\/fr\/wp-json\/wp\/v2\/types\/product"}],"wp:featuredmedia":[{"embeddable":true,"href":"https:\/\/beesecure.ca\/fr\/wp-json\/wp\/v2\/media\/305875"}],"wp:attachment":[{"href":"https:\/\/beesecure.ca\/fr\/wp-json\/wp\/v2\/media?parent=305880"}],"wp:term":[{"taxonomy":"product_brand","embeddable":true,"href":"https:\/\/beesecure.ca\/fr\/wp-json\/wp\/v2\/product_brand?post=305880"},{"taxonomy":"product_cat","embeddable":true,"href":"https:\/\/beesecure.ca\/fr\/wp-json\/wp\/v2\/product_cat?post=305880"},{"taxonomy":"product_tag","embeddable":true,"href":"https:\/\/beesecure.ca\/fr\/wp-json\/wp\/v2\/product_tag?post=305880"}],"curies":[{"name":"wp","href":"https:\/\/api.w.org\/{rel}","templated":true}]}}