{"id":314405,"date":"2022-06-07T10:53:43","date_gmt":"2022-06-07T16:53:43","guid":{"rendered":"https:\/\/beesecure.ca\/pre-commande-de-suivi-de-velo\/"},"modified":"2022-06-07T10:53:51","modified_gmt":"2022-06-07T16:53:51","slug":"pre-commande-de-suivi-de-velo","status":"publish","type":"page","link":"https:\/\/beesecure.ca\/fr\/pre-commande-de-suivi-de-velo\/","title":{"rendered":"Pr\u00e9-commande de suivi de v\u00e9lo"},"content":{"rendered":"<p>[et_pb_section fb_built=&#8221;1&#8243; _builder_version=&#8221;4.17.4&#8243; _module_preset=&#8221;default&#8221; background_enable_color=&#8221;off&#8221; use_background_color_gradient=&#8221;on&#8221; background_color_gradient_stops=&#8221;rgba(0,0,0,0.93) 2%|#3f3f3f 22%&#8221; background_image=&#8221;https:\/\/beesecure.ca\/wp-content\/uploads\/2022\/06\/Bike-Tracker-Images-website-etc..jpg&#8221; background_position=&#8221;bottom_center&#8221; background_blend=&#8221;overlay&#8221; custom_margin=&#8221;||||false|false&#8221; custom_padding=&#8221;0px||0px||false|false&#8221; hover_enabled=&#8221;0&#8243; background_color_phone=&#8221;#000000&#8243; background_last_edited=&#8221;on|phone&#8221; background_enable_color_phone=&#8221;on&#8221; use_background_color_gradient_phone=&#8221;off&#8221; background_enable_image_phone=&#8221;off&#8221; global_colors_info=&#8221;{}&#8221; sticky_enabled=&#8221;0&#8243;][et_pb_row _builder_version=&#8221;4.17.3&#8243; _module_preset=&#8221;default&#8221; custom_padding=&#8221;0px||0px||false|false&#8221; global_colors_info=&#8221;{}&#8221;][et_pb_column type=&#8221;4_4&#8243; _builder_version=&#8221;4.17.3&#8243; _module_preset=&#8221;default&#8221; global_colors_info=&#8221;{}&#8221;][et_pb_text _builder_version=&#8221;4.17.3&#8243; _module_preset=&#8221;default&#8221; text_font=&#8221;Arial||||||||&#8221; text_text_color=&#8221;#FFFFFF&#8221; text_font_size=&#8221;20px&#8221; header_font=&#8221;Arial|800||on|||||&#8221; header_text_color=&#8221;#FFFFFF&#8221; header_font_size=&#8221;50px&#8221; locked=&#8221;off&#8221; global_colors_info=&#8221;{}&#8221;]<\/p>\n<h1><\/h1>\n<p style=\"text-align: center;\">Commander Lynx<\/p>\n<p style=\"text-align: center;\">Traceur GPS pour v\u00e9los et animaux de compagnie<\/p>\n<p>[\/et_pb_text][et_pb_image src=&#8221;https:\/\/beesecure.ca\/wp-content\/uploads\/2022\/06\/Bike-Tracker-Images-website-etc..jpg&#8221; alt=&#8221;site Web d&#8217;images de tracker de v\u00e9lo, etc.&#8221; title_text=&#8221;Images de suivi de v\u00e9lo &#8211; site Web, etc.&#8221; disabled_on=&#8221;off|on|on&#8221; _builder_version=&#8221;4.17.4&#8243; _module_preset=&#8221;default&#8221; locked=&#8221;off&#8221; global_colors_info=&#8221;{}&#8221;][\/et_pb_image][\/et_pb_column][\/et_pb_row][et_pb_row column_structure=&#8221;1_2,1_2&#8243; _builder_version=&#8221;4.17.4&#8243; _module_preset=&#8221;default&#8221; width=&#8221;90%&#8221; max_width=&#8221;90%&#8221; global_colors_info=&#8221;{}&#8221;][et_pb_column type=&#8221;1_2&#8243; _builder_version=&#8221;4.17.3&#8243; _module_preset=&#8221;default&#8221; global_colors_info=&#8221;{}&#8221;][et_pb_button button_url=&#8221;https:\/\/explorer.helium.com&#8221; url_new_window=&#8221;on&#8221; button_text=&#8221;V\u00e9rifiez votre r\u00e9gion pour la couverture d&#8217;h\u00e9lium&#8221; button_alignment=&#8221;center&#8221; module_class=&#8221;coverage-check&#8221; _builder_version=&#8221;4.17.4&#8243; _module_preset=&#8221;default&#8221; custom_button=&#8221;on&#8221; button_text_size=&#8221;20px&#8221; button_text_color=&#8221;#E09900&#8243; button_bg_color=&#8221;#3F3F3F&#8221; button_bg_use_color_gradient=&#8221;on&#8221; button_bg_color_gradient_stops=&#8221;#000000 0%|#404040 99%&#8221; button_border_width=&#8221;0px&#8221; button_border_color=&#8221;#000000&#8243; button_border_radius=&#8221;5px&#8221; button_font=&#8221;|600|||||||&#8221; button_use_icon=&#8221;off&#8221; custom_margin=&#8221;||5px||false|false&#8221; custom_padding=&#8221;||||false|false&#8221; locked=&#8221;off&#8221; global_colors_info=&#8221;{}&#8221; button_bg_color__hover_enabled=&#8221;on|hover&#8221; button_bg_color__hover=&#8221;&#8221; button_bg_enable_color__hover=&#8221;off&#8221; custom_css_main_element__hover_enabled=&#8221;on|hover&#8221; button_bg_color_gradient_stops__hover=&#8221;#000000 1%|#00457a 99%&#8221; button_bg_use_color_gradient__hover=&#8221;on&#8221; button_text_color__hover_enabled=&#8221;on|hover&#8221; button_text_color__hover=&#8221;#FFFFFF&#8221;][\/et_pb_button][et_pb_text _builder_version=&#8221;4.17.4&#8243; _module_preset=&#8221;default&#8221; header_4_font=&#8221;Open Sans||||||||&#8221; header_4_text_align=&#8221;left&#8221; header_4_text_color=&#8221;#FFFFFF&#8221; header_4_font_size=&#8221;20px&#8221; background_color=&#8221;#050c1e&#8221; custom_margin=&#8221;||0px||false|false&#8221; custom_padding=&#8221;15px||0px|20px|false|false&#8221; global_colors_info=&#8221;{}&#8221;]<\/p>\n<h4>\n<ul>\n<li><span><\/span>Tapez une adresse dans la barre de recherche Helium Explorer<span class=\"Apple-converted-space\"> <\/span><\/li>\n<li><span><\/span>S&#8217;il appara\u00eet comme un hexagone vert, ou s&#8217;il se trouve \u00e0 quelques kilom\u00e8tres d&#8217;un hexagone vert, vous avez une couverture pour cette zone&nbsp;!<\/li>\n<li><span><\/span><em>Plus il y a d&#8217;hexagones verts \u00e0 proximit\u00e9, plus votre couverture sera forte.<\/em><\/li>\n<\/ul>\n<\/h4>\n<p>[\/et_pb_text][et_pb_code _builder_version=&#8221;4.17.3&#8243; _module_preset=&#8221;default&#8221; locked=&#8221;off&#8221; global_colors_info=&#8221;{}&#8221;]<style>\n       .errordiv { padding:10px; margin:10px; border: 1px solid #555555;color: #000000;background-color: #f8f8f8; width:500px; }#advanced_iframe {visibility:visible;opacity:1;vertical-align:top;}.ai-info-bottom-iframe { position: fixed; z-index: 10000; bottom:0; left: 0; margin: 0px; text-align: center; width: 100%; background-color: #ff9999; padding-left: 5px;padding-bottom: 5px; border-top: 1px solid #aaa } a.ai-bold {font-weight: bold;}#ai-layer-div-advanced_iframe p {height:100%;margin:0;padding:0}<\/style><script type=\"text\/javascript\">var ai_iframe_width_advanced_iframe = 0;var ai_iframe_height_advanced_iframe = 0;function aiReceiveMessageadvanced_iframe(event) {  aiProcessMessage(event,\"advanced_iframe\", \"true\",\"\",\"false\",\"false\");}if (window.addEventListener) {  window.addEventListener(\"message\", aiReceiveMessageadvanced_iframe);} else if (el.attachEvent)  {  el.attachEvent(\"message\", aiReceiveMessageadvanced_iframe);}var aiOnloadScrollTop=\"true\";var aiShowDebug=false;\n\t\tif (typeof aiReadyCallbacks === 'undefined') {\n\t\t\tvar aiReadyCallbacks = [];\n\t\t} else if (!(aiReadyCallbacks instanceof Array)) {\n\t\t\tvar aiReadyCallbacks = [];\n\t\t}    function aiShowIframeId(id_iframe) { jQuery(\"#\"+id_iframe).css(\"visibility\", \"visible\");    }    function aiResizeIframeHeight(height) { aiResizeIframeHeight(height,advanced_iframe); }    function aiResizeIframeHeightId(height,width,id) {aiResizeIframeHeightById(id,height);}<\/script><iframe id=\"advanced_iframe\"  name=\"advanced_iframe\"  src=\"https:\/\/explorer.helium.com\/\"  width=\"100%\"  height=\"600\"  frameborder=\"0\"  border=\"0\"  allowtransparency=\"true\"  loading=\"lazy\"  style=\";border-width: 0px;;border: none;;width:100%;;height:600px;\" ><\/iframe><script type=\"text\/javascript\">var ifrm_advanced_iframe = document.getElementById(\"advanced_iframe\");var hiddenTabsDoneadvanced_iframe = false;\nfunction resizeCallbackadvanced_iframe() {}<\/script><script type=\"text\/javascript\"><\/script><p style=\"display:block !important; visibility:visible !important;margin: -18px 14px 0 0;padding-left: 3px;padding-top:3px;background: white; overflow: hidden; position: relative; line-height:15px;width: fit-content;\"><small style=\"display:block !important;visibility:visible !important\">powered by Advanced iFrame<\/small><\/p>[\/et_pb_code][et_pb_wc_add_to_cart product=&#8221;301957&#8243; _builder_version=&#8221;4.17.4&#8243; _module_preset=&#8221;default&#8221; fields_background_color=&#8221;#E09900&#8243; fields_text_color=&#8221;#FFFFFF&#8221; fields_focus_background_color=&#8221;#E09900&#8243; fields_focus_text_color=&#8221;#FFFFFF&#8221; fields_font=&#8221;Arial|700|||||||&#8221; custom_button=&#8221;on&#8221; button_bg_color=&#8221;#E09900&#8243; button_border_radius=&#8221;5px&#8221; button_font=&#8221;Arial||||||||&#8221; button_use_icon=&#8221;off&#8221; button_custom_padding=&#8221;||||false|false&#8221; border_radii_fields=&#8221;on|5px|5px|5px|5px&#8221; global_colors_info=&#8221;{}&#8221; button_bg_color__hover_enabled=&#8221;on|hover&#8221; button_bg_color_gradient_stops__hover=&#8221;#e09900 1%|#ffc547 100%&#8221; button_bg_use_color_gradient__hover=&#8221;on&#8221; button_text_color__hover_enabled=&#8221;on|hover&#8221; button_text_color__hover=&#8221;#FFFFFF&#8221; button_bg_color__hover=&#8221;#E09900&#8243;][\/et_pb_wc_add_to_cart][\/et_pb_column][et_pb_column type=&#8221;1_2&#8243; _builder_version=&#8221;4.17.3&#8243; _module_preset=&#8221;default&#8221; global_colors_info=&#8221;{}&#8221;][\/et_pb_column][\/et_pb_row][\/et_pb_section]<\/p>\n","protected":false},"excerpt":{"rendered":"<p>Commander Lynx Traceur GPS pour v\u00e9los et animaux de compagnie Tapez une adresse dans la barre de recherche Helium Explorer S&#8217;il appara\u00eet comme un hexagone vert, ou s&#8217;il se trouve \u00e0 quelques kilom\u00e8tres d&#8217;un hexagone vert, vous avez une couverture pour cette zone&nbsp;! Plus il y a d&#8217;hexagones verts \u00e0 proximit\u00e9, plus votre couverture sera [&hellip;]<\/p>\n","protected":false},"author":1,"featured_media":0,"parent":0,"menu_order":0,"comment_status":"closed","ping_status":"closed","template":"","meta":{"_seopress_robots_primary_cat":"","_seopress_titles_title":"","_seopress_titles_desc":"","_seopress_robots_index":"","_et_pb_use_builder":"on","_et_pb_old_content":"","_et_gb_content_width":"","footnotes":""},"class_list":["post-314405","page","type-page","status-publish","hentry"],"jetpack_sharing_enabled":true,"_links":{"self":[{"href":"https:\/\/beesecure.ca\/fr\/wp-json\/wp\/v2\/pages\/314405","targetHints":{"allow":["GET"]}}],"collection":[{"href":"https:\/\/beesecure.ca\/fr\/wp-json\/wp\/v2\/pages"}],"about":[{"href":"https:\/\/beesecure.ca\/fr\/wp-json\/wp\/v2\/types\/page"}],"author":[{"embeddable":true,"href":"https:\/\/beesecure.ca\/fr\/wp-json\/wp\/v2\/users\/1"}],"replies":[{"embeddable":true,"href":"https:\/\/beesecure.ca\/fr\/wp-json\/wp\/v2\/comments?post=314405"}],"version-history":[{"count":0,"href":"https:\/\/beesecure.ca\/fr\/wp-json\/wp\/v2\/pages\/314405\/revisions"}],"wp:attachment":[{"href":"https:\/\/beesecure.ca\/fr\/wp-json\/wp\/v2\/media?parent=314405"}],"curies":[{"name":"wp","href":"https:\/\/api.w.org\/{rel}","templated":true}]}}