{"id":313795,"date":"2022-05-19T15:12:41","date_gmt":"2022-05-19T21:12:41","guid":{"rendered":"https:\/\/beesecure.ca\/pre-commande-de-lynx-a-la-caisse\/"},"modified":"2022-05-26T15:09:09","modified_gmt":"2022-05-26T21:09:09","slug":"pre-commande-de-lynx-a-la-caisse","status":"publish","type":"page","link":"https:\/\/beesecure.ca\/fr\/pre-commande-de-lynx-a-la-caisse\/","title":{"rendered":"pr\u00e9-commande de lynx \u00e0 la caisse"},"content":{"rendered":"<p>[et_pb_section fb_built=&#8221;1&#8243; _builder_version=&#8221;4.17.3&#8243; _module_preset=&#8221;default&#8221; background_enable_color=&#8221;off&#8221; use_background_color_gradient=&#8221;on&#8221; background_color_gradient_stops=&#8221;#3f3f3f 0%|#000000 100%&#8221; background_image=&#8221;https:\/\/beesecure.ca\/wp-content\/uploads\/2022\/05\/MicrosoftTeams-image-36.jpg&#8221; custom_margin=&#8221;||||false|false&#8221; custom_padding=&#8221;0px||0px||false|false&#8221; background_color_phone=&#8221;#000000&#8243; background_last_edited=&#8221;on|phone&#8221; background_enable_color_phone=&#8221;on&#8221; use_background_color_gradient_phone=&#8221;off&#8221; background_enable_image_phone=&#8221;off&#8221; global_colors_info=&#8221;{}&#8221;][et_pb_row custom_padding_last_edited=&#8221;on|phone&#8221; _builder_version=&#8221;4.17.3&#8243; _module_preset=&#8221;default&#8221; width_tablet=&#8221;100%&#8221; width_phone=&#8221;100%&#8221; width_last_edited=&#8221;on|desktop&#8221; max_width=&#8221;100%&#8221; custom_padding=&#8221;0px||0px||false|false&#8221; custom_padding_tablet=&#8221;0px||0px||false|false&#8221; custom_padding_phone=&#8221;0px||0px||false|false&#8221; global_colors_info=&#8221;{}&#8221;][et_pb_column type=&#8221;4_4&#8243; _builder_version=&#8221;4.17.3&#8243; _module_preset=&#8221;default&#8221; global_colors_info=&#8221;{}&#8221;][et_pb_text _builder_version=&#8221;4.17.3&#8243; _module_preset=&#8221;default&#8221; text_font=&#8221;Arial||||||||&#8221; text_text_color=&#8221;#FFFFFF&#8221; text_font_size=&#8221;20px&#8221; header_font=&#8221;Arial|800||on|||||&#8221; header_text_color=&#8221;#FFFFFF&#8221; header_font_size=&#8221;50px&#8221; background_enable_image=&#8221;off&#8221; custom_padding=&#8221;0px||0px||false|false&#8221; custom_padding_tablet=&#8221;100px||100px|350px|false|false&#8221; custom_padding_phone=&#8221;20px||0px|150px|false|false&#8221; custom_padding_last_edited=&#8221;on|tablet&#8221; text_font_size_tablet=&#8221;25px&#8221; text_font_size_phone=&#8221;20px&#8221; text_font_size_last_edited=&#8221;on|tablet&#8221; header_font_size_tablet=&#8221;70px&#8221; header_font_size_phone=&#8221;40px&#8221; header_font_size_last_edited=&#8221;on|tablet&#8221; background_last_edited=&#8221;on|desktop&#8221; background_image_tablet=&#8221;https:\/\/beesecure.ca\/wp-content\/uploads\/2022\/05\/MicrosoftTeams-image-31.jpg&#8221; background_image_phone=&#8221;https:\/\/beesecure.ca\/wp-content\/uploads\/2022\/05\/MicrosoftTeams-image-36.jpg&#8221; background_enable_image_tablet=&#8221;on&#8221; background_enable_image_phone=&#8221;on&#8221; locked=&#8221;off&#8221; global_colors_info=&#8221;{}&#8221;]<\/p>\n<h1><\/h1>\n<p style=\"text-align: center;\">Commander Lynx<\/p>\n<p style=\"text-align: center;\">Traceur GPS pour v\u00e9los et animaux de compagnie<\/p>\n<p>[\/et_pb_text][\/et_pb_column][\/et_pb_row][et_pb_row column_structure=&#8221;1_2,1_2&#8243; custom_padding_last_edited=&#8221;on|phone&#8221; _builder_version=&#8221;4.17.3&#8243; _module_preset=&#8221;default&#8221; width=&#8221;90%&#8221; max_width=&#8221;90%&#8221; custom_padding=&#8221;|||600px|false|false&#8221; custom_padding_tablet=&#8221;0px|||0px|false|false&#8221; custom_padding_phone=&#8221;|||0px|false|false&#8221; global_colors_info=&#8221;{}&#8221;][et_pb_column type=&#8221;1_2&#8243; _builder_version=&#8221;4.17.3&#8243; _module_preset=&#8221;default&#8221; global_colors_info=&#8221;{}&#8221;][et_pb_wc_checkout_billing placeholder_color=&#8221;#FFFFFF&#8221; _builder_version=&#8221;4.17.3&#8243; _module_preset=&#8221;default&#8221; form_field_background_color=&#8221;RGBA(255,255,255,0)&#8221; form_field_text_color=&#8221;#FFFFFF&#8221; form_field_focus_text_color=&#8221;#FFFFFF&#8221; form_field_custom_padding=&#8221;12px||12px||false|false&#8221; form_notice_background_color=&#8221;#e0816b&#8221; form_notice_custom_padding=&#8221;8px|15px|8px|15px|false|false&#8221; title_font=&#8221;DM Serif Display||||||||&#8221; title_text_color=&#8221;#FFFFFF&#8221; title_font_size=&#8221;30px&#8221; title_line_height=&#8221;1.4em&#8221; field_label_font=&#8221;Arial|700|||||||&#8221; field_label_text_color=&#8221;#FFFFFF&#8221; form_field_font=&#8221;Arial||||||||&#8221; form_notice_font=&#8221;Arial||||||||&#8221; form_notice_font_size=&#8221;14px&#8221; title_font_size_tablet=&#8221;24px&#8221; title_font_size_phone=&#8221;18px&#8221; title_font_size_last_edited=&#8221;on|desktop&#8221; border_radii_form_field=&#8221;on|10px|10px|10px|10px&#8221; border_width_all_form_field=&#8221;1px&#8221; border_color_all_form_field=&#8221;rgba(255,255,255,0.32)&#8221; global_colors_info=&#8221;{}&#8221;][\/et_pb_wc_checkout_billing][et_pb_wc_checkout_shipping placeholder_color=&#8221;#FFFFFF&#8221; _builder_version=&#8221;4.17.3&#8243; _module_preset=&#8221;default&#8221; form_field_background_color=&#8221;RGBA(255,255,255,0)&#8221; form_field_text_color=&#8221;#FFFFFF&#8221; form_field_focus_text_color=&#8221;#FFFFFF&#8221; form_field_custom_padding=&#8221;12px||12px||false|false&#8221; title_font=&#8221;DM Serif Display||||||||&#8221; title_text_color=&#8221;#FFFFFF&#8221; title_font_size=&#8221;30px&#8221; title_line_height=&#8221;1.4em&#8221; field_label_font=&#8221;Arial|700|||||||&#8221; field_label_text_color=&#8221;#FFFFFF&#8221; form_field_font=&#8221;Arial||||||||&#8221; title_font_size_tablet=&#8221;24px&#8221; title_font_size_phone=&#8221;18px&#8221; title_font_size_last_edited=&#8221;on|phone&#8221; border_radii_form_field=&#8221;on|10px|10px|10px|10px&#8221; border_width_all_form_field=&#8221;1px&#8221; border_color_all_form_field=&#8221;rgba(255,255,255,0.32)&#8221; global_colors_info=&#8221;{}&#8221;][\/et_pb_wc_checkout_shipping][\/et_pb_column][et_pb_column type=&#8221;1_2&#8243; _builder_version=&#8221;4.17.3&#8243; _module_preset=&#8221;default&#8221; global_colors_info=&#8221;{}&#8221;][et_pb_wc_cart_notice placeholder_color=&#8221;#FFFFFF&#8221; disabled_on=&#8221;on|on|on&#8221; _builder_version=&#8221;4.17.3&#8243; _module_preset=&#8221;default&#8221; form_field_background_color=&#8221;RGBA(255,255,255,0)&#8221; form_field_text_color=&#8221;#FFFFFF&#8221; form_field_focus_text_color=&#8221;#FFFFFF&#8221; form_field_custom_padding=&#8221;12px||12px||false|false&#8221; title_font=&#8221;Arial|600|||||||&#8221; title_text_color=&#8221;#FFFFFF&#8221; title_font_size=&#8221;14px&#8221; title_line_height=&#8221;1.8em&#8221; title_link_text_color=&#8221;#999e75&#8243; content_font=&#8221;Arial||||||||&#8221; content_text_color=&#8221;#FFFFFF&#8221; content_line_height=&#8221;1.8em&#8221; link_font=&#8221;Arial|700|||||||&#8221; link_text_color=&#8221;#999e75&#8243; field_label_font=&#8221;Arial|700|||||||&#8221; field_label_text_color=&#8221;#FFFFFF&#8221; background_color=&#8221;rgba(153,158,117,0.1)&#8221; custom_button=&#8221;on&#8221; button_text_size=&#8221;14px&#8221; button_text_color=&#8221;#FFFFFF&#8221; button_bg_color=&#8221;#E09900&#8243; button_border_width=&#8221;1px&#8221; button_border_color=&#8221;#E09900&#8243; button_border_radius=&#8221;0px&#8221; button_letter_spacing=&#8221;1px&#8221; button_font=&#8221;Arial|700||on|||||&#8221; button_use_icon=&#8221;off&#8221; button_custom_padding=&#8221;12px|24px|12px|24px|false|false&#8221; hover_enabled=&#8221;0&#8243; border_radii_form_field=&#8221;on||||&#8221; border_width_all_form_field=&#8221;1px&#8221; border_color_all_form_field=&#8221;rgba(255,255,255,0.32)&#8221; border_radii_form=&#8221;on|0px|0px|0px|0px&#8221; border_color_all_form=&#8221;rgba(255,255,255,0.32)&#8221; box_shadow_style=&#8221;preset7&#8243; box_shadow_horizontal=&#8221;0px&#8221; box_shadow_vertical=&#8221;3px&#8221; box_shadow_color=&#8221;#E09900&#8243; disabled=&#8221;on&#8221; locked=&#8221;off&#8221; global_colors_info=&#8221;{}&#8221; sticky_enabled=&#8221;0&#8243;][\/et_pb_wc_cart_notice][et_pb_wc_checkout_order_details _builder_version=&#8221;4.17.4&#8243; _module_preset=&#8221;default&#8221; table_cell_custom_padding=&#8221;|||0px|false|false&#8221; title_font=&#8221;DM Serif Display|700||on|||||&#8221; title_text_color=&#8221;#FFFFFF&#8221; title_font_size=&#8221;24px&#8221; title_line_height=&#8221;1.4em&#8221; column_label_font=&#8221;Arial|700|||||||&#8221; column_label_text_color=&#8221;rgba(255,255,255,0.32)&#8221; body_font=&#8221;Arial||||||||&#8221; body_text_color=&#8221;#FFFFFF&#8221; link_text_color=&#8221;#e0816b&#8221; custom_padding=&#8221;16px|16px|16px|16px|false|false&#8221; hover_enabled=&#8221;0&#8243; title_font_size_tablet=&#8221;22px&#8221; title_font_size_phone=&#8221;18px&#8221; title_font_size_last_edited=&#8221;on|phone&#8221; border_radii=&#8221;on|5px|5px|5px|5px&#8221; border_width_all=&#8221;1px&#8221; border_color_all=&#8221;rgba(255,255,255,0.1)&#8221; border_width_all_table=&#8221;0px&#8221; border_style_all_table_cell=&#8221;none&#8221; box_shadow_style=&#8221;preset1&#8243; box_shadow_color=&#8221;RGBA(255,255,255,0)&#8221; locked=&#8221;off&#8221; global_colors_info=&#8221;{}&#8221; sticky_enabled=&#8221;0&#8243;][\/et_pb_wc_checkout_order_details][et_pb_text _builder_version=&#8221;4.17.4&#8243; _module_preset=&#8221;default&#8221; text_font=&#8221;Arial|600|||||||&#8221; text_text_color=&#8221;#FFFFFF&#8221; global_colors_info=&#8221;{}&#8221;]<\/p>\n<p>*Les soldes impay\u00e9s seront d\u00e9bit\u00e9s de votre carte de cr\u00e9dit lors de l&#8217;exp\u00e9dition. <\/p>\n<p>[\/et_pb_text][et_pb_text _builder_version=&#8221;4.17.4&#8243; _module_preset=&#8221;default&#8221; text_font=&#8221;Arial|600|||||||&#8221; text_text_color=&#8221;#FFFFFF&#8221; locked=&#8221;off&#8221; global_colors_info=&#8221;{}&#8221;]<\/p>\n<p>F\u00c9LICITATIONS! En guise de remerciement pour la pr\u00e9commande, votre commande comprend un abonnement d&#8217;un an GRATUIT ! Les renouvellements d&#8217;abonnement peuvent \u00eatre s\u00e9lectionn\u00e9s apr\u00e8s 1 an, \u00e0 partir de 3,99 $CA\/mois.<\/p>\n<p>[\/et_pb_text][et_pb_button button_url=&#8221;https:\/\/beesecure.ca\/fr\/panier-de-pre-commande\/&#8221; button_text=&#8221;Afficher\/Modifier le panier&#8221; button_alignment=&#8221;center&#8221; _builder_version=&#8221;4.17.3&#8243; _module_preset=&#8221;default&#8221; custom_button=&#8221;on&#8221; button_text_size=&#8221;19px&#8221; button_text_color=&#8221;#FFFFFF&#8221; button_border_width=&#8221;2px&#8221; button_border_color=&#8221;#E09900&#8243; button_border_radius=&#8221;6px&#8221; button_use_icon=&#8221;off&#8221; global_colors_info=&#8221;{}&#8221; button_bg_color__hover_enabled=&#8221;on|hover&#8221; button_border_color__hover_enabled=&#8221;on|hover&#8221; button_bg_color_gradient_stops__hover=&#8221;#e58948 1%|#e09900 100%&#8221; button_bg_use_color_gradient__hover=&#8221;on&#8221; button_border_color__hover=&#8221;#E09900&#8243; locked=&#8221;off&#8221;][\/et_pb_button][et_pb_wc_checkout_payment_info _builder_version=&#8221;4.17.3&#8243; _module_preset=&#8221;default&#8221; radio_button_text_color=&#8221;#FFFFFF&#8221; tooltip_background_color=&#8221;RGBA(255,255,255,0)&#8221; tooltip_custom_margin=&#8221;-10px||17px||false|false&#8221; form_notice_background_color=&#8221;#e0816b&#8221; form_notice_custom_padding=&#8221;8px|15px|8px|15px|false|false&#8221; body_font=&#8221;Arial||||||||&#8221; body_text_color=&#8221;#FFFFFF&#8221; link_text_color=&#8221;#999e75&#8243; radio_button_font=&#8221;Arial|700|||||||&#8221; tooltip_font=&#8221;Arial||||||||&#8221; tooltip_text_color=&#8221;#FFFFFF&#8221; form_notice_font=&#8221;Arial||||||||&#8221; form_notice_font_size=&#8221;14px&#8221; background_color=&#8221;RGBA(255,255,255,0)&#8221; custom_button=&#8221;on&#8221; button_text_size=&#8221;14px&#8221; button_text_color=&#8221;#FFFFFF&#8221; button_bg_color=&#8221;#E09900&#8243; button_border_width=&#8221;1px&#8221; button_border_color=&#8221;#E09900&#8243; button_border_radius=&#8221;3px&#8221; button_letter_spacing=&#8221;1px&#8221; button_font=&#8221;Arial|700||on|||||&#8221; button_use_icon=&#8221;off&#8221; button_custom_padding=&#8221;12px|24px|12px|24px|false|false&#8221; custom_padding=&#8221;||||false|false&#8221; border_radii=&#8221;on|0px|0px|0px|0px&#8221; border_width_all=&#8221;0px&#8221; border_color_all=&#8221;rgba(255,255,255,0.1)&#8221; global_colors_info=&#8221;{}&#8221;][\/et_pb_wc_checkout_payment_info][\/et_pb_column][\/et_pb_row][\/et_pb_section][et_pb_section fb_built=&#8221;1&#8243; disabled_on=&#8221;on|on|on&#8221; _builder_version=&#8221;4.17.3&#8243; _module_preset=&#8221;default&#8221; disabled=&#8221;on&#8221; global_colors_info=&#8221;{}&#8221;][et_pb_row _builder_version=&#8221;4.17.3&#8243; _module_preset=&#8221;default&#8221; global_colors_info=&#8221;{}&#8221;][et_pb_column type=&#8221;4_4&#8243; _builder_version=&#8221;4.17.3&#8243; _module_preset=&#8221;default&#8221; global_colors_info=&#8221;{}&#8221;][et_pb_code _builder_version=&#8221;4.17.3&#8243; _module_preset=&#8221;default&#8221; global_colors_info=&#8221;{}&#8221;]<div class=\"woocommerce\"><\/div>[\/et_pb_code][\/et_pb_column][\/et_pb_row][\/et_pb_section]<\/p>\n","protected":false},"excerpt":{"rendered":"<p>Commander Lynx Traceur GPS pour v\u00e9los et animaux de compagnie*Les soldes impay\u00e9s seront d\u00e9bit\u00e9s de votre carte de cr\u00e9dit lors de l&#8217;exp\u00e9dition. F\u00c9LICITATIONS! En guise de remerciement pour la pr\u00e9commande, votre commande comprend un abonnement d&#8217;un an GRATUIT ! Les renouvellements d&#8217;abonnement peuvent \u00eatre s\u00e9lectionn\u00e9s apr\u00e8s 1 an, \u00e0 partir de 3,99 $CA\/mois.<div class=\"woocommerce\"><\/div><\/p>\n","protected":false},"author":1,"featured_media":0,"parent":0,"menu_order":0,"comment_status":"closed","ping_status":"closed","template":"","meta":{"_seopress_robots_primary_cat":"","_seopress_titles_title":"","_seopress_titles_desc":"","_seopress_robots_index":"","_et_pb_use_builder":"on","_et_pb_old_content":"","_et_gb_content_width":"","footnotes":""},"class_list":["post-313795","page","type-page","status-publish","hentry"],"jetpack_sharing_enabled":true,"_links":{"self":[{"href":"https:\/\/beesecure.ca\/fr\/wp-json\/wp\/v2\/pages\/313795","targetHints":{"allow":["GET"]}}],"collection":[{"href":"https:\/\/beesecure.ca\/fr\/wp-json\/wp\/v2\/pages"}],"about":[{"href":"https:\/\/beesecure.ca\/fr\/wp-json\/wp\/v2\/types\/page"}],"author":[{"embeddable":true,"href":"https:\/\/beesecure.ca\/fr\/wp-json\/wp\/v2\/users\/1"}],"replies":[{"embeddable":true,"href":"https:\/\/beesecure.ca\/fr\/wp-json\/wp\/v2\/comments?post=313795"}],"version-history":[{"count":0,"href":"https:\/\/beesecure.ca\/fr\/wp-json\/wp\/v2\/pages\/313795\/revisions"}],"wp:attachment":[{"href":"https:\/\/beesecure.ca\/fr\/wp-json\/wp\/v2\/media?parent=313795"}],"curies":[{"name":"wp","href":"https:\/\/api.w.org\/{rel}","templated":true}]}}