{"id":306099,"date":"2021-10-20T14:30:10","date_gmt":"2021-10-20T20:30:10","guid":{"rendered":"https:\/\/beesecure.ca\/boutique\/conditions-dutilisation\/"},"modified":"2021-10-20T14:30:10","modified_gmt":"2021-10-20T20:30:10","slug":"conditions-dutilisation","status":"publish","type":"page","link":"https:\/\/beesecure.ca\/fr\/boutique\/conditions-dutilisation\/","title":{"rendered":"Conditions d&#8217;utilisation"},"content":{"rendered":"<h2 style=\"margin-top: 0; line-height: 1;\">CONDITIONS D&#8217;UTILISATION<\/h2>\n<p>Les pr\u00e9sentes conditions d&#8217;utilisation constituent un contrat l\u00e9gal entre vous et Rivercity Innovations Ltd. (\u00ab&nbsp;RCI&nbsp;\u00bb, \u00ab&nbsp;nous&nbsp;\u00bb, \u00ab&nbsp;notre&nbsp;\u00bb), r\u00e9gissant votre utilisation de logiciels mobiles ou de services Web ou de logiciels Web (\u00ab&nbsp;BeeSecure&nbsp;\u00bb) d\u00e9tenus, contr\u00f4l\u00e9s ou offert par RCI Ltd.<\/p>\n<p>VEUILLEZ LIRE ATTENTIVEMENT LES CONDITIONS G\u00c9N\u00c9RALES DE SERVICE SUIVANTES. EN UTILISANT BEESECURE, VOUS RECONNAISSEZ AVOIR LU, COMPRIS ET ACCEPTER D&#8217;\u00caTRE LI\u00c9 PAR LES CONDITIONS DE CES CONDITIONS D&#8217;UTILISATION. SI VOUS N&#8217;ACCEPTEZ PAS CES CONDITIONS D&#8217;UTILISATION, VEUILLEZ CESSER IMM\u00c9DIATEMENT D&#8217;UTILISER BEESECURE.<\/p>\n<p>Vous reconnaissez et acceptez que ce contrat est uniquement entre vous et RCI et aucun des partenaires, distributeurs, promoteurs ou prestataires de services de RCI (collectivement, les \u00ab&nbsp;Distributeurs&nbsp;\u00bb). Si vous avez un probl\u00e8me ou une r\u00e9clamation concernant BeeSecure, RCI, et non ses Distributeurs, sera seul responsable du traitement du probl\u00e8me ou de la r\u00e9clamation. Si vous avez obtenu BeeSecure de l&#8217;un des Distributeurs de RCI, vous acceptez qu&#8217;un tel Distributeur n&#8217;aura aucune obligation ou responsabilit\u00e9 de vous fournir des services de garantie, de maintenance et d&#8217;assistance concernant BeeSecure.<\/p>\n<h5>1. OCTROI DE LICENCE<\/h5>\n<p>BeeSecure vous est conc\u00e9d\u00e9 sous licence et n&#8217;est pas vendu. Sous r\u00e9serve des termes de cet accord, RCI vous accorde une licence personnelle, non exclusive, non transf\u00e9rable et non sous-licenciable pour utiliser BeeSecure uniquement \u00e0 des fins professionnelles personnelles ou internes. Vous pouvez utiliser BeeSecure sur tout appareil mobile ou personnel l\u00e9galement sous votre contr\u00f4le, pour votre usage personnel ou professionnel interne. Vous conserverez tous les droits de propri\u00e9t\u00e9 sur les Donn\u00e9es utilisateur (telles que d\u00e9finies ci-dessous) que vous transf\u00e9rez \u00e0 RCI pour une utilisation avec BeeSecure. Lorsque vous soumettez des Donn\u00e9es d&#8217;utilisateur \u00e0 RCI, vous accordez par la pr\u00e9sente \u00e0 RCI, une licence mondiale non exclusive, libre de redevances pour utiliser, copier, modifier, sous-licencier et distribuer vos Donn\u00e9es d&#8217;utilisateur sur et via notre site Web en votre nom uniquement pour le dans le but de vous fournir des donn\u00e9es via BeeSecure. En ce qui concerne tout code open source ou tiers pouvant \u00eatre incorpor\u00e9 dans BeeSecure, ce code open source est couvert par le contrat de licence d&#8217;utilisateur final open source ou tiers applicable, le cas \u00e9ch\u00e9ant, autorisant l&#8217;utilisation de ce code.<\/p>\n<h5>2. R\u00c9SERVE DE DROITS<\/h5>\n<p>BeeSecure et tout le contenu, interfaces visuelles, informations, graphiques, conception, compilation, code informatique, produits, logiciels, marques commerciales, marques de service, noms commerciaux et services sont la propri\u00e9t\u00e9 de RCI ou de ses filiales ou soci\u00e9t\u00e9s affili\u00e9es et\/ou conc\u00e9dants de licence tiers . \u00c0 l&#8217;exception de la licence expresse qui vous est accord\u00e9e, aucun droit, titre, int\u00e9r\u00eat ou licence \u00e0 BeeSecure ne vous est accord\u00e9, que ce soit par implication, pr\u00e9clusion ou autrement.<\/p>\n<h5>3. RESTRICTIONS<\/h5>\n<p>Vous reconnaissez et acceptez que vous ne : (a) reproduire ou tenter de reproduire BeeSecure&nbsp;; (b) modifier, adapter, traduire ou cr\u00e9er des \u0153uvres d\u00e9riv\u00e9es de BeeSecure ou tenter de faire ce qui pr\u00e9c\u00e8de&nbsp;; (c) tenter de contourner ou de d\u00e9sactiver BeeSecure ou toute technologie, fonctionnalit\u00e9 ou mesure dans BeeSecure par quelque moyen ou de quelque mani\u00e8re que ce soit&nbsp;; (d) tenter de d\u00e9compiler, d\u00e9sassembler, faire de l&#8217;ing\u00e9nierie inverse ou tenter de toute autre mani\u00e8re de d\u00e9river le code source de BeeSecure&nbsp;; (e) distribuer, grever, vendre, louer, conc\u00e9der en sous-licence ou autrement transf\u00e9rer, publier ou divulguer BeeSecure \u00e0 un tiers&nbsp;; (f) utiliser pour un bureau de service ou commercialiser ou tenter de commercialiser autrement l&#8217;utilisation de BeeSecure&nbsp;; ou (g) supprimer ou modifier toute marque de commerce, logo, droit d&#8217;auteur ou autres avis de propri\u00e9t\u00e9, l\u00e9gendes, symboles ou \u00e9tiquettes dans ou sur BeeSecure ou utilis\u00e9s en relation avec BeeSecure.<\/p>\n<h5>4. DONN\u00c9ES UTILISATEUR ET DONN\u00c9ES DE LOCALISATION<\/h5>\n<p>BeeSecure peut autoriser la soumission de contenu et de mat\u00e9riel par vous, le cas \u00e9ch\u00e9ant (collectivement, les \u00ab&nbsp;Donn\u00e9es utilisateur&nbsp;\u00bb), et l&#8217;h\u00e9bergement, le stockage, le partage et\/ou la publication de ces Donn\u00e9es utilisateur. Vous serez seul responsable de vos propres Donn\u00e9es Utilisateur et des cons\u00e9quences de leur stockage ou de leur transmission. RCI n&#8217;assume aucune responsabilit\u00e9 quelle qu&#8217;elle soit en relation avec ou d\u00e9coulant des donn\u00e9es utilisateur ou pour surveiller activement les donn\u00e9es utilisateur pour le contenu inappropri\u00e9 ou ill\u00e9gal. RCI n&#8217;approuve pas et n&#8217;a aucun contr\u00f4le sur le contenu des donn\u00e9es utilisateur soumises par d&#8217;autres utilisateurs. RCI se r\u00e9serve le droit de vous emp\u00eacher de soumettre des Donn\u00e9es d&#8217;utilisateur et de restreindre ou de supprimer des Donn\u00e9es d&#8217;utilisateur pour quelque raison que ce soit et \u00e0 tout moment. De plus, BeeSecure peut utiliser les donn\u00e9es re\u00e7ues ou obtenues de votre appareil sans fil pour d\u00e9terminer votre emplacement (\u00ab&nbsp;Donn\u00e9es de localisation&nbsp;\u00bb). En utilisant BeeSecure, vous consentez et autorisez RCI \u00e0 utiliser les donn\u00e9es de localisation conform\u00e9ment aux termes de notre politique de confidentialit\u00e9, y compris les comptes utilis\u00e9s par des enfants de moins de 13 ans (voir la section 5 ci-dessous pour plus d&#8217;informations sur la collecte de donn\u00e9es aupr\u00e8s d&#8217;enfants de moins de 13 ans). 13 ans). RCI ne fait aucune repr\u00e9sentation, garantie ou garantie d&#8217;exactitude, d&#8217;exhaustivit\u00e9 ou d&#8217;actualit\u00e9 en ce qui concerne les donn\u00e9es de localisation.<\/p>\n<h5>5. POLITIQUE DE CONFIDENTIALIT\u00c9&nbsp;; Conformit\u00e9 COPPA&nbsp;; DIRECTIVES RELATIVES AUX CARACT\u00c9RISTIQUES ET SERVICES INDIVIDUELS<\/h5>\n<p>La Politique de confidentialit\u00e9 de RCI est par la pr\u00e9sente incorpor\u00e9e dans le pr\u00e9sent Contrat par r\u00e9f\u00e9rence. Veuillez lire attentivement cette politique de confidentialit\u00e9 pour les divulgations relatives \u00e0 la collecte, l&#8217;utilisation et la divulgation de vos informations personnelles et les restrictions sur l&#8217;utilisation du mot de passe de votre compte. En utilisant ce service, vous consentez \u00e0 la collecte et \u00e0 l&#8217;utilisation par RCI des donn\u00e9es utilisateur comme d\u00e9crit dans la politique en vigueur au moment o\u00f9 les donn\u00e9es sont collect\u00e9es.<\/p>\n<p>Lorsque vous utilisez BeeSecure, vous serez soumis \u00e0 toutes les directives ou r\u00e8gles publi\u00e9es suppl\u00e9mentaires applicables \u00e0 certaines fonctionnalit\u00e9s, qui peuvent \u00eatre publi\u00e9es de temps \u00e0 autre (les \u00ab&nbsp;Directives&nbsp;\u00bb), qui sont \u00e9galement incorpor\u00e9es par r\u00e9f\u00e9rence dans le pr\u00e9sent Contrat.<\/p>\n<p>La loi sur la protection de la vie priv\u00e9e en ligne des enfants (\u00ab&nbsp;COPPA&nbsp;\u00bb) exige que nous informions les parents et les tuteurs l\u00e9gaux de la mani\u00e8re dont nous collectons, utilisons et divulguons les informations personnelles des enfants de moins de 13&nbsp;ans&nbsp;; et que nous obtenions le consentement des parents et des tuteurs pour que les enfants de moins de 13 ans puissent utiliser certaines fonctionnalit\u00e9s de nos services d&#8217;application et de site Web. Nous d\u00e9crivons nos pratiques de collecte d&#8217;informations aupr\u00e8s de tous les utilisateurs de compte dans notre politique de confidentialit\u00e9. En enregistrant des appareils principalement utilis\u00e9s par des enfants de moins de 13 ans, vous acceptez de permettre \u00e0 RCI de collecter les informations n\u00e9cessaires \u00e0 l&#8217;utilisation de BeeSecure sur l&#8217;appareil de l&#8217;enfant. Si vous avez des questions, veuillez nous contacter \u00e0 hello@beesecure.ca.<\/p>\n<h5>6. MODIFICATION DE CET ACCORD<\/h5>\n<p>RCI peut modifier les pr\u00e9sentes Conditions d&#8217;utilisation de temps \u00e0 autre. Toutes les modifications apport\u00e9es \u00e0 cet accord seront publi\u00e9es sur le site BeeSecure.ca, et vous acceptez d&#8217;\u00eatre li\u00e9 par toute modification des conditions d&#8217;utilisation lorsque vous continuez \u00e0 utiliser BeeSecure apr\u00e8s la publication de ces modifications.<\/p>\n<h5>7. CONDITIONS DE PAIEMENT&nbsp;; REMBOURSEMENTS<\/h5>\n<p>Les contrats d&#8217;abonnement se d\u00e9clinent en 3 options : mois par mois, 24 mois (2 ans) et 36 mois (3 ans). Vos frais de service mensuels et le co\u00fbt du mat\u00e9riel peuvent varier en fonction de votre contrat s\u00e9lectionn\u00e9 au moment de l&#8217;achat, et vos frais de messagerie mensuels sont bas\u00e9s sur un nombre fixe de messages envoy\u00e9s \u00e0 partir de votre compte. Si vous choisissez un contrat d&#8217;abonnement de 24 ou 36 mois, vous devez effectuer des paiements pour l&#8217;appareil achet\u00e9 pendant toute la dur\u00e9e du contrat. \u00c0 la fin de la dur\u00e9e du contrat d&#8217;abonnement, votre appareil sera automatiquement converti en un contrat mensuel. Un contrat mensuel peut \u00eatre annul\u00e9 \u00e0 tout moment sans p\u00e9nalit\u00e9. Si vous choisissez d&#8217;annuler l&#8217;accord que vous avez choisi avant la fin de la dur\u00e9e ou si vous n&#8217;effectuez pas vos paiements comme convenu, vous serez automatiquement responsable de la valeur totale de l&#8217;accord d&#8217;abonnement que vous avez choisi sur la base du prix lors de l&#8217;achat. Le plan n&#8217;est pas transf\u00e9rable et non remboursable.<\/p>\n<p>Vous serez factur\u00e9 sur une base r\u00e9currente en fonction de la date \u00e0 laquelle vous achetez soit via votre carte de cr\u00e9dit (\u00ab&nbsp;facturation par carte de cr\u00e9dit&nbsp;\u00bb) ou votre compte PayPal. Si vous choisissez d&#8217;annuler votre mois \u00e0 tout moment, vous continuerez \u00e0 avoir acc\u00e8s aux fonctionnalit\u00e9s de votre forfait jusqu&#8217;\u00e0 la fin du cycle de facturation en cours. Si vous avez des questions ou des probl\u00e8mes, vous pouvez nous contacter \u00e0 hello@beesecure.ca.<\/p>\n<p><strong>Remboursements<\/strong><\/p>\n<p>Les remboursements seront trait\u00e9s au cas par cas. Les remboursements ne seront accord\u00e9s qu&#8217;en cas de probl\u00e8me avec les fonctionnalit\u00e9s suppl\u00e9mentaires d&#8217;un plan sp\u00e9cifique et apr\u00e8s que l&#8217;utilisateur a suivi les proc\u00e9dures de d\u00e9pannage. Les remboursements ne seront pas accord\u00e9s en cas de probl\u00e8me avec les fonctionnalit\u00e9s gratuites de l&#8217;application. Les remboursements ne peuvent pour aucune raison \u00eatre accord\u00e9s apr\u00e8s 3 mois \u00e0 compter de la date d&#8217;achat. Dans le cas o\u00f9 vous souhaitez annuler votre abonnement, vous aurez acc\u00e8s aux fonctionnalit\u00e9s de votre plan sp\u00e9cifique jusqu&#8217;\u00e0 la fin de votre cycle de facturation en cours.<\/p>\n<h5>8. SOUTIEN<\/h5>\n<p>Le soutien \u00e0 tous les utilisateurs sera fourni par courriel \u00e0 hello@beesecure.ca. L&#8217;assistance consiste \u00e0 r\u00e9pondre aux e-mails d\u00e8s que possible pendant les heures ouvrables normales du lundi au vendredi de 8h \u00e0 17h CST. Aucune garantie n&#8217;est faite quant au temps de r\u00e9ponse d&#8217;un tel e-mail.<\/p>\n<h5>9. R\u00c8GLES D&#8217;UTILISATION ; CONDUITE ET UTILISATIONS INTERDITES<\/h5>\n<p>VOUS COMPRENEZ ET RECONNAISSEZ ET ACCEPTEZ PAR LA PR\u00c9SENTE QUE VOUS NE POUVEZ PAS ET GARANTIR QUE VOUS NE POUVEZ PAS&nbsp;:<\/p>\n<ol>\n<li>utiliser BeeSecure \u00e0 des fins ill\u00e9gales ou en violation de toute loi, y compris, sans limitation, les lois r\u00e9gissant la propri\u00e9t\u00e9 intellectuelle, la protection des donn\u00e9es et la confidentialit\u00e9, et le contr\u00f4le des importations ou des exportations&nbsp;;<\/li>\n<li>utiliser BeeSecure pour suivre, surveiller ou espionner un individu sans son autorisation&nbsp;;<\/li>\n<li>supprimer, contourner, d\u00e9sactiver, endommager ou interf\u00e9rer de quelque mani\u00e8re que ce soit avec les fonctionnalit\u00e9s li\u00e9es \u00e0 la s\u00e9curit\u00e9 de BeeSecure, les fonctionnalit\u00e9s qui emp\u00eachent ou restreignent l&#8217;utilisation ou la copie de tout contenu accessible via BeeSecure, ou les fonctionnalit\u00e9s qui imposent des limitations \u00e0 l&#8217;utilisation de BeeSecure&nbsp;;<\/li>\n<li>interf\u00e9rer ou endommager intentionnellement le fonctionnement de BeeSecure ou la jouissance du produit par tout utilisateur, par quelque moyen que ce soit, y compris le t\u00e9l\u00e9chargement ou la diffusion de virus, vers ou autre code malveillant&nbsp;;<\/li>\n<li>publier, stocker, envoyer, transmettre ou diffuser toute information ou mat\u00e9riel qui enfreint des brevets, des marques, des secrets commerciaux, des droits d&#8217;auteur ou tout autre droit de propri\u00e9t\u00e9 ou de propri\u00e9t\u00e9 intellectuelle&nbsp;; ou<\/li>\n<li>utiliser un robot, une araign\u00e9e, un grattoir ou tout autre moyen automatis\u00e9 pour acc\u00e9der \u00e0 BeeSecure \u00e0 quelque fin que ce soit sans notre autorisation \u00e9crite expresse ou contourner nos en-t\u00eates d&#8217;exclusion de robot ou d&#8217;autres mesures que nous pouvons utiliser pour emp\u00eacher ou restreindre l&#8217;acc\u00e8s \u00e0 BeeSecure ou modifier BeeSecure de quelque mani\u00e8re ou forme que ce soit, ni d&#8217;utiliser des versions modifi\u00e9es de BeeSecure, y compris (sans limitation) dans le but d&#8217;obtenir un acc\u00e8s non autoris\u00e9 \u00e0 BeeSecure.<\/li>\n<\/ol>\n<h5>10. SITES, PRODUITS ET SERVICES DE TIERS&nbsp;; LIENS<\/h5>\n<p>BeeSecure peut inclure des liens vers d&#8217;autres sites Web ou services uniquement pour la commodit\u00e9 des utilisateurs. RCI n&#8217;approuve ni ne fait aucune d\u00e9claration concernant ces sites li\u00e9s ou toute information ou mat\u00e9riel accessible via d&#8217;autres sites li\u00e9s. RCI d\u00e9cline toute responsabilit\u00e9 relative \u00e0 votre utilisation de ces sites li\u00e9s.<\/p>\n<h5>11. CONTRLE DES EXPORTATIONS<\/h5>\n<p>BeeSecure est originaire du Canada et est soumis aux lois et r\u00e9glementations canadiennes en mati\u00e8re d&#8217;exportation. BeeSecure ne peut pas \u00eatre export\u00e9 ou r\u00e9export\u00e9 vers certains pays ou les personnes ou entit\u00e9s interdites de recevoir des exportations du Canada. De plus, BeeSecure peut \u00eatre soumis aux lois d&#8217;importation et d&#8217;exportation d&#8217;autres pays. Vous acceptez de vous conformer \u00e0 toutes les lois canadiennes et \u00e9trang\u00e8res relatives \u00e0 l&#8217;utilisation de BeeSecure.<\/p>\n<h5>12. DROITS DES CONSOMMATEURS<\/h5>\n<p>Vous pouvez b\u00e9n\u00e9ficier des garanties des consommateurs et des garanties donn\u00e9es en vertu de la loi (\u00ab&nbsp;Conditions obligatoires&nbsp;\u00bb). Lorsqu&#8217;une loi s&#8217;applique au pr\u00e9sent Contrat pour vous faire b\u00e9n\u00e9ficier des Conditions obligatoires, et que cette loi ne permet pas \u00e0 RCI d&#8217;exclure ou de limiter l&#8217;application de ces Conditions obligatoires (ou annulerait toute tentative de le faire), alors ces Conditions obligatoires s&#8217;appliquent au pr\u00e9sent Contrat pour votre b\u00e9n\u00e9fice, et rien dans le pr\u00e9sent Contrat n&#8217;exclut ou ne limite ces Conditions Obligatoires ou la responsabilit\u00e9 en cas de violation de celles-ci. Cela s&#8217;applique \u00e0 tous les termes du pr\u00e9sent Contrat, y compris tous les termes relatifs aux AVIS DE NON-RESPONSABILIT\u00c9&nbsp;: AUCUNE GARANTIE, INDEMNISATION&nbsp;: TENIR \u00c0 L&#8217;\u00c9COUTE DE TOUTE RESPONSABILIT\u00c9 ET LIMITATION DE RESPONSABILIT\u00c9 ET DE DOMMAGES.<\/p>\n<h5>13. AVIS DE NON-RESPONSABILIT\u00c9&nbsp;; AUCUNE GARANTIE<\/h5>\n<p>BEESECURE ET TOUT LOGICIEL, SERVICES OU APPLICATIONS TIERS MIS \u00c0 DISPOSITION EN RELATION AVEC BEESECURE SONT FOURNIS \u00ab EN L&#8217;\u00c9TAT \u00bb, SANS GARANTIE D&#8217;AUCUNE SORTE. DANS LA MESURE MAXIMALE AUTORIS\u00c9E PAR LA LOI APPLICABLE, RCI, SES FOURNISSEURS ET SES PARTENAIRES, D\u00c9CLINENT TOUTE GARANTIE, EXPRESSE OU IMPLICITE, Y COMPRIS, MAIS SANS S&#8217;Y LIMITER, LES GARANTIES IMPLICITES DE QUALIT\u00c9 MARCHANDE, D&#8217;ADAPTATION \u00c0 UN USAGE PARTICULIER ET DE NON-INFRACTION . RCI ET SES FOURNISSEURS ET PARTENAIRES NE GARANTISSENT PAS QUE LES FONCTIONS CONTENUES DANS BEESECURE SERONT ININTERROMPUES OU SANS ERREUR, QUE LES D\u00c9FAUTS SERONT CORRIG\u00c9S, QUE BEESECURE OU LE SERVEUR QUI LES REND DISPONIBLES SONT EXEMPTS DE COMPOSANTS NUISIBLES OU QUE BEESECURE EST REQUIS . VOUS \u00caTES SEUL RESPONSABLE DE TOUT DOMMAGE \u00c0 VOTRE \u00c9QUIPEMENT OU APPAREIL, PERTE D&#8217;UTILISATION OU PERTE DE DONN\u00c9ES.<\/p>\n<h5>14. INDEMNISATION&nbsp;; TENEZ-VOUS SANS RISQUE<\/h5>\n<p>Vous acceptez d&#8217;indemniser, de d\u00e9fendre et de d\u00e9gager de toute responsabilit\u00e9 RCI, ses soci\u00e9t\u00e9s affili\u00e9es et ses fournisseurs et partenaires de toute r\u00e9clamation, poursuite, action, perte, co\u00fbt, dommage et toute autre responsabilit\u00e9, y compris les honoraires d&#8217;avocat, d\u00e9coulant de ou li\u00e9s \u00e0 (a) votre utilisation ou mauvaise utilisation de BeeSecure, (b) toute violation des droits de toute autre personne ou entit\u00e9 par vous, ou (c) toute violation ou violation par vous du pr\u00e9sent Accord. RCI se r\u00e9serve le droit, \u00e0 vos frais, d&#8217;assumer la d\u00e9fense et le contr\u00f4le exclusifs de toute affaire pour laquelle vous \u00eates tenu de nous indemniser, et vous acceptez de coop\u00e9rer avec notre d\u00e9fense de ces r\u00e9clamations.<\/p>\n<h5>15. LIMITATION DE RESPONSABILIT\u00c9 ET DOMMAGES<\/h5>\n<p>DANS LA MESURE PERMISE PAR LA LOI APPLICABLE, RCI OU SES FILIALES, ENTREPRENEURS, EMPLOY\u00c9S, AGENTS OU TIERS PARTENAIRES OU FOURNISSEURS NE SERONT PAS RESPONSABLES ENVERS VOUS DES DOMMAGES SP\u00c9CIAUX, INDIRECTS, ACCESSOIRES, PUNITIFS, DE CONFIANCE, CONS\u00c9CUTIFS OU EXEMPLAIRES \u00c0 VOTRE UTILISATION DE BEESECURE, M\u00caME SI RCI A \u00c9T\u00c9 INFORM\u00c9 DE LA POSSIBILIT\u00c9 DE TELS DOMMAGES. VOUS ACCEPTEZ QUE LES LIMITATIONS DE RESPONSABILIT\u00c9 \u00c9NONC\u00c9ES DANS CETTE SECTION SURVIVRA \u00c0 TOUTE R\u00c9SILIATION OU EXPIRATION DE CET ACCORD ET S&#8217;APPLIQUERONT M\u00caME SI UN RECOURS LIMIT\u00c9 SP\u00c9CIFI\u00c9 DANS LES PR\u00c9SENTES EST CONSTAT\u00c9 N&#8217;A PAS ATTEINT SON OBJECTIF ESSENTIEL. EN AUCUN CAS LA RESPONSABILIT\u00c9 TOTALE DE RCI (OU DE SES FILIALES, ENTREPRENEURS, EMPLOY\u00c9S, AGENTS, FOURNISSEURS OU PARTENAIRES TIERS) ENVERS VOUS POUR TOUS DOMMAGES, PERTES ET CAUSES D&#8217;ACTION D\u00c9COULANT DE OU LI\u00c9S AU PR\u00c9SENT CONTRAT N&#8217;EXC\u00c9DERA LES MONTANTS PAY\u00c9S PAR VOUS POUR ACC\u00c9DER \u00c0 BEESECURE AU COURS DES DOUZE (12) MOIS PR\u00c9C\u00c9DANT IMM\u00c9DIATEMENT LA DATE DE VOTRE R\u00c9CLAMATION OU MILLE DOLLARS, SELON LA PLUS \u00c9LEV\u00c9E.<\/p>\n<h5>16. DISPONIBILIT\u00c9 ET MISES \u00c0 JOUR<\/h5>\n<p>RCI peut modifier, suspendre ou interrompre le site Web, l&#8217;application Web et\/ou le service BeeSecure \u00e0 tout moment et pour quelque raison que ce soit, ou sans raison, sans pr\u00e9avis. Le site Web, l&#8217;application et\/ou le service peuvent \u00eatre indisponibles de temps \u00e0 autre en raison de la maintenance ou du dysfonctionnement de l&#8217;\u00e9quipement informatique ou r\u00e9seau ou pour d&#8217;autres raisons. RCI peut p\u00e9riodiquement ajouter ou mettre \u00e0 jour les informations et les documents sur le site Web BeeSecure sans pr\u00e9avis.<\/p>\n<p>Bien que nous essayions de nous assurer que le site Web et l&#8217;application Web BeeSecure sont normalement disponibles vingt-quatre (24) heures sur 24, nous n&#8217;assumons aucune obligation de le faire et RCI ne sera pas responsable envers vous si le site Web n&#8217;est pas disponible \u00e0 tout moment. ou pour n&#8217;importe quelle p\u00e9riode.<\/p>\n<h5>17. S\u00c9CURIT\u00c9<\/h5>\n<p>Les informations envoy\u00e9es ou re\u00e7ues sur Internet ne sont g\u00e9n\u00e9ralement pas s\u00e9curis\u00e9es et RCI ne peut et ne fait aucune d\u00e9claration ou garantie concernant la s\u00e9curit\u00e9 de toute communication vers ou depuis le site Web ou toute repr\u00e9sentation ou garantie concernant l&#8217;interception par des tiers d&#8217;informations personnelles ou autres. Vous \u00eates responsable de la protection du mot de passe que vous utilisez pour acc\u00e9der au service et vous \u00eates responsable de toutes les activit\u00e9s ou actions sous votre mot de passe. Vous acceptez de garder votre mot de passe s\u00e9curis\u00e9. Aucun membre de RCI ne pourra \u00eatre tenu responsable de toute perte ou dommage r\u00e9sultant de votre non-respect de ces exigences.<\/p>\n","protected":false},"excerpt":{"rendered":"<p>CONDITIONS D&#8217;UTILISATION Les pr\u00e9sentes conditions d&#8217;utilisation constituent un contrat l\u00e9gal entre vous et Rivercity Innovations Ltd. (\u00ab&nbsp;RCI&nbsp;\u00bb, \u00ab&nbsp;nous&nbsp;\u00bb, \u00ab&nbsp;notre&nbsp;\u00bb), r\u00e9gissant votre utilisation de logiciels mobiles ou de services Web ou de logiciels Web (\u00ab&nbsp;BeeSecure&nbsp;\u00bb) d\u00e9tenus, contr\u00f4l\u00e9s ou offert par RCI Ltd. VEUILLEZ LIRE ATTENTIVEMENT LES CONDITIONS G\u00c9N\u00c9RALES DE SERVICE SUIVANTES. EN UTILISANT BEESECURE, VOUS RECONNAISSEZ [&hellip;]<\/p>\n","protected":false},"author":1,"featured_media":0,"parent":305885,"menu_order":0,"comment_status":"closed","ping_status":"closed","template":"","meta":{"_seopress_robots_primary_cat":"","_seopress_titles_title":"","_seopress_titles_desc":"","_seopress_robots_index":"","_et_pb_use_builder":"","_et_pb_old_content":"","_et_gb_content_width":"","footnotes":""},"class_list":["post-306099","page","type-page","status-publish","hentry"],"jetpack_sharing_enabled":true,"_links":{"self":[{"href":"https:\/\/beesecure.ca\/fr\/wp-json\/wp\/v2\/pages\/306099","targetHints":{"allow":["GET"]}}],"collection":[{"href":"https:\/\/beesecure.ca\/fr\/wp-json\/wp\/v2\/pages"}],"about":[{"href":"https:\/\/beesecure.ca\/fr\/wp-json\/wp\/v2\/types\/page"}],"author":[{"embeddable":true,"href":"https:\/\/beesecure.ca\/fr\/wp-json\/wp\/v2\/users\/1"}],"replies":[{"embeddable":true,"href":"https:\/\/beesecure.ca\/fr\/wp-json\/wp\/v2\/comments?post=306099"}],"version-history":[{"count":0,"href":"https:\/\/beesecure.ca\/fr\/wp-json\/wp\/v2\/pages\/306099\/revisions"}],"up":[{"embeddable":true,"href":"https:\/\/beesecure.ca\/fr\/wp-json\/wp\/v2\/pages\/305885"}],"wp:attachment":[{"href":"https:\/\/beesecure.ca\/fr\/wp-json\/wp\/v2\/media?parent=306099"}],"curies":[{"name":"wp","href":"https:\/\/api.w.org\/{rel}","templated":true}]}}