{"id":306009,"date":"2021-10-20T14:29:33","date_gmt":"2021-10-20T20:29:33","guid":{"rendered":"https:\/\/beesecure.ca\/surveillance\/"},"modified":"2021-10-20T14:30:12","modified_gmt":"2021-10-20T20:30:12","slug":"surveillance","status":"publish","type":"page","link":"https:\/\/beesecure.ca\/fr\/applications\/surveillance\/","title":{"rendered":"Surveillance"},"content":{"rendered":"<p>[et_pb_section fb_built=&#8221;1&#8243; custom_padding_last_edited=&#8221;on|phone&#8221; _builder_version=&#8221;3.24.1&#8243; background_color=&#8221;#000000&#8243; use_background_color_gradient=&#8221;on&#8221; background_color_gradient_start=&#8221;#404852&#8243; background_color_gradient_end=&#8221;#000000&#8243; custom_padding=&#8221;0px|0px|0px|0px||&#8221; custom_padding_tablet=&#8221;&#8221; custom_padding_phone=&#8221;||30px&#8221; border_width_top=&#8221;2px&#8221; border_color_top=&#8221;#e09900&#8243; border_width_bottom=&#8221;2px&#8221; border_color_bottom=&#8221;#e09900&#8243;][et_pb_row _builder_version=&#8221;3.25&#8243; custom_margin=&#8221;15px|auto||auto||&#8221; custom_padding=&#8221;||0px|||&#8221;][et_pb_column type=&#8221;4_4&#8243; _builder_version=&#8221;3.25&#8243; custom_padding=&#8221;|||&#8221; custom_padding__hover=&#8221;|||&#8221;][et_pb_text _builder_version=&#8221;3.27.4&#8243; header_font=&#8221;||||||||&#8221; header_4_font=&#8221;Raleway|700|||||||&#8221; header_4_text_align=&#8221;center&#8221; header_4_text_color=&#8221;#e09900&#8243; header_4_font_size=&#8221;86px&#8221; custom_margin=&#8221;||1px|||&#8221; custom_padding=&#8221;|||||&#8221; header_4_font_size_tablet=&#8221;&#8221; header_4_font_size_phone=&#8221;50px&#8221; header_4_font_size_last_edited=&#8221;on|phone&#8221;]<\/p>\n<h4>Surveillance<\/h4>\n<p>[\/et_pb_text][et_pb_divider color=&#8221;#e09900&#8243; divider_weight=&#8221;2px&#8221; disabled_on=&#8221;on|on|off&#8221; _builder_version=&#8221;3.24.1&#8243; width=&#8221;25%&#8221; module_alignment=&#8221;center&#8221; custom_padding=&#8221;25px||&#8221;][\/et_pb_divider][\/et_pb_column][\/et_pb_row][et_pb_row column_structure=&#8221;1_2,1_2&#8243; disabled_on=&#8221;on|on|off&#8221; _builder_version=&#8221;3.25&#8243; custom_padding=&#8221;0px|||||&#8221;][et_pb_column type=&#8221;1_2&#8243; _builder_version=&#8221;3.25&#8243; custom_padding=&#8221;|||&#8221; custom_padding__hover=&#8221;|||&#8221;][et_pb_text _builder_version=&#8221;3.27.4&#8243; text_font=&#8221;||||||||&#8221; header_font=&#8221;||||||||&#8221; header_text_color=&#8221;#ffffff&#8221; header_4_font=&#8221;Raleway|700|||||||&#8221; header_4_text_align=&#8221;center&#8221; header_4_text_color=&#8221;#ffffff&#8221; header_4_font_size=&#8221;33px&#8221; header_4_line_height=&#8221;1.3em&#8221; custom_margin=&#8221;|-478px|-4px|||&#8221; header_4_text_align_tablet=&#8221;&#8221; header_4_text_align_phone=&#8221;left&#8221; header_4_text_align_last_edited=&#8221;on|phone&#8221;]<\/p>\n<h4>Nous avons un capteur pour cela.<\/h4>\n<h4>Temp\u00e9rature | Humidit\u00e9 du sol | M\u00e9t\u00e9o | Mouvement | Capteurs LoRa<\/h4>\n<p>F<\/p>\n<p>[\/et_pb_text][\/et_pb_column][et_pb_column type=&#8221;1_2&#8243; _builder_version=&#8221;3.25&#8243; custom_padding=&#8221;|||&#8221; custom_padding__hover=&#8221;|||&#8221;][\/et_pb_column][\/et_pb_row][\/et_pb_section][et_pb_section fb_built=&#8221;1&#8243; custom_padding_last_edited=&#8221;on|phone&#8221; _builder_version=&#8221;3.25.1&#8243; background_image=&#8221;http:\/\/beesecure.ca\/wp-content\/uploads\/2019\/06\/vehicles-tracker.jpg&#8221; parallax=&#8221;on&#8221; height_tablet=&#8221;&#8221; height_phone=&#8221;auto&#8221; height_last_edited=&#8221;on|phone&#8221; max_height_tablet=&#8221;&#8221; max_height_phone=&#8221;none&#8221; max_height_last_edited=&#8221;on|phone&#8221; custom_padding=&#8221;||748px|||&#8221; custom_padding_tablet=&#8221;&#8221; custom_padding_phone=&#8221;||200px|&#8221;][\/et_pb_section][et_pb_section fb_built=&#8221;1&#8243; custom_padding_last_edited=&#8221;on|phone&#8221; _builder_version=&#8221;3.25.1&#8243; use_background_color_gradient=&#8221;on&#8221; background_color_gradient_start=&#8221;rgba(255,255,255,0.8)&#8221; background_color_gradient_end=&#8221;rgba(255,255,255,0.8)&#8221; background_color_gradient_overlays_image=&#8221;on&#8221; background_image=&#8221;http:\/\/beesecure.ca\/wp-content\/uploads\/2019\/06\/White-Honeycomb-Backgrounds.jpg&#8221; custom_padding=&#8221;101px||151px|||&#8221; custom_padding_tablet=&#8221;&#8221; custom_padding_phone=&#8221;20px||50px&#8221; box_shadow_style=&#8221;preset3&#8243; box_shadow_vertical=&#8221;-12px&#8221;][et_pb_row column_structure=&#8221;2_5,3_5&#8243; use_custom_gutter=&#8221;on&#8221; gutter_width=&#8221;2&#8243; make_equal=&#8221;on&#8221; _builder_version=&#8221;3.25&#8243; max_width=&#8221;1200px&#8221;][et_pb_column type=&#8221;2_5&#8243; _builder_version=&#8221;3.25&#8243; custom_padding=&#8221;|||&#8221; custom_padding__hover=&#8221;|||&#8221;][et_pb_image src=&#8221;http:\/\/beesecure.ca\/wp-content\/uploads\/2019\/08\/RB11E-cropped.png&#8221; _builder_version=&#8221;4.0.11&#8243; custom_margin=&#8221;110px||||false|false&#8221;][\/et_pb_image][\/et_pb_column][et_pb_column type=&#8221;3_5&#8243; _builder_version=&#8221;3.25&#8243; custom_padding=&#8221;|||&#8221; custom_padding__hover=&#8221;|||&#8221;][et_pb_text _builder_version=&#8221;4.0.11&#8243; header_font=&#8221;||||||||&#8221; header_4_font=&#8221;Raleway|700|||||||&#8221; header_4_text_color=&#8221;#3f3f3f&#8221; header_4_font_size=&#8221;32px&#8221;]<\/p>\n<p><img src=%22http:\/\/beesecure.ca\/wp-content\/uploads\/2020\/05\/BeeSecureMonitoring.png%22 width=%22378%22 height=%2289%22 alt=%22Beesecuremonitoring%22 class=%22wp-image-292734 aligncenter size-full%22><\/p>\n<p>[\/et_pb_text][et_pb_text _builder_version=&#8221;4.0.11&#8243; text_font=&#8221;Raleway||||||||&#8221; text_text_color=&#8221;#3f3f3f&#8221; text_font_size=&#8221;18px&#8221;]<\/p>\n<p>Les capteurs BeeSecure sont disponibles pour la collecte de donn\u00e9es sur notre r\u00e9seau LoRa ou les r\u00e9seaux cellulaires du monde entier. Voici des exemples de capteurs que nous prenons en charge&nbsp;:<\/p>\n<ul>\n<li>Temp\u00e9rature<\/li>\n<li>Pluie et vent (Pessl)<\/li>\n<li>Humidit\u00e9 du sol (Sensoterra)<\/li>\n<li>Portes qui s&#8217;ouvrent ou se ferment<\/li>\n<li>\u00c9tats d&#8217;alimentation<\/li>\n<li>Humidit\u00e9<\/li>\n<li>Niveaux de liquide<\/li>\n<li>Des cellules de charge<\/li>\n<li>et beaucoup plus. <\/li>\n<\/ul>\n<p>Appelez-nous d\u00e8s aujourd&#8217;hui pour discuter de vos besoins sp\u00e9cifiques, qu&#8217;ils soient li\u00e9s \u00e0 la technologie agricole ou \u00e0 la ville intelligente. Nous pouvons concevoir sur mesure une solution pour votre entreprise en utilisant les technologies \u00e9mergentes et notre \u00e9quipe d&#8217;ing\u00e9nierie de classe mondiale. Fi\u00e8rement canadien!<\/p>\n<p>[\/et_pb_text][\/et_pb_column][\/et_pb_row][et_pb_row _builder_version=&#8221;3.25.4&#8243; module_alignment=&#8221;center&#8221; custom_margin=&#8221;|379px||auto||&#8221; custom_padding=&#8221;|||2px||&#8221;][et_pb_column type=&#8221;4_4&#8243; _builder_version=&#8221;3.25&#8243; custom_padding=&#8221;|||&#8221; custom_padding__hover=&#8221;|||&#8221;][et_pb_gallery gallery_ids=%22279158%22 posts_number=%222%22 show_title_and_caption=%22off%22 show_pagination=%22off%22 zoom_icon_color=%22#e09900%22 hover_overlay_color=%22rgba(224,153,0,0.19)%22 _builder_version=%224.0.11%22 caption_font=%22||||||||%22 pagination_font=%22||||||||%22 custom_css_gallery_item=%22width: 33.33% !important;||margin: 0 !important;||clear: none !important;%22 border_width_all_image=%221px%22 border_color_all_image=%22#e09900%22 box_shadow_style_image=%22preset1%22][\/et_pb_gallery][\/et_pb_column][\/et_pb_row][\/et_pb_section][et_pb_section fb_built=&#8221;1&#8243; _builder_version=&#8221;4.0.11&#8243; background_color=&#8221;#e09900&#8243; global_module=&#8221;293020&#8243; saved_tabs=&#8221;all&#8221; locked=&#8221;off&#8221;][et_pb_row column_structure=&#8221;3_5,2_5&#8243; custom_padding_last_edited=&#8221;on|desktop&#8221; admin_label=&#8221;Ligne&#8221; _builder_version=&#8221;4.0.11&#8243; background_color=&#8221;#e09900&#8243; width=&#8221;100%&#8221; max_width=&#8221;1170px&#8221; custom_padding=&#8221;20px|4.7%|20px|4.7%|false|false&#8221; custom_padding_tablet=&#8221;10px|40px|10px|40px|false|false&#8221; custom_padding_phone=&#8221;&#8221; use_custom_width=&#8221;on&#8221; custom_width_px=&#8221;1170px&#8221;][et_pb_column type=&#8221;3_5&#8243; _builder_version=&#8221;3.25&#8243; custom_padding=&#8221;11px|||14px&#8221; custom_padding__hover=&#8221;|||&#8221;][et_pb_text admin_label=&#8221;Prowl Footer &#8211; Freddie &#8211; Text&#8221; _builder_version=&#8221;4.9.4&#8243; text_font=&#8221;Raleway|600|||||||&#8221; text_text_color=&#8221;#000000&#8243; text_font_size=&#8221;45px&#8221; text_letter_spacing=&#8221;1px&#8221; header_font=&#8221;||||||||&#8221; header_4_font=&#8221;Raleway|600|||||||&#8221; header_4_text_color=&#8221;#000000&#8243; header_4_font_size=&#8221;45px&#8221; text_orientation=&#8221;center&#8221; text_font_size_tablet=&#8221;45px&#8221; text_font_size_phone=&#8221;25px&#8221; text_font_size_last_edited=&#8221;on|phone&#8221; header_4_font_size_tablet=&#8221;&#8221; header_4_font_size_phone=&#8221;40px&#8221; header_4_font_size_last_edited=&#8221;on|phone&#8221; z_index_tablet=&#8221;500&#8243; text_text_align=&#8221;center&#8221;]<\/p>\n<h4>Etre sur. BeeSecure.<\/h4>\n<p>[\/et_pb_text][\/et_pb_column][et_pb_column type=&#8221;2_5&#8243; _builder_version=&#8221;3.25&#8243; custom_padding=&#8221;|||&#8221; custom_padding__hover=&#8221;|||&#8221;][et_pb_button button_url=&#8221;http:\/\/beesecure.ca\/support\/&#8221; button_text=&#8221;Appelez : (306) 986-8888&#8243; button_alignment=&#8221;left&#8221; button_alignment_tablet=&#8221;center&#8221; button_alignment_phone=&#8221;center&#8221; button_alignment_last_edited=&#8221;on|phone&#8221; _builder_version=&#8221;4.9.4&#8243; custom_button=&#8221;on&#8221; button_text_size=&#8221;23px&#8221; button_text_color=&#8221;#ffffff&#8221; button_bg_color=&#8221;#000000&#8243; button_border_width=&#8221;3px&#8221; button_border_color=&#8221;#000000&#8243; button_font=&#8221;Raleway|600|||||||&#8221; button_icon=&#8221;%%20%%&#8221; button_icon_color=&#8221;#ffffff&#8221; button_on_hover=&#8221;off&#8221; custom_margin=&#8221;5px||||false|false&#8221; animation_direction=&#8221;top&#8221; button_text_size_tablet=&#8221;&#8221; button_text_size_phone=&#8221;18px&#8221; button_text_size_last_edited=&#8221;on|phone&#8221; button_bg_color_last_edited=&#8221;off|desktop&#8221; button_bg_color__hover_enabled=&#8221;on|hover&#8221; button_bg_color__hover=&#8221;#ffffff&#8221; button_text_color__hover_enabled=&#8221;on|hover&#8221; button_text_color__hover=&#8221;#000000&#8243; button_border_color__hover_enabled=&#8221;on|hover&#8221; button_border_color__hover=&#8221;#ffffff&#8221; button_border_width__hover_enabled=&#8221;on&#8221; button_border_width__hover=&#8221;3px&#8221; button_bg_enable_color__hover=&#8221;on&#8221; button_icon_color__hover_enabled=&#8221;on|hover&#8221; button_icon_color__hover=&#8221;#000000&#8243;][\/et_pb_button][\/et_pb_column][\/et_pb_row][\/et_pb_section]<\/p>\n","protected":false},"excerpt":{"rendered":"<p>SurveillanceNous avons un capteur pour cela. Temp\u00e9rature | Humidit\u00e9 du sol | M\u00e9t\u00e9o | Mouvement | Capteurs LoRa FLes capteurs BeeSecure sont disponibles pour la collecte de donn\u00e9es sur notre r\u00e9seau LoRa ou les r\u00e9seaux cellulaires du monde entier. Voici des exemples de capteurs que nous prenons en charge&nbsp;: Temp\u00e9rature Pluie et vent (Pessl) Humidit\u00e9 [&hellip;]<\/p>\n","protected":false},"author":1,"featured_media":0,"parent":306029,"menu_order":0,"comment_status":"closed","ping_status":"closed","template":"","meta":{"_seopress_robots_primary_cat":"","_seopress_titles_title":"","_seopress_titles_desc":"","_seopress_robots_index":"","_et_pb_use_builder":"on","_et_pb_old_content":"","_et_gb_content_width":"","footnotes":""},"class_list":["post-306009","page","type-page","status-publish","hentry"],"jetpack_sharing_enabled":true,"_links":{"self":[{"href":"https:\/\/beesecure.ca\/fr\/wp-json\/wp\/v2\/pages\/306009","targetHints":{"allow":["GET"]}}],"collection":[{"href":"https:\/\/beesecure.ca\/fr\/wp-json\/wp\/v2\/pages"}],"about":[{"href":"https:\/\/beesecure.ca\/fr\/wp-json\/wp\/v2\/types\/page"}],"author":[{"embeddable":true,"href":"https:\/\/beesecure.ca\/fr\/wp-json\/wp\/v2\/users\/1"}],"replies":[{"embeddable":true,"href":"https:\/\/beesecure.ca\/fr\/wp-json\/wp\/v2\/comments?post=306009"}],"version-history":[{"count":0,"href":"https:\/\/beesecure.ca\/fr\/wp-json\/wp\/v2\/pages\/306009\/revisions"}],"up":[{"embeddable":true,"href":"https:\/\/beesecure.ca\/fr\/wp-json\/wp\/v2\/pages\/306029"}],"wp:attachment":[{"href":"https:\/\/beesecure.ca\/fr\/wp-json\/wp\/v2\/media?parent=306009"}],"curies":[{"name":"wp","href":"https:\/\/api.w.org\/{rel}","templated":true}]}}