{"id":305965,"date":"2021-10-20T14:29:27","date_gmt":"2021-10-20T20:29:27","guid":{"rendered":"https:\/\/beesecure.ca\/velos\/"},"modified":"2021-10-20T14:30:12","modified_gmt":"2021-10-20T20:30:12","slug":"velos","status":"publish","type":"page","link":"https:\/\/beesecure.ca\/fr\/applications\/velos\/","title":{"rendered":"v\u00e9los"},"content":{"rendered":"<p>[et_pb_section fb_built=&#8221;1&#8243; custom_padding_last_edited=&#8221;on|phone&#8221; _builder_version=&#8221;3.24.1&#8243; background_color=&#8221;#000000&#8243; use_background_color_gradient=&#8221;on&#8221; background_color_gradient_start=&#8221;#404852&#8243; background_color_gradient_end=&#8221;#000000&#8243; custom_padding=&#8221;0px|0px|0px|0px||&#8221; custom_padding_tablet=&#8221;&#8221; custom_padding_phone=&#8221;||30px&#8221; border_width_top=&#8221;2px&#8221; border_color_top=&#8221;#e09900&#8243; border_width_bottom=&#8221;2px&#8221; border_color_bottom=&#8221;#e09900&#8243;][et_pb_row _builder_version=&#8221;3.25&#8243; custom_margin=&#8221;15px|auto||auto||&#8221; custom_padding=&#8221;||0px|||&#8221;][et_pb_column type=&#8221;4_4&#8243; _builder_version=&#8221;3.25&#8243; custom_padding=&#8221;|||&#8221; custom_padding__hover=&#8221;|||&#8221;][et_pb_text _builder_version=&#8221;3.27.4&#8243; header_font=&#8221;||||||||&#8221; header_4_font=&#8221;Raleway|700|||||||&#8221; header_4_text_align=&#8221;center&#8221; header_4_text_color=&#8221;#e09900&#8243; header_4_font_size=&#8221;86px&#8221; custom_margin=&#8221;||1px|||&#8221; custom_padding=&#8221;|||||&#8221; header_4_font_size_tablet=&#8221;&#8221; header_4_font_size_phone=&#8221;50px&#8221; header_4_font_size_last_edited=&#8221;on|phone&#8221;]<\/p>\n<h4>v\u00e9los<\/h4>\n<p>[\/et_pb_text][et_pb_divider color=&#8221;#e09900&#8243; divider_weight=&#8221;2px&#8221; disabled_on=&#8221;on|on|off&#8221; _builder_version=&#8221;3.24.1&#8243; width=&#8221;25%&#8221; module_alignment=&#8221;center&#8221; custom_padding=&#8221;25px||&#8221;][\/et_pb_divider][\/et_pb_column][\/et_pb_row][et_pb_row column_structure=&#8221;1_2,1_2&#8243; disabled_on=&#8221;on|on|off&#8221; _builder_version=&#8221;3.25&#8243; custom_padding=&#8221;0px|||||&#8221;][et_pb_column type=&#8221;1_2&#8243; _builder_version=&#8221;3.25&#8243; custom_padding=&#8221;|||&#8221; custom_padding__hover=&#8221;|||&#8221;][et_pb_text _builder_version=&#8221;3.27.4&#8243; text_font=&#8221;||||||||&#8221; header_font=&#8221;||||||||&#8221; header_text_color=&#8221;#ffffff&#8221; header_4_font=&#8221;Raleway|700|||||||&#8221; header_4_text_align=&#8221;center&#8221; header_4_text_color=&#8221;#ffffff&#8221; header_4_font_size=&#8221;33px&#8221; header_4_line_height=&#8221;1.3em&#8221; custom_margin=&#8221;|-478px|-4px|||&#8221; header_4_text_align_tablet=&#8221;&#8221; header_4_text_align_phone=&#8221;left&#8221; header_4_text_align_last_edited=&#8221;on|phone&#8221;]<\/p>\n<h4>Pr\u00e9venez le vol de v\u00e9los ET aidez l&#8217;environnement !<br \/>Con\u00e7u avec les avantages du gouvernement municipal \u00e0 l&#8217;esprit.<\/h4>\n<p>[\/et_pb_text][\/et_pb_column][et_pb_column type=&#8221;1_2&#8243; _builder_version=&#8221;3.25&#8243; custom_padding=&#8221;|||&#8221; custom_padding__hover=&#8221;|||&#8221;][\/et_pb_column][\/et_pb_row][\/et_pb_section][et_pb_section fb_built=&#8221;1&#8243; custom_padding_last_edited=&#8221;on|phone&#8221; _builder_version=&#8221;4.0.11&#8243; background_image=&#8221;https:\/\/beesecure.ca\/wp-content\/uploads\/2020\/05\/bike-home.jpg&#8221; parallax=&#8221;on&#8221; height_tablet=&#8221;&#8221; height_phone=&#8221;auto&#8221; height_last_edited=&#8221;on|phone&#8221; max_height_tablet=&#8221;&#8221; max_height_phone=&#8221;none&#8221; max_height_last_edited=&#8221;on|phone&#8221; custom_padding=&#8221;||748px|||&#8221; custom_padding_tablet=&#8221;&#8221; custom_padding_phone=&#8221;||200px|&#8221;][\/et_pb_section][et_pb_section fb_built=&#8221;1&#8243; custom_padding_last_edited=&#8221;on|phone&#8221; _builder_version=&#8221;3.25.1&#8243; use_background_color_gradient=&#8221;on&#8221; background_color_gradient_start=&#8221;rgba(255,255,255,0.8)&#8221; background_color_gradient_end=&#8221;rgba(255,255,255,0.8)&#8221; background_color_gradient_overlays_image=&#8221;on&#8221; background_image=&#8221;http:\/\/beesecure.ca\/wp-content\/uploads\/2019\/06\/White-Honeycomb-Backgrounds.jpg&#8221; custom_padding=&#8221;101px||151px|||&#8221; custom_padding_tablet=&#8221;&#8221; custom_padding_phone=&#8221;20px||50px&#8221; box_shadow_style=&#8221;preset3&#8243; box_shadow_vertical=&#8221;-12px&#8221;][et_pb_row column_structure=&#8221;2_5,3_5&#8243; use_custom_gutter=&#8221;on&#8221; gutter_width=&#8221;2&#8243; make_equal=&#8221;on&#8221; _builder_version=&#8221;3.25&#8243; max_width=&#8221;1200px&#8221;][et_pb_column type=&#8221;2_5&#8243; _builder_version=&#8221;3.25&#8243; custom_padding=&#8221;|||&#8221; custom_padding__hover=&#8221;|||&#8221;][et_pb_image src=&#8221;https:\/\/beesecure.ca\/wp-content\/uploads\/2020\/05\/bike2-533&#215;300-1.jpg&#8221; _builder_version=&#8221;4.0.11&#8243; custom_margin=&#8221;110px||||false|false&#8221;][\/et_pb_image][et_pb_image src=&#8221;https:\/\/beesecure.ca\/wp-content\/uploads\/2021\/04\/MS_Bike_Logo_RGB.jpg&#8221; alt=&#8221;ms v\u00e9lo logo rvb&#8221; title_text=&#8221;MS_Bike_Logo_RGB&#8221; _builder_version=&#8221;4.9.4&#8243; custom_margin=&#8221;30px||||false|false&#8221; locked=&#8221;off&#8221;][\/et_pb_image][et_pb_image src=&#8221;https:\/\/beesecure.ca\/wp-content\/uploads\/2021\/04\/MSSOC-Partners-EN-RGB.png&#8221; alt=&#8221;partenaires mssoc en rgb&#8221; title_text=&#8221;MSSOC-Partenaires-FR-RGB&#8221; _builder_version=&#8221;4.9.4&#8243; custom_margin=&#8221;30px||||false|false&#8221; locked=&#8221;off&#8221;][\/et_pb_image][\/et_pb_column][et_pb_column type=&#8221;3_5&#8243; _builder_version=&#8221;3.25&#8243; custom_padding=&#8221;|||&#8221; custom_padding__hover=&#8221;|||&#8221;][et_pb_text _builder_version=&#8221;4.0.11&#8243; header_font=&#8221;||||||||&#8221; header_4_font=&#8221;Raleway|700|||||||&#8221; header_4_text_color=&#8221;#3f3f3f&#8221; header_4_font_size=&#8221;32px&#8221;]<\/p>\n<p><img src=%22http:\/\/beesecure.ca\/wp-content\/uploads\/2020\/05\/BeeSecureBikes.png%22 width=%22379%22 height=%2290%22 alt=%22Beesecurebikes%22 class=%22wp-image-292730 aligncenter size-full%22><\/p>\n<p>[\/et_pb_text][et_pb_text _builder_version=&#8221;4.9.4&#8243; text_font=&#8221;Raleway||||||||&#8221; text_text_color=&#8221;#3f3f3f&#8221; text_font_size=&#8221;18px&#8221;]<\/p>\n<p>Notre tout nouveau produit, le tracker GPS BeeSecure Bike, a \u00e9t\u00e9 con\u00e7u \u00e0 partir de z\u00e9ro par nos ing\u00e9nieurs de classe mondiale \u00e0 Saskatoon, en Saskatchewan.<strong> Ce produit a trois utilisations principales<\/strong> :<\/p>\n<ol>\n<li>Bicyclette<strong> pr\u00e9vention du vol<\/strong> , avec suivi GPS et alertes<\/li>\n<li><strong>Temp\u00e9rature<\/strong> logging (rapport m\u00e9t\u00e9orologique microclimatique)<\/li>\n<li><strong>Etudes GPS des pistes cyclables<\/strong> pour que les cartes thermiques prennent en charge<strong> planification de l&#8217;administration municipale<\/strong><\/li>\n<\/ol>\n<p>Comprenant toutes nos fonctionnalit\u00e9s d&#8217;application standard telles que le suivi GPS, la cartographie, la g\u00e9olocalisation, les horaires d&#8217;alerte, les capacit\u00e9s de contact multiples et la notification des forces de l&#8217;ordre, le Bike Tracker est une solution puissante pour aider les navetteurs, le v\u00e9lo d&#8217;aventure, le v\u00e9lo de route et les v\u00e9t\u00e9tistes dans leur quotidien protection de leurs v\u00e9los chers et pr\u00e9cieux.<\/p>\n<p>Combien cela vous co\u00fbte-t-il de remplacer votre v\u00e9lo ? N&#8217;oubliez pas d&#8217;inclure votre temps \u00e0 le d\u00e9clarer, la franchise sur votre assurance, la perte de productivit\u00e9, le stress et l&#8217;impact sur votre sant\u00e9. Utilisez notre tracker de v\u00e9lo robuste et con\u00e7u au Canada pour aider \u00e0 att\u00e9nuer ce risque.<\/p>\n<p>Valeur ajout\u00e9e et unique \u00e0 notre solution, notre tracker collecte des donn\u00e9es de temp\u00e9rature en cours d&#8217;utilisation qui peuvent \u00eatre examin\u00e9es pour voir comment votre exp\u00e9rience de v\u00e9lo a \u00e9t\u00e9 affect\u00e9e. Ces donn\u00e9es sont ensuite agr\u00e9g\u00e9es pour fournir des bulletins m\u00e9t\u00e9orologiques sp\u00e9cifiques aux cyclistes dans leurs quartiers urbains, car nous savons tous que dans les grandes villes, la m\u00e9t\u00e9o microclimatique peut \u00eatre compl\u00e8tement diff\u00e9rente des pr\u00e9visions g\u00e9n\u00e9rales des villes.<\/p>\n<p>Pour les gouvernements municipaux, nous proposons une solution qui peut fournir des donn\u00e9es GPS refl\u00e9tant les mod\u00e8les de trafic, les heures d&#8217;utilisation et les donn\u00e9es microclimatiques. Ces puissants ensembles de donn\u00e9es sont utiles pour les \u00e9tudes de pistes cyclables, les \u00e9tudes environnementales et les projets verts. \u00c9l\u00e9ment cl\u00e9 de vos initiatives de ville intelligente, le tracker de v\u00e9lo BeeSecure constitue un excellent investissement communautaire avec un retour sur investissement imm\u00e9diat dans la r\u00e9duction du trafic et des navetteurs plus s\u00fbrs.<\/p>\n<p>Le tracker BeeSecure Bike est disponible en LoRa et LTE-M, ainsi que des solutions cellulaires courantes. Contactez-nous pour des devis de gros volume ou pour devenir un revendeur dans votre r\u00e9gion.<\/p>\n<p>\u00cates-vous un fournisseur de r\u00e9seau LoRa tiers ou une ville avec votre propre r\u00e9seau&nbsp;? Contactez-nous pour devenir un d\u00e9taillant ou activer nos appareils sur votre r\u00e9seau, ainsi que pour obtenir des API personnalis\u00e9es pour collecter vos donn\u00e9es. Nous prendrons \u00e9galement en charge nos appareils sur le r\u00e9seau Things.<\/p>\n<p><strong>Nous sommes heureux de partager que nous sommes un fier partenaire de la soci\u00e9t\u00e9 MS. 1&nbsp;$ de chaque tracker de v\u00e9lo que nous vendons va directement \u00e0 la soci\u00e9t\u00e9 MS.<\/strong><\/p>\n<p>[\/et_pb_text][\/et_pb_column][\/et_pb_row][et_pb_row _builder_version=&#8221;3.25.4&#8243; module_alignment=&#8221;center&#8221; custom_margin=&#8221;|379px||auto||&#8221; custom_padding=&#8221;|||2px||&#8221; width__hover_enabled=&#8221;on&#8221;][et_pb_column type=&#8221;4_4&#8243; _builder_version=&#8221;3.25&#8243; custom_padding=&#8221;|||&#8221; custom_padding__hover=&#8221;|||&#8221;][\/et_pb_column][\/et_pb_row][\/et_pb_section][et_pb_section fb_built=&#8221;1&#8243; _builder_version=&#8221;4.0.11&#8243; background_color=&#8221;#e09900&#8243; global_module=&#8221;293020&#8243; saved_tabs=&#8221;all&#8221; locked=&#8221;off&#8221;][et_pb_row column_structure=&#8221;3_5,2_5&#8243; custom_padding_last_edited=&#8221;on|desktop&#8221; admin_label=&#8221;Ligne&#8221; _builder_version=&#8221;4.0.11&#8243; background_color=&#8221;#e09900&#8243; width=&#8221;100%&#8221; max_width=&#8221;1170px&#8221; custom_padding=&#8221;20px|4.7%|20px|4.7%|false|false&#8221; custom_padding_tablet=&#8221;10px|40px|10px|40px|false|false&#8221; custom_padding_phone=&#8221;&#8221; use_custom_width=&#8221;on&#8221; custom_width_px=&#8221;1170px&#8221;][et_pb_column type=&#8221;3_5&#8243; _builder_version=&#8221;3.25&#8243; custom_padding=&#8221;11px|||14px&#8221; custom_padding__hover=&#8221;|||&#8221;][et_pb_text admin_label=&#8221;Prowl Footer &#8211; Freddie &#8211; Text&#8221; _builder_version=&#8221;4.9.4&#8243; text_font=&#8221;Raleway|600|||||||&#8221; text_text_color=&#8221;#000000&#8243; text_font_size=&#8221;45px&#8221; text_letter_spacing=&#8221;1px&#8221; header_font=&#8221;||||||||&#8221; header_4_font=&#8221;Raleway|600|||||||&#8221; header_4_text_color=&#8221;#000000&#8243; header_4_font_size=&#8221;45px&#8221; text_orientation=&#8221;center&#8221; text_font_size_tablet=&#8221;45px&#8221; text_font_size_phone=&#8221;25px&#8221; text_font_size_last_edited=&#8221;on|phone&#8221; header_4_font_size_tablet=&#8221;&#8221; header_4_font_size_phone=&#8221;40px&#8221; header_4_font_size_last_edited=&#8221;on|phone&#8221; z_index_tablet=&#8221;500&#8243; text_text_align=&#8221;center&#8221;]<\/p>\n<h4>Etre sur. BeeSecure.<\/h4>\n<p>[\/et_pb_text][\/et_pb_column][et_pb_column type=&#8221;2_5&#8243; _builder_version=&#8221;3.25&#8243; custom_padding=&#8221;|||&#8221; custom_padding__hover=&#8221;|||&#8221;][et_pb_button button_url=&#8221;http:\/\/beesecure.ca\/support\/&#8221; button_text=&#8221;Appelez : (306) 986-8888&#8243; button_alignment=&#8221;left&#8221; button_alignment_tablet=&#8221;center&#8221; button_alignment_phone=&#8221;center&#8221; button_alignment_last_edited=&#8221;on|phone&#8221; _builder_version=&#8221;4.9.4&#8243; custom_button=&#8221;on&#8221; button_text_size=&#8221;23px&#8221; button_text_color=&#8221;#ffffff&#8221; button_bg_color=&#8221;#000000&#8243; button_border_width=&#8221;3px&#8221; button_border_color=&#8221;#000000&#8243; button_font=&#8221;Raleway|600|||||||&#8221; button_icon=&#8221;%%20%%&#8221; button_icon_color=&#8221;#ffffff&#8221; button_on_hover=&#8221;off&#8221; custom_margin=&#8221;5px||||false|false&#8221; animation_direction=&#8221;top&#8221; button_text_size_tablet=&#8221;&#8221; button_text_size_phone=&#8221;18px&#8221; button_text_size_last_edited=&#8221;on|phone&#8221; button_bg_color_last_edited=&#8221;off|desktop&#8221; button_bg_color__hover_enabled=&#8221;on|hover&#8221; button_bg_color__hover=&#8221;#ffffff&#8221; button_text_color__hover_enabled=&#8221;on|hover&#8221; button_text_color__hover=&#8221;#000000&#8243; button_border_color__hover_enabled=&#8221;on|hover&#8221; button_border_color__hover=&#8221;#ffffff&#8221; button_border_width__hover_enabled=&#8221;on&#8221; button_border_width__hover=&#8221;3px&#8221; button_bg_enable_color__hover=&#8221;on&#8221; button_icon_color__hover_enabled=&#8221;on|hover&#8221; button_icon_color__hover=&#8221;#000000&#8243;][\/et_pb_button][\/et_pb_column][\/et_pb_row][\/et_pb_section]<\/p>\n","protected":false},"excerpt":{"rendered":"<p>v\u00e9losPr\u00e9venez le vol de v\u00e9los ET aidez l&#8217;environnement !Con\u00e7u avec les avantages du gouvernement municipal \u00e0 l&#8217;esprit.Notre tout nouveau produit, le tracker GPS BeeSecure Bike, a \u00e9t\u00e9 con\u00e7u \u00e0 partir de z\u00e9ro par nos ing\u00e9nieurs de classe mondiale \u00e0 Saskatoon, en Saskatchewan. Ce produit a trois utilisations principales : Bicyclette pr\u00e9vention du vol , avec [&hellip;]<\/p>\n","protected":false},"author":1,"featured_media":0,"parent":306029,"menu_order":0,"comment_status":"closed","ping_status":"closed","template":"","meta":{"_seopress_robots_primary_cat":"","_seopress_titles_title":"","_seopress_titles_desc":"","_seopress_robots_index":"","_et_pb_use_builder":"on","_et_pb_old_content":"","_et_gb_content_width":"","footnotes":""},"class_list":["post-305965","page","type-page","status-publish","hentry"],"jetpack_sharing_enabled":true,"_links":{"self":[{"href":"https:\/\/beesecure.ca\/fr\/wp-json\/wp\/v2\/pages\/305965","targetHints":{"allow":["GET"]}}],"collection":[{"href":"https:\/\/beesecure.ca\/fr\/wp-json\/wp\/v2\/pages"}],"about":[{"href":"https:\/\/beesecure.ca\/fr\/wp-json\/wp\/v2\/types\/page"}],"author":[{"embeddable":true,"href":"https:\/\/beesecure.ca\/fr\/wp-json\/wp\/v2\/users\/1"}],"replies":[{"embeddable":true,"href":"https:\/\/beesecure.ca\/fr\/wp-json\/wp\/v2\/comments?post=305965"}],"version-history":[{"count":0,"href":"https:\/\/beesecure.ca\/fr\/wp-json\/wp\/v2\/pages\/305965\/revisions"}],"up":[{"embeddable":true,"href":"https:\/\/beesecure.ca\/fr\/wp-json\/wp\/v2\/pages\/306029"}],"wp:attachment":[{"href":"https:\/\/beesecure.ca\/fr\/wp-json\/wp\/v2\/media?parent=305965"}],"curies":[{"name":"wp","href":"https:\/\/api.w.org\/{rel}","templated":true}]}}