{"id":305962,"date":"2021-10-20T14:29:27","date_gmt":"2021-10-20T20:29:27","guid":{"rendered":"https:\/\/beesecure.ca\/produit-indisponible\/"},"modified":"2021-10-20T14:30:12","modified_gmt":"2021-10-20T20:30:12","slug":"produit-indisponible","status":"publish","type":"page","link":"https:\/\/beesecure.ca\/fr\/produit-indisponible\/","title":{"rendered":"Produit indisponible"},"content":{"rendered":"<p>[et_pb_section fb_built=&#8221;1&#8243; _builder_version=&#8221;4.9.4&#8243; _module_preset=&#8221;default&#8221; background_color=&#8221;#F8EACE&#8221; min_height=&#8221;454px&#8221; custom_padding=&#8221;||0px|||&#8221;][et_pb_row _builder_version=&#8221;4.9.4&#8243; _module_preset=&#8221;default&#8221; locked=&#8221;off&#8221;][et_pb_column type=&#8221;4_4&#8243; _builder_version=&#8221;4.9.4&#8243; _module_preset=&#8221;default&#8221;][et_pb_text _builder_version=&#8221;4.9.4&#8243; _module_preset=&#8221;default&#8221; text_font=&#8221;Open Sans|700|||||||&#8221; text_text_color=&#8221;#E09900&#8243; text_font_size=&#8221;20px&#8221;]<\/p>\n<p>Nous sommes d\u00e9sol\u00e9s. Ce produit n&#8217;est pas disponible et ne peut pas \u00eatre achet\u00e9 pour le moment.<\/p>\n<p>[\/et_pb_text][\/et_pb_column][\/et_pb_row][\/et_pb_section][et_pb_section fb_built=&#8221;1&#8243; _builder_version=&#8221;4.9.4&#8243; _module_preset=&#8221;default&#8221; min_height=&#8221;361px&#8221;][et_pb_row _builder_version=&#8221;4.9.4&#8243; _module_preset=&#8221;default&#8221; module_alignment=&#8221;center&#8221; custom_margin=&#8221;-350px||||false|false&#8221;][et_pb_column type=&#8221;4_4&#8243; _builder_version=&#8221;4.9.4&#8243; _module_preset=&#8221;default&#8221;][et_pb_image src=&#8221;https:\/\/beesecure.ca\/wp-content\/uploads\/2021\/07\/MicrosoftTeams-image-91.png&#8221; alt=&#8221;image microsoftteams (91)&#8221; title_text=&#8221;MicrosoftTeams-image (91)&#8221; show_bottom_space=&#8221;off&#8221; align=&#8221;center&#8221; _builder_version=&#8221;4.9.4&#8243; _module_preset=&#8221;default&#8221; width=&#8221;50%&#8221; max_width=&#8221;100%&#8221; min_height=&#8221;587px&#8221; height=&#8221;578px&#8221; custom_margin=&#8221;||||false|false&#8221;][\/et_pb_image][\/et_pb_column][\/et_pb_row][et_pb_row _builder_version=&#8221;4.9.4&#8243; _module_preset=&#8221;default&#8221; custom_margin=&#8221;-80px||||false|false&#8221; locked=&#8221;off&#8221;][et_pb_column type=&#8221;4_4&#8243; _builder_version=&#8221;4.9.4&#8243; _module_preset=&#8221;default&#8221;][et_pb_text _builder_version=&#8221;4.9.4&#8243; _module_preset=&#8221;default&#8221; text_font=&#8221;Open Sans|700|||||||&#8221; text_text_color=&#8221;#E09900&#8243; text_font_size=&#8221;20px&#8221; text_orientation=&#8221;center&#8221; hover_enabled=&#8221;0&#8243; sticky_enabled=&#8221;0&#8243; header_font=&#8221;Open Sans|800|||||||&#8221; header_text_color=&#8221;#E09900&#8243; header_text_align=&#8221;center&#8221;]<\/p>\n<div>\n<h1>Nous sommes d\u00e9sol\u00e9s!<\/h1>\n<p> Ce produit n&#8217;est pas disponible et ne peut pas \u00eatre achet\u00e9 pour le moment.<\/p><\/div>\n<p>[\/et_pb_text][\/et_pb_column][\/et_pb_row][\/et_pb_section]<\/p>\n","protected":false},"excerpt":{"rendered":"<p>Nous sommes d\u00e9sol\u00e9s. Ce produit n&#8217;est pas disponible et ne peut pas \u00eatre achet\u00e9 pour le moment.Nous sommes d\u00e9sol\u00e9s! Ce produit n&#8217;est pas disponible et ne peut pas \u00eatre achet\u00e9 pour le moment.<\/p>\n","protected":false},"author":1,"featured_media":0,"parent":0,"menu_order":0,"comment_status":"closed","ping_status":"closed","template":"","meta":{"_seopress_robots_primary_cat":"","_seopress_titles_title":"","_seopress_titles_desc":"","_seopress_robots_index":"","_et_pb_use_builder":"on","_et_pb_old_content":"","_et_gb_content_width":"","footnotes":""},"class_list":["post-305962","page","type-page","status-publish","hentry"],"jetpack_sharing_enabled":true,"_links":{"self":[{"href":"https:\/\/beesecure.ca\/fr\/wp-json\/wp\/v2\/pages\/305962","targetHints":{"allow":["GET"]}}],"collection":[{"href":"https:\/\/beesecure.ca\/fr\/wp-json\/wp\/v2\/pages"}],"about":[{"href":"https:\/\/beesecure.ca\/fr\/wp-json\/wp\/v2\/types\/page"}],"author":[{"embeddable":true,"href":"https:\/\/beesecure.ca\/fr\/wp-json\/wp\/v2\/users\/1"}],"replies":[{"embeddable":true,"href":"https:\/\/beesecure.ca\/fr\/wp-json\/wp\/v2\/comments?post=305962"}],"version-history":[{"count":0,"href":"https:\/\/beesecure.ca\/fr\/wp-json\/wp\/v2\/pages\/305962\/revisions"}],"wp:attachment":[{"href":"https:\/\/beesecure.ca\/fr\/wp-json\/wp\/v2\/media?parent=305962"}],"curies":[{"name":"wp","href":"https:\/\/api.w.org\/{rel}","templated":true}]}}