{"id":305929,"date":"2021-10-20T14:29:20","date_gmt":"2021-10-20T20:29:20","guid":{"rendered":"https:\/\/beesecure.ca\/ruchers\/"},"modified":"2021-10-20T14:30:11","modified_gmt":"2021-10-20T20:30:11","slug":"ruchers","status":"publish","type":"page","link":"https:\/\/beesecure.ca\/fr\/applications\/ruchers\/","title":{"rendered":"Ruchers"},"content":{"rendered":"<p>[et_pb_section fb_built=&#8221;1&#8243; custom_padding_last_edited=&#8221;on|phone&#8221; _builder_version=&#8221;3.24.1&#8243; background_color=&#8221;#000000&#8243; use_background_color_gradient=&#8221;on&#8221; background_color_gradient_start=&#8221;#404852&#8243; background_color_gradient_end=&#8221;#000000&#8243; custom_padding=&#8221;0px|0px|0px|0px||&#8221; custom_padding_tablet=&#8221;&#8221; custom_padding_phone=&#8221;||30px&#8221; border_width_top=&#8221;2px&#8221; border_color_top=&#8221;#e09900&#8243; border_width_bottom=&#8221;2px&#8221; border_color_bottom=&#8221;#e09900&#8243;][et_pb_row _builder_version=&#8221;3.25&#8243; custom_margin=&#8221;15px|auto||auto||&#8221; custom_padding=&#8221;||0px|||&#8221;][et_pb_column type=&#8221;4_4&#8243; _builder_version=&#8221;3.25&#8243; custom_padding=&#8221;|||&#8221; custom_padding__hover=&#8221;|||&#8221;][et_pb_text _builder_version=&#8221;3.27.4&#8243; header_font=&#8221;||||||||&#8221; header_4_font=&#8221;Raleway|700|||||||&#8221; header_4_text_align=&#8221;center&#8221; header_4_text_color=&#8221;#e09900&#8243; header_4_font_size=&#8221;86px&#8221; custom_margin=&#8221;||1px|||&#8221; custom_padding=&#8221;|||||&#8221; header_4_font_size_tablet=&#8221;&#8221; header_4_font_size_phone=&#8221;50px&#8221; header_4_font_size_last_edited=&#8221;on|phone&#8221;]<\/p>\n<h4>Ruchers<\/h4>\n<p>[\/et_pb_text][et_pb_divider color=&#8221;#e09900&#8243; divider_weight=&#8221;2px&#8221; disabled_on=&#8221;on|on|off&#8221; _builder_version=&#8221;3.24.1&#8243; width=&#8221;25%&#8221; module_alignment=&#8221;center&#8221; custom_padding=&#8221;25px||&#8221;][\/et_pb_divider][\/et_pb_column][\/et_pb_row][et_pb_row column_structure=&#8221;1_2,1_2&#8243; disabled_on=&#8221;on|on|off&#8221; _builder_version=&#8221;3.25&#8243; custom_padding=&#8221;0px|||||&#8221;][et_pb_column type=&#8221;1_2&#8243; _builder_version=&#8221;3.25&#8243; custom_padding=&#8221;|||&#8221; custom_padding__hover=&#8221;|||&#8221;][et_pb_text _builder_version=&#8221;3.27.4&#8243; text_font=&#8221;||||||||&#8221; header_font=&#8221;||||||||&#8221; header_text_color=&#8221;#ffffff&#8221; header_4_font=&#8221;Raleway|700|||||||&#8221; header_4_text_align=&#8221;center&#8221; header_4_text_color=&#8221;#ffffff&#8221; header_4_font_size=&#8221;33px&#8221; header_4_line_height=&#8221;1.3em&#8221; custom_margin=&#8221;|-478px|-4px|||&#8221; header_4_text_align_tablet=&#8221;&#8221; header_4_text_align_phone=&#8221;left&#8221; header_4_text_align_last_edited=&#8221;on|phone&#8221;]<\/p>\n<h4>Il est temps de s\u00e9curiser votre<\/h4>\n<h4>ruches et pr\u00e9venir les vols de ruchers co\u00fbteux<\/h4>\n<p>[\/et_pb_text][\/et_pb_column][et_pb_column type=&#8221;1_2&#8243; _builder_version=&#8221;3.25&#8243; custom_padding=&#8221;|||&#8221; custom_padding__hover=&#8221;|||&#8221;][\/et_pb_column][\/et_pb_row][\/et_pb_section][et_pb_section fb_built=&#8221;1&#8243; custom_padding_last_edited=&#8221;on|phone&#8221; _builder_version=&#8221;4.0.11&#8243; background_image=&#8221;https:\/\/beesecure.ca\/wp-content\/uploads\/2020\/05\/slide-2-orig.jpg&#8221; parallax=&#8221;on&#8221; height_tablet=&#8221;&#8221; height_phone=&#8221;auto&#8221; height_last_edited=&#8221;on|phone&#8221; max_height_tablet=&#8221;&#8221; max_height_phone=&#8221;none&#8221; max_height_last_edited=&#8221;on|phone&#8221; custom_padding=&#8221;||748px|||&#8221; custom_padding_tablet=&#8221;&#8221; custom_padding_phone=&#8221;||200px|&#8221;][\/et_pb_section][et_pb_section fb_built=&#8221;1&#8243; custom_padding_last_edited=&#8221;on|phone&#8221; _builder_version=&#8221;3.25.1&#8243; use_background_color_gradient=&#8221;on&#8221; background_color_gradient_start=&#8221;rgba(255,255,255,0.8)&#8221; background_color_gradient_end=&#8221;rgba(255,255,255,0.8)&#8221; background_color_gradient_overlays_image=&#8221;on&#8221; background_image=&#8221;http:\/\/beesecure.ca\/wp-content\/uploads\/2019\/06\/White-Honeycomb-Backgrounds.jpg&#8221; custom_padding=&#8221;101px||151px|||&#8221; custom_padding_tablet=&#8221;&#8221; custom_padding_phone=&#8221;20px||50px&#8221; box_shadow_style=&#8221;preset3&#8243; box_shadow_vertical=&#8221;-12px&#8221;][et_pb_row column_structure=&#8221;2_5,3_5&#8243; use_custom_gutter=&#8221;on&#8221; gutter_width=&#8221;2&#8243; make_equal=&#8221;on&#8221; _builder_version=&#8221;4.0.11&#8243; max_width=&#8221;1200px&#8221;][et_pb_column type=&#8221;2_5&#8243; _builder_version=&#8221;4.0.11&#8243; custom_padding=&#8221;110px||||false|false&#8221; custom_padding__hover=&#8221;|||&#8221;][et_pb_image src=&#8221;https:\/\/beesecure.ca\/wp-content\/uploads\/2020\/05\/bees-GPS.jpg&#8221; align=&#8221;center&#8221; _builder_version=&#8221;4.0.11&#8243; min_height=&#8221;249px&#8221;][\/et_pb_image][\/et_pb_column][et_pb_column type=&#8221;3_5&#8243; _builder_version=&#8221;3.25&#8243; custom_padding=&#8221;|||&#8221; custom_padding__hover=&#8221;|||&#8221;][et_pb_text _builder_version=&#8221;4.0.11&#8243; header_font=&#8221;||||||||&#8221; header_4_font=&#8221;Raleway|700|||||||&#8221; header_4_text_color=&#8221;#3f3f3f&#8221; header_4_font_size=&#8221;32px&#8221;]<\/p>\n<p><img src=%22http:\/\/beesecure.ca\/wp-content\/uploads\/2020\/05\/BeeSeecureApiaries-300x71.png%22 width=%22300%22 height=%2271%22 alt=%22BeeSecure Apiaries Logo%22 class=%22wp-image-292735 alignnone size-medium%22><\/p>\n<p>[\/et_pb_text][et_pb_text _builder_version=&#8221;3.27.4&#8243; text_font=&#8221;Raleway||||||||&#8221; text_text_color=&#8221;#3f3f3f&#8221; text_font_size=&#8221;18px&#8221;]<\/p>\n<p>Le vol de ruche est un probl\u00e8me co\u00fbteux qui peut entra\u00eener le vol de centaines de milliers de dollars en quelques minutes.<strong> Notre catalyseur et probl\u00e8me initial \u00e9tait de prot\u00e9ger les ruches du rucher du fondateur<\/strong> au Canada. C&#8217;est ainsi que notre produit a obtenu son nom ! Trois ans plus tard, nous avons un traceur GPS puissant et stable, une application riche en fonctionnalit\u00e9s et plusieurs autres appareils utilis\u00e9s pour surveiller et prot\u00e9ger l&#8217;\u00e9quipement du rucher.<\/p>\n<p>Le traceur GPS BeeSecure peut facilement \u00eatre cach\u00e9 dans des bo\u00eetes \u00e0 couvain, dans des couvercles de ruche isol\u00e9s, sur des palettes, dans des camions \u00e0 abeilles ou sur votre co\u00fbteux chariot \u00e9l\u00e9vateur. Utilisez l&#8217;application pour surveiller l&#8217;\u00e9quipement du rucher ou les abeilles qui sont d\u00e9plac\u00e9es. Ajoutez des contacts pour recevoir des SMS ou des e-mails lorsque vos ruches se d\u00e9placent en dehors de leurs cours, et uniquement lorsque vous programmez des notifications. Cr\u00e9ez des barri\u00e8res g\u00e9ographiques, connectez l&#8217;\u00e9quipement vol\u00e9 aux forces de l&#8217;ordre et obtenez des mises \u00e0 jour lorsque les batteries sont faibles. <\/p>\n<p>Les installations de ruche typiques dureront jusqu&#8217;\u00e0 4 ans, avec des mises \u00e0 jour quotidiennes du GPS et de la temp\u00e9rature envoy\u00e9es \u00e0 votre application. Le suivi des v\u00e9hicules avec un \u00e9quipement actif verra la dur\u00e9e de vie de la batterie durer encore de 5 \u00e0 6 mois, sur un jeu de batteries au lithium.<\/p>\n<p>COMBIEN D&#8217;ARGENT PERDEZ-VOUS EN UN SEUL VOL ?<strong> COMMANDEZ LE VTRE AUJOURD&#8217;HUI<\/strong> ET DORMEZ MIEUX LA NUIT EN SAVOIR QUE VOUS \u00caTES PROT\u00c9G\u00c9.<\/p>\n<p>&nbsp;<\/p>\n<p>[\/et_pb_text][\/et_pb_column][\/et_pb_row][et_pb_row _builder_version=&#8221;4.0.11&#8243; module_alignment=&#8221;center&#8221; custom_margin=&#8221;|379px||auto||&#8221; custom_padding=&#8221;|||2px||&#8221;][et_pb_column type=&#8221;4_4&#8243; _builder_version=&#8221;3.25&#8243; custom_padding=&#8221;|||&#8221; custom_padding__hover=&#8221;|||&#8221;][\/et_pb_column][\/et_pb_row][\/et_pb_section][et_pb_section fb_built=&#8221;1&#8243; _builder_version=&#8221;4.0.11&#8243; background_color=&#8221;#e09900&#8243; global_module=&#8221;293020&#8243; saved_tabs=&#8221;all&#8221; locked=&#8221;off&#8221;][et_pb_row column_structure=&#8221;3_5,2_5&#8243; custom_padding_last_edited=&#8221;on|desktop&#8221; admin_label=&#8221;Ligne&#8221; _builder_version=&#8221;4.0.11&#8243; background_color=&#8221;#e09900&#8243; width=&#8221;100%&#8221; max_width=&#8221;1170px&#8221; custom_padding=&#8221;20px|4.7%|20px|4.7%|false|false&#8221; custom_padding_tablet=&#8221;10px|40px|10px|40px|false|false&#8221; custom_padding_phone=&#8221;&#8221; use_custom_width=&#8221;on&#8221; custom_width_px=&#8221;1170px&#8221;][et_pb_column type=&#8221;3_5&#8243; _builder_version=&#8221;3.25&#8243; custom_padding=&#8221;11px|||14px&#8221; custom_padding__hover=&#8221;|||&#8221;][et_pb_text admin_label=&#8221;Prowl Footer &#8211; Freddie &#8211; Text&#8221; _builder_version=&#8221;4.9.4&#8243; text_font=&#8221;Raleway|600|||||||&#8221; text_text_color=&#8221;#000000&#8243; text_font_size=&#8221;45px&#8221; text_letter_spacing=&#8221;1px&#8221; header_font=&#8221;||||||||&#8221; header_4_font=&#8221;Raleway|600|||||||&#8221; header_4_text_color=&#8221;#000000&#8243; header_4_font_size=&#8221;45px&#8221; text_orientation=&#8221;center&#8221; text_font_size_tablet=&#8221;45px&#8221; text_font_size_phone=&#8221;25px&#8221; text_font_size_last_edited=&#8221;on|phone&#8221; header_4_font_size_tablet=&#8221;&#8221; header_4_font_size_phone=&#8221;40px&#8221; header_4_font_size_last_edited=&#8221;on|phone&#8221; z_index_tablet=&#8221;500&#8243; text_text_align=&#8221;center&#8221;]<\/p>\n<h4>Etre sur. BeeSecure.<\/h4>\n<p>[\/et_pb_text][\/et_pb_column][et_pb_column type=&#8221;2_5&#8243; _builder_version=&#8221;3.25&#8243; custom_padding=&#8221;|||&#8221; custom_padding__hover=&#8221;|||&#8221;][et_pb_button button_url=&#8221;http:\/\/beesecure.ca\/support\/&#8221; button_text=&#8221;Appelez : (306) 986-8888&#8243; button_alignment=&#8221;left&#8221; button_alignment_tablet=&#8221;center&#8221; button_alignment_phone=&#8221;center&#8221; button_alignment_last_edited=&#8221;on|phone&#8221; _builder_version=&#8221;4.9.4&#8243; custom_button=&#8221;on&#8221; button_text_size=&#8221;23px&#8221; button_text_color=&#8221;#ffffff&#8221; button_bg_color=&#8221;#000000&#8243; button_border_width=&#8221;3px&#8221; button_border_color=&#8221;#000000&#8243; button_font=&#8221;Raleway|600|||||||&#8221; button_icon=&#8221;%%20%%&#8221; button_icon_color=&#8221;#ffffff&#8221; button_on_hover=&#8221;off&#8221; custom_margin=&#8221;5px||||false|false&#8221; animation_direction=&#8221;top&#8221; button_text_size_tablet=&#8221;&#8221; button_text_size_phone=&#8221;18px&#8221; button_text_size_last_edited=&#8221;on|phone&#8221; button_bg_color_last_edited=&#8221;off|desktop&#8221; button_bg_color__hover_enabled=&#8221;on|hover&#8221; button_bg_color__hover=&#8221;#ffffff&#8221; button_text_color__hover_enabled=&#8221;on|hover&#8221; button_text_color__hover=&#8221;#000000&#8243; button_border_color__hover_enabled=&#8221;on|hover&#8221; button_border_color__hover=&#8221;#ffffff&#8221; button_border_width__hover_enabled=&#8221;on&#8221; button_border_width__hover=&#8221;3px&#8221; button_bg_enable_color__hover=&#8221;on&#8221; button_icon_color__hover_enabled=&#8221;on|hover&#8221; button_icon_color__hover=&#8221;#000000&#8243;][\/et_pb_button][\/et_pb_column][\/et_pb_row][\/et_pb_section]<\/p>\n","protected":false},"excerpt":{"rendered":"<p>RuchersIl est temps de s\u00e9curiser votre ruches et pr\u00e9venir les vols de ruchers co\u00fbteuxLe vol de ruche est un probl\u00e8me co\u00fbteux qui peut entra\u00eener le vol de centaines de milliers de dollars en quelques minutes. Notre catalyseur et probl\u00e8me initial \u00e9tait de prot\u00e9ger les ruches du rucher du fondateur au Canada. C&#8217;est ainsi que notre [&hellip;]<\/p>\n","protected":false},"author":1,"featured_media":0,"parent":306029,"menu_order":0,"comment_status":"closed","ping_status":"closed","template":"","meta":{"_seopress_robots_primary_cat":"","_seopress_titles_title":"","_seopress_titles_desc":"BeeSecure Apiaries utilise les technologies cellulaires et LoRa pour emp\u00eacher le vol de ruches, suivre les ruches, les chariots \u00e9l\u00e9vateurs et d'autres \u00e9quipements dans les ruchers.","_seopress_robots_index":"","_et_pb_use_builder":"on","_et_pb_old_content":"","_et_gb_content_width":"","footnotes":""},"class_list":["post-305929","page","type-page","status-publish","hentry"],"jetpack_sharing_enabled":true,"_links":{"self":[{"href":"https:\/\/beesecure.ca\/fr\/wp-json\/wp\/v2\/pages\/305929","targetHints":{"allow":["GET"]}}],"collection":[{"href":"https:\/\/beesecure.ca\/fr\/wp-json\/wp\/v2\/pages"}],"about":[{"href":"https:\/\/beesecure.ca\/fr\/wp-json\/wp\/v2\/types\/page"}],"author":[{"embeddable":true,"href":"https:\/\/beesecure.ca\/fr\/wp-json\/wp\/v2\/users\/1"}],"replies":[{"embeddable":true,"href":"https:\/\/beesecure.ca\/fr\/wp-json\/wp\/v2\/comments?post=305929"}],"version-history":[{"count":0,"href":"https:\/\/beesecure.ca\/fr\/wp-json\/wp\/v2\/pages\/305929\/revisions"}],"up":[{"embeddable":true,"href":"https:\/\/beesecure.ca\/fr\/wp-json\/wp\/v2\/pages\/306029"}],"wp:attachment":[{"href":"https:\/\/beesecure.ca\/fr\/wp-json\/wp\/v2\/media?parent=305929"}],"curies":[{"name":"wp","href":"https:\/\/api.w.org\/{rel}","templated":true}]}}