{"id":305887,"date":"2021-10-20T14:29:10","date_gmt":"2021-10-20T20:29:10","guid":{"rendered":"https:\/\/beesecure.ca\/surveillance-de-la-propriete\/"},"modified":"2021-12-21T11:50:37","modified_gmt":"2021-12-21T17:50:37","slug":"surveillance-de-la-propriete","status":"publish","type":"page","link":"https:\/\/beesecure.ca\/fr\/surveillance-de-la-propriete\/","title":{"rendered":"Surveillance de la propri\u00e9t\u00e9"},"content":{"rendered":"<p>[et_pb_section fb_built=&#8221;1&#8243; _builder_version=&#8221;4.12.1&#8243; _module_preset=&#8221;default&#8221; background_enable_color=&#8221;off&#8221; use_background_color_gradient=&#8221;on&#8221; background_color_gradient_start=&#8221;rgba(0,0,0,0.5)&#8221; background_color_gradient_end=&#8221;rgba(0,0,0,0.5)&#8221; background_color_gradient_overlays_image=&#8221;on&#8221; background_image=&#8221;https:\/\/beesecure.ca\/wp-content\/uploads\/2021\/07\/MicrosoftTeams-image-89.png&#8221; custom_margin=&#8221;100px||||false|false&#8221; custom_margin_tablet=&#8221;100px||||false|false&#8221; custom_margin_phone=&#8221;80px||||false|false&#8221; custom_margin_last_edited=&#8221;on|phone&#8221; background_last_edited=&#8221;on|phone&#8221; background_size_phone=&#8221;cover&#8221; custom_css_main_element=&#8221;height:700px;&#8221; global_colors_info=&#8221;{}&#8221;][et_pb_row _builder_version=&#8221;4.9.4&#8243; _module_preset=&#8221;default&#8221; global_colors_info=&#8221;{}&#8221;][et_pb_column type=&#8221;4_4&#8243; _builder_version=&#8221;4.9.4&#8243; _module_preset=&#8221;default&#8221; global_colors_info=&#8221;{}&#8221;][et_pb_text _builder_version=&#8221;4.14.4&#8243; _module_preset=&#8221;default&#8221; header_font=&#8221;Open Sans|800|||||||&#8221; header_text_align=&#8221;center&#8221; header_text_color=&#8221;#FFFFFF&#8221; header_font_size=&#8221;65px&#8221; custom_margin=&#8221;220px||||false|false&#8221; header_font_size_tablet=&#8221;65px&#8221; header_font_size_phone=&#8221;46px&#8221; header_font_size_last_edited=&#8221;on|tablet&#8221; global_colors_info=&#8221;{}&#8221;]<\/p>\n<h1>Surveillance des propri\u00e9t\u00e9s<\/h1>\n<p>[\/et_pb_text][\/et_pb_column][\/et_pb_row][\/et_pb_section][et_pb_section fb_built=&#8221;1&#8243; _builder_version=&#8221;4.9.4&#8243; _module_preset=&#8221;default&#8221; background_color=&#8221;#FFFFFF&#8221; custom_margin=&#8221;||||false|false&#8221; global_colors_info=&#8221;{}&#8221;][et_pb_row column_structure=&#8221;1_3,1_3,1_3&#8243; _builder_version=&#8221;4.9.4&#8243; _module_preset=&#8221;default&#8221; locked=&#8221;off&#8221; global_colors_info=&#8221;{}&#8221;][et_pb_column type=&#8221;1_3&#8243; _builder_version=&#8221;4.9.4&#8243; _module_preset=&#8221;default&#8221; global_colors_info=&#8221;{}&#8221;][et_pb_text _builder_version=&#8221;4.9.4&#8243; _module_preset=&#8221;default&#8221; header_font=&#8221;Open Sans|600|||||||&#8221; header_text_align=&#8221;left&#8221; header_text_color=&#8221;#404040&#8243; locked=&#8221;off&#8221; global_colors_info=&#8221;{}&#8221;]<\/p>\n<h1>Appareils LoRa &#8211; LoRaWAN<\/h1>\n<p>[\/et_pb_text][et_pb_blurb title=&#8221;Moniteur de temp\u00e9rature&#8221; url=&#8221;https:\/\/beesecure.ca\/fr\/produit\/lorawan-surveillance-de-temperature\/&#8221; image=&#8221;https:\/\/beesecure.ca\/wp-content\/uploads\/2021\/07\/MicrosoftTeams-image-99.png&#8221; alt=&#8221;image microsoftteams (99)&#8221; _builder_version=&#8221;4.14.4&#8243; _module_preset=&#8221;default&#8221; header_level=&#8221;h2&#8243; header_font=&#8221;Open Sans|600|||||||&#8221; header_text_align=&#8221;left&#8221; header_text_color=&#8221;#000000&#8243; body_font=&#8221;Open Sans||||||||&#8221; body_text_align=&#8221;justify&#8221; body_text_color=&#8221;#404040&#8243; body_font_size=&#8221;15px&#8221; custom_padding=&#8221;||20px||false|false&#8221; link_option_url=&#8221;https:\/\/beesecure.ca\/fr\/produit\/lorawan-surveillance-de-temperature\/&#8221; hover_enabled=&#8221;0&#8243; border_width_all=&#8221;0px&#8221; border_color_all=&#8221;#FFFFFF&#8221; border_color_bottom=&#8221;#E09900&#8243; locked=&#8221;off&#8221; global_colors_info=&#8221;{}&#8221; transform_styles__hover_enabled=&#8221;on|hover&#8221; transform_scale__hover_enabled=&#8221;on|hover&#8221; transform_translate__hover_enabled=&#8221;on|desktop&#8221; transform_rotate__hover_enabled=&#8221;on|desktop&#8221; transform_skew__hover_enabled=&#8221;on|desktop&#8221; transform_origin__hover_enabled=&#8221;on|desktop&#8221; border_radii__hover_enabled=&#8221;on|hover&#8221; border_radii__hover=&#8221;on|4px|4px|4px|4px&#8221; border_width_all__hover_enabled=&#8221;on|hover&#8221; border_width_all__hover=&#8221;0px&#8221; border_width_bottom__hover_enabled=&#8221;on|hover&#8221; border_width_bottom__hover=&#8221;3px&#8221; sticky_enabled=&#8221;0&#8243;]<\/p>\n<p>Le Tundra signale la temp\u00e9rature \u00e0 notre application BeeSecure, et permet d&#8217;\u00e9viter des dommages co\u00fbteux dus \u00e0 des pannes de chauffage ou de refroidissement.<span class=\"Apple-converted-space\">\u00a0 <\/span>Configurez vos contacts pour qu&#8217;ils re\u00e7oivent des alertes par SMS et\/ou par courriel en utilisant des seuils de temp\u00e9rature inf\u00e9rieurs et sup\u00e9rieurs.<span class=\"Apple-converted-space\">\u00a0<\/span><\/p>\n<p>[\/et_pb_blurb][\/et_pb_column][et_pb_column type=&#8221;1_3&#8243; _builder_version=&#8221;4.9.4&#8243; _module_preset=&#8221;default&#8221; global_colors_info=&#8221;{}&#8221;][et_pb_text _builder_version=&#8221;4.9.4&#8243; _module_preset=&#8221;default&#8221; header_font=&#8221;Open Sans|600|||||||&#8221; header_text_align=&#8221;center&#8221; header_text_color=&#8221;#FFFFFF&#8221; locked=&#8221;off&#8221; global_colors_info=&#8221;{}&#8221;]<\/p>\n<h1>LoRa\/LoRaWAN<\/h1>\n<p>[\/et_pb_text][et_pb_blurb title=&#8221;Moniteur de niveau \u00e0 ultrasons&#8221; url=&#8221;https:\/\/beesecure.ca\/fr\/produit\/moniteur-de-niveau-a-ultrasons-capteur-lora\/&#8221; image=&#8221;https:\/\/beesecure.ca\/wp-content\/uploads\/2021\/07\/MicrosoftTeams-image-102.png&#8221; alt=&#8221;image microsoftteams (102)&#8221; _builder_version=&#8221;4.13.0&#8243; _module_preset=&#8221;default&#8221; header_level=&#8221;h2&#8243; header_font=&#8221;Open Sans|600|||||||&#8221; header_text_align=&#8221;left&#8221; header_text_color=&#8221;#000000&#8243; body_font=&#8221;Open Sans||||||||&#8221; body_text_align=&#8221;justify&#8221; body_text_color=&#8221;#404040&#8243; body_font_size=&#8221;15px&#8221; custom_padding=&#8221;||20px||false|false&#8221; link_option_url=&#8221;https:\/\/beesecure.ca\/fr\/produit\/moniteur-de-niveau-a-ultrasons-capteur-lora\/&#8221; border_width_all=&#8221;0px&#8221; border_color_all=&#8221;#FFFFFF&#8221; border_color_bottom=&#8221;#E09900&#8243; locked=&#8221;off&#8221; global_colors_info=&#8221;{}&#8221; transform_styles__hover_enabled=&#8221;on|hover&#8221; transform_scale__hover_enabled=&#8221;on|hover&#8221; transform_translate__hover_enabled=&#8221;on|desktop&#8221; transform_rotate__hover_enabled=&#8221;on|desktop&#8221; transform_skew__hover_enabled=&#8221;on|desktop&#8221; transform_origin__hover_enabled=&#8221;on|desktop&#8221; border_radii__hover_enabled=&#8221;on|hover&#8221; border_radii__hover=&#8221;on|4px|4px|4px|4px&#8221; border_width_all__hover_enabled=&#8221;on|hover&#8221; border_width_all__hover=&#8221;0px&#8221; border_width_bottom__hover_enabled=&#8221;on|hover&#8221; border_width_bottom__hover=&#8221;3px&#8221;]<\/p>\n<p>Notre moniteur de niveau fournit une mesure de distance pr\u00e9cise pour une vari\u00e9t\u00e9 d&#8217;applications dans des environnements difficiles comme la surveillance des inondations, la gestion des eaux us\u00e9es et la surveillance du niveau de remplissage. L&#8217;appareil utilise des ondes ultrasonores transmises et r\u00e9fl\u00e9chies par des objets proches pour ses mesures.<\/p>\n<p>[\/et_pb_blurb][\/et_pb_column][et_pb_column type=&#8221;1_3&#8243; _builder_version=&#8221;4.9.4&#8243; _module_preset=&#8221;default&#8221; global_colors_info=&#8221;{}&#8221;][et_pb_text _builder_version=&#8221;4.9.4&#8243; _module_preset=&#8221;default&#8221; header_font=&#8221;Open Sans|600|||||||&#8221; header_text_align=&#8221;center&#8221; header_text_color=&#8221;#FFFFFF&#8221; locked=&#8221;off&#8221; global_colors_info=&#8221;{}&#8221;]<\/p>\n<h1>LoRa\/LoRaWAN<\/h1>\n<p>[\/et_pb_text][et_pb_blurb title=&#8221;Capteur SmartRoom&#8221; url=&#8221;http:\/\/beesecure.ca\/unavailable&#8221; image=&#8221;https:\/\/beesecure.ca\/wp-content\/uploads\/2021\/07\/MicrosoftTeams-image-94.png&#8221; alt=&#8221;image microsoftteams (94)&#8221; _builder_version=&#8221;4.14.4&#8243; _module_preset=&#8221;default&#8221; header_level=&#8221;h2&#8243; header_font=&#8221;Open Sans|600|||||||&#8221; header_text_align=&#8221;left&#8221; header_text_color=&#8221;#000000&#8243; body_font=&#8221;Open Sans||||||||&#8221; body_text_align=&#8221;justify&#8221; body_text_color=&#8221;#404040&#8243; body_font_size=&#8221;15px&#8221; custom_padding=&#8221;||20px||false|false&#8221; link_option_url=&#8221;http:\/\/beesecure.ca\/unavailable&#8221; hover_enabled=&#8221;0&#8243; border_width_all=&#8221;0px&#8221; border_color_all=&#8221;#FFFFFF&#8221; border_color_bottom=&#8221;#E09900&#8243; locked=&#8221;off&#8221; global_colors_info=&#8221;{}&#8221; transform_styles__hover_enabled=&#8221;on|hover&#8221; transform_scale__hover_enabled=&#8221;on|hover&#8221; transform_translate__hover_enabled=&#8221;on|desktop&#8221; transform_rotate__hover_enabled=&#8221;on|desktop&#8221; transform_skew__hover_enabled=&#8221;on|desktop&#8221; transform_origin__hover_enabled=&#8221;on|desktop&#8221; border_radii__hover_enabled=&#8221;on|hover&#8221; border_radii__hover=&#8221;on|4px|4px|4px|4px&#8221; border_width_all__hover_enabled=&#8221;on|hover&#8221; border_width_all__hover=&#8221;0px&#8221; border_width_bottom__hover_enabled=&#8221;on|hover&#8221; border_width_bottom__hover=&#8221;3px&#8221; sticky_enabled=&#8221;0&#8243;]<\/p>\n<p>Notre capteur SmartRoom est l\u00e0 pour vous aider \u00e0 g\u00e9rer et surveiller votre propri\u00e9t\u00e9. Gardez la trace de votre r\u00e9sidence principale ou surveillez les biens locatifs. Avec nos solutions, vous pourrez surveiller la temp\u00e9rature, l&#8217;humidit\u00e9, la lumi\u00e8re, les mouvements, les chocs, les portes ou fen\u00eatres ouvertes\/ferm\u00e9es, la d\u00e9tection des fuites ou d&#8217;autres fonctions personnalis\u00e9es.<\/p>\n<p>[\/et_pb_blurb][\/et_pb_column][\/et_pb_row][\/et_pb_section][et_pb_section fb_built=&#8221;1&#8243; _builder_version=&#8221;4.9.4&#8243; _module_preset=&#8221;default&#8221; background_color=&#8221;#F8EACE&#8221; global_colors_info=&#8221;{}&#8221;][et_pb_row _builder_version=&#8221;4.9.4&#8243; _module_preset=&#8221;default&#8221; locked=&#8221;off&#8221; global_colors_info=&#8221;{}&#8221;][et_pb_column type=&#8221;4_4&#8243; _builder_version=&#8221;4.9.4&#8243; _module_preset=&#8221;default&#8221; global_colors_info=&#8221;{}&#8221;][et_pb_image src=&#8221;https:\/\/beesecure.ca\/wp-content\/uploads\/2021\/07\/MicrosoftTeams-image-96.png&#8221; alt=&#8221;image microsoftteams (96)&#8221; title_text=&#8221;MicrosoftTeams-image (96)&#8221; align=&#8221;center&#8221; _builder_version=&#8221;4.9.4&#8243; _module_preset=&#8221;default&#8221; global_colors_info=&#8221;{}&#8221;][\/et_pb_image][et_pb_text _builder_version=&#8221;4.14.4&#8243; _module_preset=&#8221;default&#8221; header_font=&#8221;Open Sans|600|||||||&#8221; header_text_align=&#8221;center&#8221; header_text_color=&#8221;#404040&#8243; header_2_font=&#8221;Open Sans|600|||||||&#8221; header_2_text_align=&#8221;center&#8221; header_2_text_color=&#8221;#404040&#8243; header_2_font_size=&#8221;30px&#8221; text_orientation=&#8221;center&#8221; module_alignment=&#8221;center&#8221; custom_margin=&#8221;||||false|false&#8221; hover_enabled=&#8221;0&#8243; locked=&#8221;off&#8221; global_colors_info=&#8221;{}&#8221; sticky_enabled=&#8221;0&#8243;]<\/p>\n<h2><b>Gestion de la propri\u00e9t\u00e9 et pr\u00e9vention des vols.<\/b><\/h2>\n<p>[\/et_pb_text][et_pb_divider color=&#8221;#E09900&#8243; divider_weight=&#8221;5px&#8221; _builder_version=&#8221;4.9.4&#8243; _module_preset=&#8221;default&#8221; width=&#8221;50%&#8221; module_alignment=&#8221;center&#8221; custom_margin=&#8221;-20px||||false|false&#8221; locked=&#8221;off&#8221; global_colors_info=&#8221;{}&#8221;][\/et_pb_divider][et_pb_text _builder_version=&#8221;4.14.4&#8243; _module_preset=&#8221;default&#8221; text_font=&#8221;Open Sans||||||||&#8221; text_text_color=&#8221;#000000&#8243; text_font_size=&#8221;20px&#8221; header_2_font=&#8221;Open Sans|600|||||||&#8221; header_2_text_color=&#8221;#404040&#8243; header_2_font_size=&#8221;30px&#8221; text_orientation=&#8221;justified&#8221; hover_enabled=&#8221;0&#8243; locked=&#8221;off&#8221; global_colors_info=&#8221;{}&#8221; sticky_enabled=&#8221;0&#8243;]<\/p>\n<p>Le taux de criminalit\u00e9 en Saskatchewan et dans les provinces des Prairies voisines augmentent. Assurez-vous que votre propri\u00e9t\u00e9 et vos biens sont en s\u00e9curit\u00e9 gr\u00e2ce \u00e0 nos solutions de surveillance de propri\u00e9t\u00e9 BeeSecure. Surveillez votre r\u00e9sidence principale ou vos propri\u00e9t\u00e9s locatives.<\/p>\n<p>Nos dispositifs de surveillance des donn\u00e9es sont l\u00e0 pour vous aider \u00e0 g\u00e9rer et \u00e0 superviser votre propri\u00e9t\u00e9 directement sur votre appareil mobile. Gr\u00e2ce \u00e0 nos solutions, vous pourrez surveiller la temp\u00e9rature, l&#8217;humidit\u00e9, la lumi\u00e8re, les mouvements, les chocs, les portes ou fen\u00eatres ouvertes\/ferm\u00e9es, et m\u00eame d\u00e9tecter les fuites. Nos appareils sont compacts, faciles \u00e0 installer et dot\u00e9s d&#8217;une application mobile et de bureau facile \u00e0 utiliser.<\/p>\n<p>[\/et_pb_text][\/et_pb_column][\/et_pb_row][\/et_pb_section][et_pb_section fb_built=&#8221;1&#8243; _builder_version=&#8221;4.9.4&#8243; _module_preset=&#8221;default&#8221; global_colors_info=&#8221;{}&#8221;][et_pb_row column_structure=&#8221;1_2,1_2&#8243; _builder_version=&#8221;4.9.4&#8243; _module_preset=&#8221;default&#8221; global_colors_info=&#8221;{}&#8221;][et_pb_column type=&#8221;1_2&#8243; _builder_version=&#8221;4.9.4&#8243; _module_preset=&#8221;default&#8221; global_colors_info=&#8221;{}&#8221;][et_pb_text _builder_version=&#8221;4.9.4&#8243; header_font=&#8221;||||||||&#8221; header_2_font=&#8221;Open Sans|600|||||||&#8221; header_2_text_align=&#8221;left&#8221; header_2_text_color=&#8221;#404040&#8243; header_2_font_size=&#8221;30px&#8221; header_4_font=&#8221;Raleway|700|||||||&#8221; header_4_text_align=&#8221;left&#8221; header_4_text_color=&#8221;#404852&#8243; header_4_font_size=&#8221;36px&#8221; header_4_line_height=&#8221;24px&#8221; locked=&#8221;off&#8221; global_colors_info=&#8221;{}&#8221;]<\/p>\n<h2>Qu&#8217;est-ce que LoRa ?<\/h2>\n<p>[\/et_pb_text][et_pb_divider color=&#8221;#E09900&#8243; divider_weight=&#8221;5px&#8221; _builder_version=&#8221;4.9.4&#8243; _module_preset=&#8221;default&#8221; width=&#8221;50%&#8221; module_alignment=&#8221;left&#8221; custom_margin=&#8221;-20px||||false|false&#8221; locked=&#8221;off&#8221; global_colors_info=&#8221;{}&#8221;][\/et_pb_divider][et_pb_text _builder_version=&#8221;4.9.4&#8243; _module_preset=&#8221;default&#8221; text_font=&#8221;Open Sans||||||||&#8221; text_text_color=&#8221;#000000&#8243; text_font_size=&#8221;20px&#8221; text_orientation=&#8221;justified&#8221; global_colors_info=&#8221;{}&#8221;]<\/p>\n<div>\n<p><span>LoRa est un r\u00e9seau de communication, tout comme le wifi ou le bluetooth, qui a le potentiel de vous fournir une plus longue port\u00e9e de service. Il n&#8217;est cependant capable d&#8217;envoyer que de petits morceaux de donn\u00e9es, ce qui le rend parfait pour la surveillance des donn\u00e9es !<\/span><\/p>\n<p><span>Avant de rechercher des appareils compatibles LoRa, vous devrez vous assurer que votre ville ou votre r\u00e9gion dispose d&#8217;un r\u00e9seau LoRaWAN disponible. Notez qu&#8217;en Saskatchewan, Saskatoon, Regina, Melfort et Moose Jaw ont un r\u00e9seau LoRa disponible qui peut \u00eatre utilis\u00e9 par nos appareils. Si vous habitez en dehors de la zone couverte par LoRa, vous devrez acheter une passerelle suppl\u00e9mentaire (tout comme un routeur Wi-Fi). Les options de passerelle sont disponibles en fonction de la taille de la zone que vous souhaitez couvrir et du nombre d&#8217;appareils que vous souhaitez utiliser sur le r\u00e9seau unique. Contactez notre \u00e9quipe d\u00e8s aujourd&#8217;hui pour en savoir plus sur les solutions que nous pouvons vous offrir !<\/span><\/p>\n<p><a href=%22http:\/\/beesecure.ca\/support\/%22>Contactez-nous pour en savoir plus!<\/a><\/p>\n<\/div>\n<p>[\/et_pb_text][\/et_pb_column][et_pb_column type=&#8221;1_2&#8243; _builder_version=&#8221;4.9.4&#8243; _module_preset=&#8221;default&#8221; global_colors_info=&#8221;{}&#8221;][et_pb_image src=&#8221;https:\/\/beesecure.ca\/wp-content\/uploads\/2021\/07\/MicrosoftTeams-image-137.jpg&#8221; alt=&#8221;LoRa&#8221; title_text=&#8221;MicrosoftTeams-image (137)&#8221; _builder_version=&#8221;4.9.4&#8243; _module_preset=&#8221;default&#8221; custom_margin=&#8221;||||false|false&#8221; global_colors_info=&#8221;{}&#8221;][\/et_pb_image][\/et_pb_column][\/et_pb_row][\/et_pb_section][et_pb_section fb_built=&#8221;1&#8243; custom_padding_last_edited=&#8221;on|tablet&#8221; _builder_version=&#8221;4.9.4&#8243; background_color=&#8221;#F8EACE&#8221; custom_margin_tablet=&#8221;||||false|false&#8221; custom_margin_phone=&#8221;||0px||false|false&#8221; custom_margin_last_edited=&#8221;on|phone&#8221; custom_padding=&#8221;||||false|false&#8221; custom_padding_tablet=&#8221;||0px||false|false&#8221; custom_padding_phone=&#8221;20px||20px||true|false&#8221; top_divider_color=&#8221;#ffffff&#8221; top_divider_height=&#8221;175px&#8221; top_divider_repeat=&#8221;5x&#8221; bottom_divider_color=&#8221;#ffffff&#8221; bottom_divider_height=&#8221;500px&#8221; bottom_divider_repeat=&#8221;2x&#8221; locked=&#8221;off&#8221; global_colors_info=&#8221;{}&#8221;][et_pb_row column_structure=&#8221;1_2,1_2&#8243; custom_padding_last_edited=&#8221;on|tablet&#8221; _builder_version=&#8221;4.9.4&#8243; custom_padding=&#8221;||||false|false&#8221; custom_padding_tablet=&#8221;||300px||false|false&#8221; custom_padding_phone=&#8221;0px||30px||false|false&#8221; global_colors_info=&#8221;{}&#8221;][et_pb_column type=&#8221;1_2&#8243; _builder_version=&#8221;4.9.4&#8243; background_color=&#8221;#F8EACE&#8221; custom_padding=&#8221;|||&#8221; global_colors_info=&#8221;{}&#8221; custom_padding__hover=&#8221;|||&#8221;][et_pb_image src=&#8221;https:\/\/beesecure.ca\/wp-content\/uploads\/2021\/07\/MicrosoftTeams-image-100.png&#8221; alt=&#8221;image microsoftteams (100)&#8221; title_text=&#8221;MicrosoftTeams-image (100)&#8221; _builder_version=&#8221;4.9.4&#8243; _module_preset=&#8221;default&#8221; global_colors_info=&#8221;{}&#8221;][\/et_pb_image][\/et_pb_column][et_pb_column type=&#8221;1_2&#8243; _builder_version=&#8221;4.9.4&#8243; background_color=&#8221;#F8EACE&#8221; custom_padding=&#8221;|||&#8221; global_colors_info=&#8221;{}&#8221; custom_padding__hover=&#8221;|||&#8221;][et_pb_text _builder_version=&#8221;4.14.4&#8243; header_font=&#8221;||||||||&#8221; header_2_font=&#8221;Open Sans|600|||||||&#8221; header_2_text_align=&#8221;left&#8221; header_2_text_color=&#8221;#404040&#8243; header_2_font_size=&#8221;30px&#8221; header_4_font=&#8221;Raleway|700|||||||&#8221; header_4_text_color=&#8221;#3f3f3f&#8221; header_4_font_size=&#8221;32px&#8221; custom_margin=&#8221;50px||||false|false&#8221; custom_margin_tablet=&#8221;||||false|false&#8221; custom_margin_phone=&#8221;0px||||false|false&#8221; custom_margin_last_edited=&#8221;on|phone&#8221; hover_enabled=&#8221;0&#8243; global_colors_info=&#8221;{}&#8221; sticky_enabled=&#8221;0&#8243;]<\/p>\n<h2><b>Comment cela fonctionne<\/b><\/h2>\n<p>[\/et_pb_text][et_pb_divider color=&#8221;#e09900&#8243; divider_weight=&#8221;5px&#8221; _builder_version=&#8221;4.9.4&#8243; width=&#8221;41%&#8221; module_alignment=&#8221;left&#8221; custom_margin=&#8221;||||false|false&#8221; global_colors_info=&#8221;{}&#8221;][\/et_pb_divider][et_pb_text _builder_version=&#8221;4.14.4&#8243; text_font=&#8221;Open Sans||||||||&#8221; text_text_color=&#8221;#000000&#8243; text_font_size=&#8221;20px&#8221; hover_enabled=&#8221;0&#8243; global_colors_info=&#8221;{}&#8221; sticky_enabled=&#8221;0&#8243;]<\/p>\n<div>Choisissez l&#8217;appareil, ou une combinaison de, qui r\u00e9pondra \u00e0 vos besoins de surveillance de propri\u00e9t\u00e9. Affichez et surveillez la temp\u00e9rature, les mouvements, l&#8217;activit\u00e9 de la porte, le niveau du r\u00e9servoir et plus encore avec notre application BeeSecure \u00e0 partir de n&#8217;importe quel appareil mobile ou de bureau.<\/div>\n<ul>\n<li><span e09a26=\"\" 22=\"\">Fonctionne sur LoRa<\/span><span> r\u00e9seau de communication<\/span><\/li>\n<li><span e09a26=\"\" 22=\"\">Application BeeSecure<\/span> pour mobile et ordinateur de bureau.<\/li>\n<li><span e09a26=\"\" 22=\"\">Alertes SMS\/<\/span>Courriel\u00a0<span e09a26=\"\" 22=\"\"><\/span>d\u00e9clench\u00e9 par un mouvement ou un changement de temp\u00e9rature.<\/li>\n<li><span e09a26=\"\" 22=\"\">Donn\u00e9es et rapports<\/span> tout en un seul endroit.<\/li>\n<\/ul>\n<p>[\/et_pb_text][\/et_pb_column][\/et_pb_row][\/et_pb_section][et_pb_section fb_built=&#8221;1&#8243; _builder_version=&#8221;4.0.11&#8243; background_color=&#8221;#e09900&#8243; global_module=&#8221;293020&#8243; saved_tabs=&#8221;all&#8221; locked=&#8221;off&#8221; global_colors_info=&#8221;{}&#8221;][et_pb_row column_structure=&#8221;3_5,2_5&#8243; custom_padding_last_edited=&#8221;on|desktop&#8221; admin_label=&#8221;Ligne&#8221; _builder_version=&#8221;4.0.11&#8243; background_color=&#8221;#e09900&#8243; width=&#8221;100%&#8221; max_width=&#8221;1170px&#8221; custom_padding=&#8221;20px|4.7%|20px|4.7%|false|false&#8221; custom_padding_tablet=&#8221;10px|40px|10px|40px|false|false&#8221; custom_padding_phone=&#8221;&#8221; use_custom_width=&#8221;on&#8221; custom_width_px=&#8221;1170px&#8221; global_colors_info=&#8221;{}&#8221;][et_pb_column type=&#8221;3_5&#8243; _builder_version=&#8221;3.25&#8243; custom_padding=&#8221;11px|||14px&#8221; global_colors_info=&#8221;{}&#8221; custom_padding__hover=&#8221;|||&#8221;][et_pb_text admin_label=&#8221;Prowl Footer &#8211; Freddie &#8211; Text&#8221; _builder_version=&#8221;4.14.3&#8243; text_font=&#8221;Raleway|600|||||||&#8221; text_text_color=&#8221;#000000&#8243; text_font_size=&#8221;45px&#8221; text_letter_spacing=&#8221;1px&#8221; header_font=&#8221;||||||||&#8221; header_4_font=&#8221;Raleway|600|||||||&#8221; header_4_text_color=&#8221;#000000&#8243; header_4_font_size=&#8221;45px&#8221; text_orientation=&#8221;center&#8221; text_font_size_tablet=&#8221;45px&#8221; text_font_size_phone=&#8221;25px&#8221; text_font_size_last_edited=&#8221;on|phone&#8221; header_4_font_size_tablet=&#8221;&#8221; header_4_font_size_phone=&#8221;40px&#8221; header_4_font_size_last_edited=&#8221;on|phone&#8221; z_index_tablet=&#8221;500&#8243; text_text_align=&#8221;center&#8221; global_colors_info=&#8221;{}&#8221;]<\/p>\n<h4>Etre sur. BeeSecure.<\/h4>\n<p>[\/et_pb_text][\/et_pb_column][et_pb_column type=&#8221;2_5&#8243; _builder_version=&#8221;3.25&#8243; custom_padding=&#8221;|||&#8221; global_colors_info=&#8221;{}&#8221; custom_padding__hover=&#8221;|||&#8221;][et_pb_button button_url=&#8221;https:\/\/beesecure.ca\/fr\/soutien\/&#8221; button_text=&#8221;Appelez : (306) 986-8888&#8243; button_alignment=&#8221;left&#8221; button_alignment_tablet=&#8221;center&#8221; button_alignment_phone=&#8221;center&#8221; button_alignment_last_edited=&#8221;on|phone&#8221; _builder_version=&#8221;4.14.3&#8243; custom_button=&#8221;on&#8221; button_text_size=&#8221;23px&#8221; button_text_color=&#8221;#ffffff&#8221; button_bg_color=&#8221;#000000&#8243; button_border_width=&#8221;3px&#8221; button_border_color=&#8221;#000000&#8243; button_font=&#8221;Raleway|600|||||||&#8221; button_icon=&#8221;&#x35;||divi||400&#8243; button_icon_color=&#8221;#ffffff&#8221; button_on_hover=&#8221;off&#8221; custom_margin=&#8221;5px||||false|false&#8221; animation_direction=&#8221;top&#8221; button_text_size_tablet=&#8221;&#8221; button_text_size_phone=&#8221;18px&#8221; button_text_size_last_edited=&#8221;on|phone&#8221; button_bg_color_last_edited=&#8221;off|desktop&#8221; global_colors_info=&#8221;{}&#8221; button_bg_color__hover_enabled=&#8221;on|hover&#8221; button_bg_color__hover=&#8221;#ffffff&#8221; button_text_color__hover_enabled=&#8221;on|hover&#8221; button_text_color__hover=&#8221;#000000&#8243; button_border_color__hover_enabled=&#8221;on|hover&#8221; button_border_color__hover=&#8221;#ffffff&#8221; button_border_width__hover_enabled=&#8221;on&#8221; button_border_width__hover=&#8221;3px&#8221; button_bg_enable_color__hover=&#8221;on&#8221; button_icon_color__hover_enabled=&#8221;on|hover&#8221; button_icon_color__hover=&#8221;#000000&#8243;][\/et_pb_button][\/et_pb_column][\/et_pb_row][\/et_pb_section]<\/p>\n","protected":false},"excerpt":{"rendered":"<p>Surveillance des propri\u00e9t\u00e9sAppareils LoRa &#8211; LoRaWANLe Tundra signale la temp\u00e9rature \u00e0 notre application BeeSecure, et permet d&#8217;\u00e9viter des dommages co\u00fbteux dus \u00e0 des pannes de chauffage ou de refroidissement.\u00a0 Configurez vos contacts pour qu&#8217;ils re\u00e7oivent des alertes par SMS et\/ou par courriel en utilisant des seuils de temp\u00e9rature inf\u00e9rieurs et sup\u00e9rieurs.\u00a0LoRa\/LoRaWANNotre moniteur de niveau fournit [&hellip;]<\/p>\n","protected":false},"author":1,"featured_media":0,"parent":0,"menu_order":0,"comment_status":"closed","ping_status":"closed","template":"","meta":{"_seopress_robots_primary_cat":"","_seopress_titles_title":"","_seopress_titles_desc":"","_seopress_robots_index":"","_et_pb_use_builder":"on","_et_pb_old_content":"","_et_gb_content_width":"","footnotes":""},"class_list":["post-305887","page","type-page","status-publish","hentry"],"jetpack_sharing_enabled":true,"_links":{"self":[{"href":"https:\/\/beesecure.ca\/fr\/wp-json\/wp\/v2\/pages\/305887","targetHints":{"allow":["GET"]}}],"collection":[{"href":"https:\/\/beesecure.ca\/fr\/wp-json\/wp\/v2\/pages"}],"about":[{"href":"https:\/\/beesecure.ca\/fr\/wp-json\/wp\/v2\/types\/page"}],"author":[{"embeddable":true,"href":"https:\/\/beesecure.ca\/fr\/wp-json\/wp\/v2\/users\/1"}],"replies":[{"embeddable":true,"href":"https:\/\/beesecure.ca\/fr\/wp-json\/wp\/v2\/comments?post=305887"}],"version-history":[{"count":0,"href":"https:\/\/beesecure.ca\/fr\/wp-json\/wp\/v2\/pages\/305887\/revisions"}],"wp:attachment":[{"href":"https:\/\/beesecure.ca\/fr\/wp-json\/wp\/v2\/media?parent=305887"}],"curies":[{"name":"wp","href":"https:\/\/api.w.org\/{rel}","templated":true}]}}