{"id":305886,"date":"2021-10-20T14:29:10","date_gmt":"2021-10-20T20:29:10","guid":{"rendered":"https:\/\/beesecure.ca\/equipement\/"},"modified":"2021-10-20T14:30:11","modified_gmt":"2021-10-20T20:30:11","slug":"equipement","status":"publish","type":"page","link":"https:\/\/beesecure.ca\/fr\/applications\/equipement\/","title":{"rendered":"\u00c9quipement"},"content":{"rendered":"<p>[et_pb_section fb_built=&#8221;1&#8243; custom_padding_last_edited=&#8221;on|phone&#8221; _builder_version=&#8221;3.24.1&#8243; background_color=&#8221;#000000&#8243; use_background_color_gradient=&#8221;on&#8221; background_color_gradient_start=&#8221;#404852&#8243; background_color_gradient_end=&#8221;#000000&#8243; custom_padding=&#8221;0px|0px|0px|0px||&#8221; custom_padding_tablet=&#8221;&#8221; custom_padding_phone=&#8221;||30px&#8221; border_width_top=&#8221;2px&#8221; border_color_top=&#8221;#e09900&#8243; border_width_bottom=&#8221;2px&#8221; border_color_bottom=&#8221;#e09900&#8243;][et_pb_row _builder_version=&#8221;3.25&#8243; custom_margin=&#8221;15px|auto||auto||&#8221; custom_padding=&#8221;||0px|||&#8221;][et_pb_column type=&#8221;4_4&#8243; _builder_version=&#8221;3.25&#8243; custom_padding=&#8221;|||&#8221; custom_padding__hover=&#8221;|||&#8221;][et_pb_text _builder_version=&#8221;3.27.4&#8243; header_font=&#8221;||||||||&#8221; header_4_font=&#8221;Raleway|700|||||||&#8221; header_4_text_align=&#8221;center&#8221; header_4_text_color=&#8221;#e09900&#8243; header_4_font_size=&#8221;86px&#8221; custom_margin=&#8221;||1px|||&#8221; custom_padding=&#8221;|||||&#8221; header_4_font_size_tablet=&#8221;&#8221; header_4_font_size_phone=&#8221;50px&#8221; header_4_font_size_last_edited=&#8221;on|phone&#8221;]<\/p>\n<h4>\u00c9quipement<\/h4>\n<p>[\/et_pb_text][et_pb_divider color=&#8221;#e09900&#8243; divider_weight=&#8221;2px&#8221; disabled_on=&#8221;on|on|off&#8221; _builder_version=&#8221;3.24.1&#8243; width=&#8221;25%&#8221; module_alignment=&#8221;center&#8221; custom_padding=&#8221;25px||&#8221;][\/et_pb_divider][\/et_pb_column][\/et_pb_row][et_pb_row column_structure=&#8221;1_2,1_2&#8243; disabled_on=&#8221;on|on|off&#8221; _builder_version=&#8221;3.25&#8243; custom_padding=&#8221;0px|||||&#8221;][et_pb_column type=&#8221;1_2&#8243; _builder_version=&#8221;3.25&#8243; custom_padding=&#8221;|||&#8221; custom_padding__hover=&#8221;|||&#8221;][et_pb_text _builder_version=&#8221;3.27.4&#8243; text_font=&#8221;||||||||&#8221; header_font=&#8221;||||||||&#8221; header_text_color=&#8221;#ffffff&#8221; header_4_font=&#8221;Raleway|700|||||||&#8221; header_4_text_align=&#8221;center&#8221; header_4_text_color=&#8221;#ffffff&#8221; header_4_font_size=&#8221;33px&#8221; header_4_line_height=&#8221;1.3em&#8221; custom_margin=&#8221;|-478px|-4px|||&#8221; header_4_text_align_tablet=&#8221;&#8221; header_4_text_align_phone=&#8221;left&#8221; header_4_text_align_last_edited=&#8221;on|phone&#8221;]<\/p>\n<h4>Suivi GPS pour \u00e9quipement professionnel ou personnel<\/h4>\n<h4>Sports motoris\u00e9s | \u00c9quipement d&#8217;entreprise | Remorques | Cargaison<\/h4>\n<p>[\/et_pb_text][\/et_pb_column][et_pb_column type=&#8221;1_2&#8243; _builder_version=&#8221;3.25&#8243; custom_padding=&#8221;|||&#8221; custom_padding__hover=&#8221;|||&#8221;][\/et_pb_column][\/et_pb_row][\/et_pb_section][et_pb_section fb_built=&#8221;1&#8243; custom_padding_last_edited=&#8221;on|phone&#8221; _builder_version=&#8221;3.24.1&#8243; background_image=&#8221;http:\/\/beesecure.ca\/wp-content\/uploads\/2019\/06\/rec-vehicle-tracker.jpg&#8221; parallax=&#8221;on&#8221; height_tablet=&#8221;&#8221; height_phone=&#8221;auto&#8221; height_last_edited=&#8221;on|phone&#8221; max_height_tablet=&#8221;&#8221; max_height_phone=&#8221;none&#8221; max_height_last_edited=&#8221;on|phone&#8221; custom_padding=&#8221;||748px|||&#8221; custom_padding_tablet=&#8221;&#8221; custom_padding_phone=&#8221;||200px|&#8221;][\/et_pb_section][et_pb_section fb_built=&#8221;1&#8243; custom_padding_last_edited=&#8221;on|phone&#8221; _builder_version=&#8221;3.25.1&#8243; use_background_color_gradient=&#8221;on&#8221; background_color_gradient_start=&#8221;rgba(255,255,255,0.8)&#8221; background_color_gradient_end=&#8221;rgba(255,255,255,0.8)&#8221; background_color_gradient_overlays_image=&#8221;on&#8221; background_image=&#8221;http:\/\/beesecure.ca\/wp-content\/uploads\/2019\/06\/White-Honeycomb-Backgrounds.jpg&#8221; custom_padding=&#8221;101px||151px|||&#8221; custom_padding_tablet=&#8221;&#8221; custom_padding_phone=&#8221;20px||50px&#8221; box_shadow_style=&#8221;preset3&#8243; box_shadow_vertical=&#8221;-12px&#8221;][et_pb_row column_structure=&#8221;2_5,3_5&#8243; use_custom_gutter=&#8221;on&#8221; gutter_width=&#8221;2&#8243; make_equal=&#8221;on&#8221; _builder_version=&#8221;3.25&#8243; max_width=&#8221;1200px&#8221;][et_pb_column type=&#8221;2_5&#8243; _builder_version=&#8221;3.25&#8243; custom_padding=&#8221;|||&#8221; custom_padding__hover=&#8221;|||&#8221;][et_pb_image src=&#8221;http:\/\/beesecure.ca\/wp-content\/uploads\/2019\/07\/usage-tool-trailer-533&#215;300-cmp.jpg&#8221; _builder_version=&#8221;4.0.11&#8243; custom_margin=&#8221;110px||||false|false&#8221;][\/et_pb_image][\/et_pb_column][et_pb_column type=&#8221;3_5&#8243; _builder_version=&#8221;3.25&#8243; custom_padding=&#8221;|||&#8221; custom_padding__hover=&#8221;|||&#8221;][et_pb_text _builder_version=&#8221;4.0.11&#8243; header_font=&#8221;||||||||&#8221; header_4_font=&#8221;Raleway|700|||||||&#8221; header_4_text_color=&#8221;#3f3f3f&#8221; header_4_font_size=&#8221;32px&#8221;]<\/p>\n<h4><img src=%22http:\/\/beesecure.ca\/wp-content\/uploads\/2020\/05\/BeeSecureEquipment.png%22 width=%22378%22 height=%2290%22 alt=%22Beesecureequipment%22 class=%22wp-image-292731 aligncenter size-full%22><\/h4>\n<p>[\/et_pb_text][et_pb_text _builder_version=&#8221;4.0.11&#8243; text_font=&#8221;Raleway||||||||&#8221; text_text_color=&#8221;#3f3f3f&#8221; text_font_size=&#8221;18px&#8221;]<\/p>\n<p>Nos traceurs GPS peuvent facilement \u00eatre cach\u00e9s sur n&#8217;importe quel v\u00e9hicule r\u00e9cr\u00e9atif, sans aucune installation compliqu\u00e9e ou source d&#8217;alimentation requise. Parfait pour suivre l&#8217;\u00e9quipement d&#8217;entreprise, les actifs de chantier, les outils co\u00fbteux comme les g\u00e9n\u00e9ratrices, les VTT, les motoneiges, les remorques utilitaires, les bateaux, les v\u00e9hicules, les petites flottes ou les c\u00f4te \u00e0 c\u00f4te, le tracker peut facilement \u00eatre cach\u00e9 sous le si\u00e8ge, dans un compartiment de rangement , et m\u00eame zipp\u00e9 ou viss\u00e9 \u00e0 l&#8217;\u00e9quipement. \u00c9tant donn\u00e9 que le tracker est compl\u00e8tement r\u00e9sistant aux intemp\u00e9ries, il peut \u00eatre expos\u00e9 \u00e0 l&#8217;eau. Ne vous inqui\u00e9tez pas d&#8217;avoir \u00e0 changer les piles tr\u00e8s souvent &#8211; votre tracker peut durer des ann\u00e9es avec un seul jeu de piles. Voir notre<a href=\"\/\/beesecure.ca\/fr\/?page_id=305893#battery-life-calculator%22\" target=\"%22_blank%22\" rel=\"%22noopener noopener\"> calculateur d&#8217;autonomie<\/a> pour les d\u00e9tails.<\/p>\n<p>Unique \u00e0 notre produit, nous avons test\u00e9 nos trackers \u00e0 -40 C dans des conditions nordiques difficiles. Certains mod\u00e8les signalent \u00e9galement la temp\u00e9rature avec leurs donn\u00e9es GPS. Pas de couverture cellulaire dans votre r\u00e9gion ? Nous avons des solutions LoRa pour r\u00e9soudre votre probl\u00e8me.<\/p>\n<p>Contactez-nous pour des devis commerciaux ou gouvernementaux importants, nous avons d\u00e9ploy\u00e9 notre solution prim\u00e9e pour l&#8217;ensemble des municipalit\u00e9s rurales et des comt\u00e9s. Nous pouvons \u00e9galement lier notre solution aux forces de l&#8217;ordre locales afin que vos contribuables puissent b\u00e9n\u00e9ficier d&#8217;une r\u00e9duction de la criminalit\u00e9 et d&#8217;une tranquillit\u00e9 d&#8217;esprit en dormant la nuit, sachant que vos actifs sont prot\u00e9g\u00e9s.<\/p>\n<p>&nbsp;<\/p>\n<p>[\/et_pb_text][\/et_pb_column][\/et_pb_row][et_pb_row _builder_version=&#8221;3.25.4&#8243; module_alignment=&#8221;center&#8221; custom_margin=&#8221;|379px||auto||&#8221; custom_padding=&#8221;|||2px||&#8221;][et_pb_column type=&#8221;4_4&#8243; _builder_version=&#8221;3.25&#8243; custom_padding=&#8221;|||&#8221; custom_padding__hover=&#8221;|||&#8221;][et_pb_gallery gallery_ids=%22254037,251359,251391%22 posts_number=%223%22 show_title_and_caption=%22off%22 show_pagination=%22off%22 zoom_icon_color=%22#e09900%22 hover_overlay_color=%22rgba(224,153,0,0.19)%22 _builder_version=%224.0.11%22 custom_css_gallery_item=%22width: 33.33% !important;||margin: 0 !important;||clear: none !important;%22 border_width_all_image=%221px%22 border_color_all_image=%22#e09900%22 box_shadow_style_image=%22preset1%22][\/et_pb_gallery][\/et_pb_column][\/et_pb_row][\/et_pb_section][et_pb_section fb_built=&#8221;1&#8243; _builder_version=&#8221;4.0.11&#8243; background_color=&#8221;#e09900&#8243; global_module=&#8221;293020&#8243; saved_tabs=&#8221;all&#8221; locked=&#8221;off&#8221;][et_pb_row column_structure=&#8221;3_5,2_5&#8243; custom_padding_last_edited=&#8221;on|desktop&#8221; admin_label=&#8221;Ligne&#8221; _builder_version=&#8221;4.0.11&#8243; background_color=&#8221;#e09900&#8243; width=&#8221;100%&#8221; max_width=&#8221;1170px&#8221; custom_padding=&#8221;20px|4.7%|20px|4.7%|false|false&#8221; custom_padding_tablet=&#8221;10px|40px|10px|40px|false|false&#8221; custom_padding_phone=&#8221;&#8221; use_custom_width=&#8221;on&#8221; custom_width_px=&#8221;1170px&#8221;][et_pb_column type=&#8221;3_5&#8243; _builder_version=&#8221;3.25&#8243; custom_padding=&#8221;11px|||14px&#8221; custom_padding__hover=&#8221;|||&#8221;][et_pb_text admin_label=&#8221;Prowl Footer &#8211; Freddie &#8211; Text&#8221; _builder_version=&#8221;4.9.4&#8243; text_font=&#8221;Raleway|600|||||||&#8221; text_text_color=&#8221;#000000&#8243; text_font_size=&#8221;45px&#8221; text_letter_spacing=&#8221;1px&#8221; header_font=&#8221;||||||||&#8221; header_4_font=&#8221;Raleway|600|||||||&#8221; header_4_text_color=&#8221;#000000&#8243; header_4_font_size=&#8221;45px&#8221; text_orientation=&#8221;center&#8221; text_font_size_tablet=&#8221;45px&#8221; text_font_size_phone=&#8221;25px&#8221; text_font_size_last_edited=&#8221;on|phone&#8221; header_4_font_size_tablet=&#8221;&#8221; header_4_font_size_phone=&#8221;40px&#8221; header_4_font_size_last_edited=&#8221;on|phone&#8221; z_index_tablet=&#8221;500&#8243; text_text_align=&#8221;center&#8221;]<\/p>\n<h4>Etre sur. BeeSecure.<\/h4>\n<p>[\/et_pb_text][\/et_pb_column][et_pb_column type=&#8221;2_5&#8243; _builder_version=&#8221;3.25&#8243; custom_padding=&#8221;|||&#8221; custom_padding__hover=&#8221;|||&#8221;][et_pb_button button_url=&#8221;http:\/\/beesecure.ca\/support\/&#8221; button_text=&#8221;Appelez : (306) 986-8888&#8243; button_alignment=&#8221;left&#8221; button_alignment_tablet=&#8221;center&#8221; button_alignment_phone=&#8221;center&#8221; button_alignment_last_edited=&#8221;on|phone&#8221; _builder_version=&#8221;4.9.4&#8243; custom_button=&#8221;on&#8221; button_text_size=&#8221;23px&#8221; button_text_color=&#8221;#ffffff&#8221; button_bg_color=&#8221;#000000&#8243; button_border_width=&#8221;3px&#8221; button_border_color=&#8221;#000000&#8243; button_font=&#8221;Raleway|600|||||||&#8221; button_icon=&#8221;%%20%%&#8221; button_icon_color=&#8221;#ffffff&#8221; button_on_hover=&#8221;off&#8221; custom_margin=&#8221;5px||||false|false&#8221; animation_direction=&#8221;top&#8221; button_text_size_tablet=&#8221;&#8221; button_text_size_phone=&#8221;18px&#8221; button_text_size_last_edited=&#8221;on|phone&#8221; button_bg_color_last_edited=&#8221;off|desktop&#8221; button_bg_color__hover_enabled=&#8221;on|hover&#8221; button_bg_color__hover=&#8221;#ffffff&#8221; button_text_color__hover_enabled=&#8221;on|hover&#8221; button_text_color__hover=&#8221;#000000&#8243; button_border_color__hover_enabled=&#8221;on|hover&#8221; button_border_color__hover=&#8221;#ffffff&#8221; button_border_width__hover_enabled=&#8221;on&#8221; button_border_width__hover=&#8221;3px&#8221; button_bg_enable_color__hover=&#8221;on&#8221; button_icon_color__hover_enabled=&#8221;on|hover&#8221; button_icon_color__hover=&#8221;#000000&#8243;][\/et_pb_button][\/et_pb_column][\/et_pb_row][\/et_pb_section]<\/p>\n","protected":false},"excerpt":{"rendered":"<p>\u00c9quipementSuivi GPS pour \u00e9quipement professionnel ou personnel Sports motoris\u00e9s | \u00c9quipement d&#8217;entreprise | Remorques | CargaisonNos traceurs GPS peuvent facilement \u00eatre cach\u00e9s sur n&#8217;importe quel v\u00e9hicule r\u00e9cr\u00e9atif, sans aucune installation compliqu\u00e9e ou source d&#8217;alimentation requise. Parfait pour suivre l&#8217;\u00e9quipement d&#8217;entreprise, les actifs de chantier, les outils co\u00fbteux comme les g\u00e9n\u00e9ratrices, les VTT, les motoneiges, les [&hellip;]<\/p>\n","protected":false},"author":1,"featured_media":0,"parent":306029,"menu_order":0,"comment_status":"closed","ping_status":"closed","template":"","meta":{"_seopress_robots_primary_cat":"","_seopress_titles_title":"","_seopress_titles_desc":"","_seopress_robots_index":"","_et_pb_use_builder":"on","_et_pb_old_content":"","_et_gb_content_width":"","footnotes":""},"class_list":["post-305886","page","type-page","status-publish","hentry"],"jetpack_sharing_enabled":true,"_links":{"self":[{"href":"https:\/\/beesecure.ca\/fr\/wp-json\/wp\/v2\/pages\/305886","targetHints":{"allow":["GET"]}}],"collection":[{"href":"https:\/\/beesecure.ca\/fr\/wp-json\/wp\/v2\/pages"}],"about":[{"href":"https:\/\/beesecure.ca\/fr\/wp-json\/wp\/v2\/types\/page"}],"author":[{"embeddable":true,"href":"https:\/\/beesecure.ca\/fr\/wp-json\/wp\/v2\/users\/1"}],"replies":[{"embeddable":true,"href":"https:\/\/beesecure.ca\/fr\/wp-json\/wp\/v2\/comments?post=305886"}],"version-history":[{"count":0,"href":"https:\/\/beesecure.ca\/fr\/wp-json\/wp\/v2\/pages\/305886\/revisions"}],"up":[{"embeddable":true,"href":"https:\/\/beesecure.ca\/fr\/wp-json\/wp\/v2\/pages\/306029"}],"wp:attachment":[{"href":"https:\/\/beesecure.ca\/fr\/wp-json\/wp\/v2\/media?parent=305886"}],"curies":[{"name":"wp","href":"https:\/\/api.w.org\/{rel}","templated":true}]}}